{"id":234,"date":"2025-04-23T09:24:27","date_gmt":"2025-04-23T09:24:27","guid":{"rendered":"https:\/\/eu.goodseed.com\/?post_type=product&#038;p=234"},"modified":"2025-07-11T07:03:09","modified_gmt":"2025-07-11T07:03:09","slug":"term-for-small-groups-facilitators-package","status":"publish","type":"product","link":"https:\/\/eu.goodseed.com\/ro\/product\/term-for-small-groups-facilitators-package\/","title":{"rendered":"TERM f\u00fcr Kleingruppen &#8211; Paket f\u00fcr Moderatoren"},"content":{"rendered":"<p>La trousse d&#8217;animation TERM pour petits groupes contient tous les \u00e9l\u00e9ments dont vous avez besoin pour animer une \u00e9tude de groupe significative de la Bible dans le cadre de la croissance personnelle, de l&#8217;\u00e9vang\u00e9lisation et de la formation de disciples.<\/p>\n<p>Comprend l&#8217;\u00e9tendue et la s\u00e9quence du programme d&#8217;\u00e9tudes.<br \/>\n12 segments vid\u00e9o sur cl\u00e9 USB<br \/>\nId\u00e9al pour l&#8217;\u00e9cole du dimanche<\/p>\n<p>Si vous pr\u00e9f\u00e9rez commander uniquement la cl\u00e9 USB, \u00e0 partir de laquelle vous pouvez imprimer le contenu de ce classeur, consultez <a href=\"https:\/\/ca.goodseed.com\/term-for-small-groups-facilitators-package-on-usb\/\">ca.goodseed.com\/term-for-small-groups-facilitators-package-on-usb.<\/a><\/p>\n<p>&nbsp;<\/p>","protected":false},"excerpt":{"rendered":"<p>La trousse d&#8217;animation TERM pour petits groupes contient tous les \u00e9l\u00e9ments dont vous avez besoin pour animer une \u00e9tude de groupe significative de la Bible dans le cadre de la croissance personnelle, de l&#8217;\u00e9vang\u00e9lisation et de la formation de disciples. Comprend l&#8217;\u00e9tendue et la s\u00e9quence du programme d&#8217;\u00e9tudes. 12 segments vid\u00e9o sur cl\u00e9 USB Id\u00e9al [&hellip;]<\/p>\n","protected":false},"featured_media":305,"comment_status":"closed","ping_status":"closed","template":"","meta":{"_acf_changed":false,"_glsr_average":0,"_glsr_ranking":0,"_glsr_reviews":0},"product_brand":[],"product_cat":[17],"product_tag":[],"giftcard-category":[],"class_list":{"0":"post-234","1":"product","2":"type-product","3":"status-publish","4":"has-post-thumbnail","6":"product_cat-new-release","8":"first","9":"instock","10":"taxable","11":"shipping-taxable","12":"purchasable","13":"product-type-simple"},"acf":[],"_links":{"self":[{"href":"https:\/\/eu.goodseed.com\/ro\/wp-json\/wp\/v2\/product\/234","targetHints":{"allow":["GET"]}}],"collection":[{"href":"https:\/\/eu.goodseed.com\/ro\/wp-json\/wp\/v2\/product"}],"about":[{"href":"https:\/\/eu.goodseed.com\/ro\/wp-json\/wp\/v2\/types\/product"}],"replies":[{"embeddable":true,"href":"https:\/\/eu.goodseed.com\/ro\/wp-json\/wp\/v2\/comments?post=234"}],"wp:featuredmedia":[{"embeddable":true,"href":"https:\/\/eu.goodseed.com\/ro\/wp-json\/wp\/v2\/media\/305"}],"wp:attachment":[{"href":"https:\/\/eu.goodseed.com\/ro\/wp-json\/wp\/v2\/media?parent=234"}],"wp:term":[{"taxonomy":"product_brand","embeddable":true,"href":"https:\/\/eu.goodseed.com\/ro\/wp-json\/wp\/v2\/product_brand?post=234"},{"taxonomy":"product_cat","embeddable":true,"href":"https:\/\/eu.goodseed.com\/ro\/wp-json\/wp\/v2\/product_cat?post=234"},{"taxonomy":"product_tag","embeddable":true,"href":"https:\/\/eu.goodseed.com\/ro\/wp-json\/wp\/v2\/product_tag?post=234"},{"taxonomy":"giftcard-category","embeddable":true,"href":"https:\/\/eu.goodseed.com\/ro\/wp-json\/wp\/v2\/giftcard-category?post=234"}],"curies":[{"name":"wp","href":"https:\/\/api.w.org\/{rel}","templated":true}]}}