{"id":2027,"date":"2025-07-30T16:13:06","date_gmt":"2025-07-30T16:13:06","guid":{"rendered":"https:\/\/eu.goodseed.com\/?page_id=2027"},"modified":"2025-07-30T16:50:08","modified_gmt":"2025-07-30T16:50:08","slug":"kontakt","status":"publish","type":"page","link":"https:\/\/eu.goodseed.com\/ro\/kontakt\/","title":{"rendered":"Contacta\u021bi-ne"},"content":{"rendered":"<div data-elementor-type=\"wp-page\" data-elementor-id=\"2027\" class=\"elementor elementor-2027\" data-elementor-post-type=\"page\">\n\t\t\t\t<div class=\"elementor-element elementor-element-f9cf42b e-con-full e-flex e-con e-parent\" data-id=\"f9cf42b\" data-element_type=\"container\" data-e-type=\"container\" data-settings=\"{&quot;background_background&quot;:&quot;classic&quot;}\">\n\t\t\t\t<\/div>\n\t\t<div class=\"elementor-element elementor-element-678e75e e-flex e-con-boxed e-con e-parent\" data-id=\"678e75e\" data-element_type=\"container\" data-e-type=\"container\">\n\t\t\t\t\t<div class=\"e-con-inner\">\n\t\t\t\t<div class=\"elementor-element elementor-element-926d42c elementor-widget elementor-widget-heading\" data-id=\"926d42c\" data-element_type=\"widget\" data-e-type=\"widget\" data-widget_type=\"heading.default\">\n\t\t\t\t\t<h2 class=\"elementor-heading-title elementor-size-default\">Contacta\u021bi-ne<\/h2>\t\t\t\t<\/div>\n\t\t\t\t\t<\/div>\n\t\t\t\t<\/div>\n\t\t<div class=\"elementor-element elementor-element-9bc08cb e-flex e-con-boxed e-con e-parent\" data-id=\"9bc08cb\" data-element_type=\"container\" data-e-type=\"container\">\n\t\t\t\t\t<div class=\"e-con-inner\">\n\t\t\t\t<div class=\"elementor-element elementor-element-e1fc617 elementor-widget elementor-widget-text-editor\" data-id=\"e1fc617\" data-element_type=\"widget\" data-e-type=\"widget\" data-widget_type=\"text-editor.default\">\n\t\t\t\t\t\t\t\t\t<p style=\"text-align: center;\">Dori\u021bi s\u0103 lua\u021bi leg\u0103tura cu noi? Am fi \u00eenc\u00e2nta\u021bi s\u0103 primim ve\u0219ti de la dumneavoastr\u0103.<\/p>\t\t\t\t\t\t\t\t<\/div>\n\t\t\t\t\t<\/div>\n\t\t\t\t<\/div>\n\t\t<div class=\"elementor-element elementor-element-a539f2d e-flex e-con-boxed e-con e-parent\" data-id=\"a539f2d\" data-element_type=\"container\" data-e-type=\"container\">\n\t\t\t\t\t<div class=\"e-con-inner\">\n\t\t<div class=\"elementor-element elementor-element-f4dd9d5 e-con-full e-flex e-con e-child\" data-id=\"f4dd9d5\" data-element_type=\"container\" data-e-type=\"container\">\n\t\t\t\t<div class=\"elementor-element elementor-element-6405003 elementor-widget elementor-widget-text-editor\" data-id=\"6405003\" data-element_type=\"widget\" data-e-type=\"widget\" data-widget_type=\"text-editor.default\">\n\t\t\t\t\t\t\t\t\t<p style=\"text-align: right;\">Tel:<\/p><p style=\"text-align: right;\">Prin scrisoare:<\/p>\t\t\t\t\t\t\t\t<\/div>\n\t\t\t\t<\/div>\n\t\t<div class=\"elementor-element elementor-element-feb827d e-con-full e-flex e-con e-child\" data-id=\"feb827d\" data-element_type=\"container\" data-e-type=\"container\">\n\t\t\t\t<div class=\"elementor-element elementor-element-da158a6 elementor-widget elementor-widget-text-editor\" data-id=\"da158a6\" data-element_type=\"widget\" data-e-type=\"widget\" data-widget_type=\"text-editor.default\">\n\t\t\t\t\t\t\t\t\t<p>+49 (0) 211 - 429 98 56<\/p><p>CMV Hagedorn, <br \/>Im Huferfeld 10, 40468 <br \/>D\u00fcsseldorf, Germania<\/p>\t\t\t\t\t\t\t\t<\/div>\n\t\t\t\t<\/div>\n\t\t\t\t\t<\/div>\n\t\t\t\t<\/div>\n\t\t<div class=\"elementor-element elementor-element-7b505eb e-flex e-con-boxed e-con e-parent\" data-id=\"7b505eb\" data-element_type=\"container\" data-e-type=\"container\">\n\t\t\t\t\t<div class=\"e-con-inner\">\n\t\t<div class=\"elementor-element elementor-element-9e6c9f0 e-con-full e-flex e-con e-child\" data-id=\"9e6c9f0\" data-element_type=\"container\" data-e-type=\"container\">\n\t\t\t\t<div class=\"elementor-element elementor-element-ced63df elementor-widget elementor-widget-text-editor\" data-id=\"ced63df\" data-element_type=\"widget\" data-e-type=\"widget\" data-widget_type=\"text-editor.default\">\n\t\t\t\t\t\t\t\t\t<p style=\"text-align: right;\">E-mail:<\/p><p style=\"text-align: right;\">Noi vorbim:<\/p>\t\t\t\t\t\t\t\t<\/div>\n\t\t\t\t<\/div>\n\t\t<div class=\"elementor-element elementor-element-8311445 e-con-full e-flex e-con e-child\" data-id=\"8311445\" data-element_type=\"container\" data-e-type=\"container\">\n\t\t\t\t<div class=\"elementor-element elementor-element-bf927a2 elementor-widget elementor-widget-text-editor\" data-id=\"bf927a2\" data-element_type=\"widget\" data-e-type=\"widget\" data-widget_type=\"text-editor.default\">\n\t\t\t\t\t\t\t\t\t<p>info.eu@goodseed.com<\/p><p class=\"Contact-Info--P\">German\u0103 \u0219i englez\u0103<\/p>\t\t\t\t\t\t\t\t<\/div>\n\t\t\t\t<\/div>\n\t\t\t\t\t<\/div>\n\t\t\t\t<\/div>\n\t\t<div class=\"elementor-element elementor-element-5a82048 e-flex e-con-boxed e-con e-parent\" data-id=\"5a82048\" data-element_type=\"container\" data-e-type=\"container\">\n\t\t\t\t\t<div class=\"e-con-inner\">\n\t\t\t\t<div class=\"elementor-element elementor-element-d08a924 elementor-widget elementor-widget-heading\" data-id=\"d08a924\" data-element_type=\"widget\" data-e-type=\"widget\" data-widget_type=\"heading.default\">\n\t\t\t\t\t<h2 class=\"elementor-heading-title elementor-size-default\">Mai multe birouri ale GoodSeed<\/h2>\t\t\t\t<\/div>\n\t\t\t\t\t<\/div>\n\t\t\t\t<\/div>\n\t\t<div class=\"elementor-element elementor-element-f6fc18a e-flex e-con-boxed e-con e-parent\" data-id=\"f6fc18a\" data-element_type=\"container\" data-e-type=\"container\">\n\t\t\t\t\t<div class=\"e-con-inner\">\n\t\t\t\t<div class=\"elementor-element elementor-element-198f147 elementor-widget elementor-widget-text-editor\" data-id=\"198f147\" data-element_type=\"widget\" data-e-type=\"widget\" data-widget_type=\"text-editor.default\">\n\t\t\t\t\t\t\t\t\t<p style=\"text-align: center;\">Dori\u021bi s\u0103 lua\u021bi leg\u0103tura cu noi? Am fi \u00eenc\u00e2nta\u021bi s\u0103 primim ve\u0219ti de la dumneavoastr\u0103.<\/p>\t\t\t\t\t\t\t\t<\/div>\n\t\t\t\t\t<\/div>\n\t\t\t\t<\/div>\n\t\t<div class=\"elementor-element elementor-element-899b9b0 e-flex e-con-boxed e-con e-parent\" data-id=\"899b9b0\" data-element_type=\"container\" data-e-type=\"container\">\n\t\t\t\t\t<div class=\"e-con-inner\">\n\t\t<div class=\"elementor-element elementor-element-ac3be76 e-con-full e-flex e-con e-child\" data-id=\"ac3be76\" data-element_type=\"container\" data-e-type=\"container\">\n\t\t\t\t<\/div>\n\t\t<div class=\"elementor-element elementor-element-a374709 e-con-full e-flex e-con e-child\" data-id=\"a374709\" data-element_type=\"container\" data-e-type=\"container\">\n\t\t\t\t<div class=\"elementor-element elementor-element-7c55afa elementor-widget elementor-widget-text-editor\" data-id=\"7c55afa\" data-element_type=\"widget\" data-e-type=\"widget\" data-widget_type=\"text-editor.default\">\n\t\t\t\t\t\t\t\t\t<h5>GoodSeed Interna\u021bional<\/h5><div id=\"u45227-18\" class=\"Contact-Info--P clearfix grpelem\" data-muse-uid=\"U45227\" data-muse-type=\"txt_frame\" data-ibe-flags=\"txtStyleSrc\"><p>1 800 442-7333<br \/>403 556-9955<\/p><p>P.O. Box 3704<br \/>Olds, Alberta T4H 1P5<br \/>Canada<\/p><p>info@goodseed.com<\/p><p>Magazin: <a href=\"https:\/\/ca.goodseed.com\">ca.goodseed.com<\/a><\/p><\/div>\t\t\t\t\t\t\t\t<\/div>\n\t\t\t\t<\/div>\n\t\t<div class=\"elementor-element elementor-element-8b7b315 e-con-full e-flex e-con e-child\" data-id=\"8b7b315\" data-element_type=\"container\" data-e-type=\"container\">\n\t\t\t\t<div class=\"elementor-element elementor-element-5602eb9 elementor-widget elementor-widget-text-editor\" data-id=\"5602eb9\" data-element_type=\"widget\" data-e-type=\"widget\" data-widget_type=\"text-editor.default\">\n\t\t\t\t\t\t\t\t\t<h5>GoodSeed Australia<\/h5><div id=\"u45227-18\" class=\"Contact-Info--P clearfix grpelem\" data-muse-uid=\"U45227\" data-muse-type=\"txt_frame\" data-ibe-flags=\"txtStyleSrc\"><p>PO Box 642, Smithfield, <br \/>QLD 4878, Australia<\/p><p>info.au@goodseed.com<\/p><p>Magazin: <a href=\"https:\/\/au.goodseed.com\">au.goodseed.com<\/a><\/p><\/div>\t\t\t\t\t\t\t\t<\/div>\n\t\t\t\t<\/div>\n\t\t<div class=\"elementor-element elementor-element-b5d0fa3 e-con-full e-flex e-con e-child\" data-id=\"b5d0fa3\" data-element_type=\"container\" data-e-type=\"container\">\n\t\t\t\t<\/div>\n\t\t\t\t\t<\/div>\n\t\t\t\t<\/div>\n\t\t\t\t<\/div>","protected":false},"excerpt":{"rendered":"<p>Kontakt M\u00f6chten Sie mit uns Kontakt aufnehmen? Wir w\u00fcrden uns freuen von Ihnen zu h\u00f6ren. Tel: Per Brief: +49 (0) 211 &#8211; 429 98 56 CMV Hagedorn, Im Huferfeld 10, 40468 D\u00fcsseldorf, Deutschland E-mail: Wir Sprechen: info.eu@goodseed.com Deutsch und Englisch Weitere b\u00fcros von GoodSeed M\u00f6chten Sie mit uns Kontakt aufnehmen? Wir w\u00fcrden uns freuen von [&hellip;]<\/p>\n","protected":false},"author":3,"featured_media":0,"parent":0,"menu_order":0,"comment_status":"closed","ping_status":"closed","template":"","meta":{"_acf_changed":false,"_glsr_average":0,"_glsr_ranking":0,"_glsr_reviews":0,"footnotes":""},"class_list":["post-2027","page","type-page","status-publish","hentry"],"acf":[],"_links":{"self":[{"href":"https:\/\/eu.goodseed.com\/ro\/wp-json\/wp\/v2\/pages\/2027","targetHints":{"allow":["GET"]}}],"collection":[{"href":"https:\/\/eu.goodseed.com\/ro\/wp-json\/wp\/v2\/pages"}],"about":[{"href":"https:\/\/eu.goodseed.com\/ro\/wp-json\/wp\/v2\/types\/page"}],"author":[{"embeddable":true,"href":"https:\/\/eu.goodseed.com\/ro\/wp-json\/wp\/v2\/users\/3"}],"replies":[{"embeddable":true,"href":"https:\/\/eu.goodseed.com\/ro\/wp-json\/wp\/v2\/comments?post=2027"}],"version-history":[{"count":18,"href":"https:\/\/eu.goodseed.com\/ro\/wp-json\/wp\/v2\/pages\/2027\/revisions"}],"predecessor-version":[{"id":2051,"href":"https:\/\/eu.goodseed.com\/ro\/wp-json\/wp\/v2\/pages\/2027\/revisions\/2051"}],"wp:attachment":[{"href":"https:\/\/eu.goodseed.com\/ro\/wp-json\/wp\/v2\/media?parent=2027"}],"curies":[{"name":"wp","href":"https:\/\/api.w.org\/{rel}","templated":true}]}}