{"id":1928,"date":"2025-07-18T15:26:56","date_gmt":"2025-07-18T15:26:56","guid":{"rendered":"https:\/\/eu.goodseed.com\/?page_id=1928"},"modified":"2025-07-18T15:26:56","modified_gmt":"2025-07-18T15:26:56","slug":"widerrufsbelehrung","status":"publish","type":"page","link":"https:\/\/eu.goodseed.com\/ro\/widerrufsbelehrung\/","title":{"rendered":"Politica de anulare"},"content":{"rendered":"<div class=\"entry-content\">\n<p>Consumatorii au dreptul la anulare \u00een conformitate cu urm\u0103toarele dispozi\u021bii, consumatorul fiind orice persoan\u0103 fizic\u0103 care \u00eencheie o tranzac\u021bie juridic\u0103 \u00eentr-un scop care nu poate fi atribuit activit\u0103\u021bii sale comerciale sau profesionale independente:<\/p>\n<p><strong>Dreptul de anulare<\/strong><\/p>\n<p>Pute\u021bi anula declara\u021bia dvs. contractual\u0103 \u00een termen de 14 zile f\u0103r\u0103 a oferi motive \u00een scris (de exemplu, scrisoare, fax, e-mail) sau - dac\u0103 bunurile v\u0103 sunt livrate \u00eenainte de termenul limit\u0103 - prin returnarea bunurilor. Termenul \u00eencepe dup\u0103 primirea acestei instruc\u021biuni sub form\u0103 de text, dar nu \u00eenainte de primirea bunurilor de c\u0103tre destinatar (\u00een cazul livr\u0103rilor recurente de bunuri similare, nu \u00eenainte de primirea primei livr\u0103ri par\u021biale) \u0219i, de asemenea, nu \u00eenainte de \u00eendeplinirea obliga\u021biilor noastre de informare \u00een conformitate cu articolul 246 \u00a7 2 coroborat cu \u00a7 1 alin. 1 \u0219i 2 EGBGB \u0219i a obliga\u021biilor noastre \u00een conformitate cu \u00a7 312g alin. 1 teza 1 BGB coroborat cu articolul 246 \u00a7 3 EGBGB. Expedierea la timp a anul\u0103rii sau a bunurilor este suficient\u0103 pentru respectarea termenului de anulare. Anularea trebuie s\u0103 fie trimis\u0103 la:<\/p>\n<p>Georg Hagedorn<br \/>\nIm Huferfeld 10<br \/>\n40468 D\u00fcsseldorf<br \/>\nGermania<br \/>\nTelefon: +49 (0) 5261-971 57 48<br \/>\nFax: +49 (0) 211-429 98 53<br \/>\nE-mail: bestellung@cmv-duesseldorf.de<\/p>\n<p><strong>Consecin\u021bele anul\u0103rii<\/strong><\/p>\n<p>\u00cen cazul unei anul\u0103ri efective, serviciile primite de ambele p\u0103r\u021bi trebuie returnate \u0219i orice beneficii derivate (de exemplu, dob\u00e2nzi) trebuie restituite. \u00cen cazul \u00een care nu pute\u021bi s\u0103 ne returna\u021bi sau s\u0103 ne preda\u021bi bunurile sau serviciile primite, precum \u0219i beneficiile (de exemplu, beneficiile de utilizare) sau \u00een cazul \u00een care nu le pute\u021bi returna sau preda par\u021bial sau doar \u00een stare deteriorat\u0103, trebuie s\u0103 ne desp\u0103gubi\u021bi pentru valoarea acestora. Trebuie s\u0103 pl\u0103ti\u021bi desp\u0103gubiri pentru deteriorarea articolului \u0219i pentru utilizarea articolului numai dac\u0103 utilizarea sau deteriorarea se datoreaz\u0103 manipul\u0103rii articolului care dep\u0103\u0219e\u0219te verificarea propriet\u0103\u021bilor \u0219i func\u021bionalit\u0103\u021bii. Testarea propriet\u0103\u021bilor \u0219i func\u021bionalit\u0103\u021bii\" \u00eenseamn\u0103 testarea \u0219i \u00eencercarea bunurilor respective, a\u0219a cum este posibil \u0219i obi\u0219nuit \u00eentr-un magazin de v\u00e2nzare cu am\u0103nuntul, de exemplu. Bunurile care pot fi trimise prin colet po\u0219tal trebuie returnate pe riscul nostru. Trebuie s\u0103 suporta\u021bi costurile obi\u0219nuite de returnare a bunurilor dac\u0103 bunurile livrate corespund celor comandate \u0219i dac\u0103 pre\u021bul bunurilor care urmeaz\u0103 s\u0103 fie returnate nu dep\u0103\u0219e\u0219te 40 de euro sau, dac\u0103 pre\u021bul bunurilor este mai mare, dac\u0103 nu a\u021bi pl\u0103tit \u00eenc\u0103 contravaloarea sau o tran\u0219\u0103 convenit\u0103 contractual la momentul anul\u0103rii. \u00cen caz contrar, expedierea returului este gratuit\u0103 pentru dumneavoastr\u0103. Articolele care nu pot fi trimise prin colet po\u0219tal vor fi ridicate de la dumneavoastr\u0103. Obliga\u021biile de rambursare a pl\u0103\u021bilor trebuie \u00eendeplinite \u00een termen de 30 de zile. Perioada \u00eencepe pentru dvs. odat\u0103 cu expedierea anul\u0103rii sau a bunurilor, iar pentru noi odat\u0103 cu primirea acestora.<\/p>\n<p><strong>Sf\u00e2r\u0219itul politicii de anulare<\/strong><\/p>\n<p>Dreptul de anulare nu se aplic\u0103 contractelor de v\u00e2nzare la distan\u021b\u0103<\/p>\n<ul class=\"wp-block-list\">\n<li>pentru livrarea de bunuri care sunt fabricate \u00een conformitate cu specifica\u021biile clientului sau care sunt clar personalizate \u00een func\u021bie de cerin\u021bele personale sau care nu pot fi returnate din cauza naturii lor sau care se pot deteriora rapid sau a c\u0103ror dat\u0103 de expirare ar fi dep\u0103\u0219it\u0103,<\/li>\n<li>pentru livrarea de \u00eenregistr\u0103ri audio sau video sau de software, cu condi\u021bia ca sigiliul de pe suporturile de date livrate s\u0103 fi fost rupt de c\u0103tre consumator,<\/li>\n<li>pentru livrarea de ziare, reviste \u0219i periodice, cu excep\u021bia cazului \u00een care a\u021bi f\u0103cut declara\u021bia contractual\u0103 prin telefon.<\/li>\n<\/ul>\n<\/div>","protected":false},"excerpt":{"rendered":"<p>Verbrauchern steht ein Widerrufsrecht nach folgender Ma\u00dfgabe zu, wobei Verbraucher jede nat\u00fcrliche Person ist, die ein Rechtsgesch\u00e4ft zu einem Zwecke abschlie\u00dft, der weder ihrer gewerblichen noch ihrer selbst\u00e4ndigen beruflichen T\u00e4tigkeit zugerechnet werden kann: Widerrufsrecht Sie k\u00f6nnen Ihre Vertragserkl\u00e4rung innerhalb von 14 Tagen ohne Angabe von Gr\u00fcnden in Textform (z. B. Brief, Fax, E-Mail) oder \u2013 [&hellip;]<\/p>\n","protected":false},"author":3,"featured_media":0,"parent":0,"menu_order":0,"comment_status":"closed","ping_status":"closed","template":"","meta":{"_acf_changed":false,"_glsr_average":0,"_glsr_ranking":0,"_glsr_reviews":0,"footnotes":""},"class_list":["post-1928","page","type-page","status-publish","hentry"],"acf":[],"_links":{"self":[{"href":"https:\/\/eu.goodseed.com\/ro\/wp-json\/wp\/v2\/pages\/1928","targetHints":{"allow":["GET"]}}],"collection":[{"href":"https:\/\/eu.goodseed.com\/ro\/wp-json\/wp\/v2\/pages"}],"about":[{"href":"https:\/\/eu.goodseed.com\/ro\/wp-json\/wp\/v2\/types\/page"}],"author":[{"embeddable":true,"href":"https:\/\/eu.goodseed.com\/ro\/wp-json\/wp\/v2\/users\/3"}],"replies":[{"embeddable":true,"href":"https:\/\/eu.goodseed.com\/ro\/wp-json\/wp\/v2\/comments?post=1928"}],"version-history":[{"count":1,"href":"https:\/\/eu.goodseed.com\/ro\/wp-json\/wp\/v2\/pages\/1928\/revisions"}],"predecessor-version":[{"id":1929,"href":"https:\/\/eu.goodseed.com\/ro\/wp-json\/wp\/v2\/pages\/1928\/revisions\/1929"}],"wp:attachment":[{"href":"https:\/\/eu.goodseed.com\/ro\/wp-json\/wp\/v2\/media?parent=1928"}],"curies":[{"name":"wp","href":"https:\/\/api.w.org\/{rel}","templated":true}]}}