{"id":1679,"date":"2025-06-11T20:38:57","date_gmt":"2025-06-11T20:38:57","guid":{"rendered":"https:\/\/eu.goodseed.com\/?page_id=1679"},"modified":"2025-08-07T20:56:24","modified_gmt":"2025-08-07T20:56:24","slug":"impressum","status":"publish","type":"page","link":"https:\/\/eu.goodseed.com\/ro\/impressum\/","title":{"rendered":"Imprint"},"content":{"rendered":"<div class=\"entry-content\">\n<p><b>CMV Hagedorn<\/b><br \/>\nreprezentat\u0103 de Georg Hagedorn<br \/>\nIm Huferfeld 10<br \/>\n40468 D\u00fcsseldorf<br \/>\nTelefon: +49 (0) 211-429 98 56<\/p>\n<p><strong>E-Mail:<\/strong> info@cmv-duesseldorf.de<\/p>\n<p><strong>Director general:<\/strong> Georg Hagedorn<\/p>\n<p>Num\u0103rul de identificare a taxei pe valoarea ad\u0103ugat\u0103: DE335506353<\/p>\n<p><strong>Detalii bancare:<\/strong><\/p>\n<p>Georg Hagedorn<br \/>\nIBAN: DE60 3005 0110 0038 0161 50<br \/>\nBIC: DUSSDEDDXXX<\/p>\n<h3>Serviciul clien\u021bi<\/h3>\n<p>Scrie\u021bi-ne la adresa: info@cmv-duesseldorf.de<br \/>\nTelefon: +49 (0) 211-429 98 56 (zile lucr\u0103toare luni-vineri: 9:00 - 17:00)<\/p>\n<h3>Serviciul de comand\u0103<\/h3>\n<p>Pentru comanda dumneavoastr\u0103 scris\u0103: bestellung@cmv-duesseldorf.de<br \/>\nTelefon: +49 (0) 211-429 98 56<\/p>\n<div class=\"woocommerce woocommerce-gzd woocommerce-gzd-complaints-shortcode\">\n<h3>Solu\u021bionarea alternativ\u0103 a litigiilor \u00een conformitate cu articolul 14 alineatul (1) din ODR-VO \u0219i articolul 36 din VSBG:<\/h3>\n<p>Comisia European\u0103 pune la dispozi\u021bie o platform\u0103 pentru solu\u021bionarea online a litigiilor (OS), pe care o pute\u021bi accesa la adresa <a href=\"https:\/\/ec.europa.eu\/consumers\/odr\" target=\"_blank\" rel=\"noopener\">https:\/\/ec.europa.eu\/consumers\/odr<\/a> g\u0103si\u021bi. Nu suntem obliga\u021bi sau dispu\u0219i s\u0103 particip\u0103m la proceduri de solu\u021bionare a litigiilor \u00een fa\u021ba unei comisii de arbitraj a consumatorilor.<\/p>\n<\/div>\n<h3>Diverse<\/h3>\n<p><b>Notificarea legal\u0103 se aplic\u0103 \u0219i urm\u0103toarelor profiluri de social media<\/b><\/p>\n<ul>\n<li>Facebook<\/li>\n<li>Instagram<\/li>\n<li>YouTube<\/li>\n<\/ul>\n<p><b>Drepturi de autor:<\/b> GoodSeed International. Toate drepturile rezervate.<br \/>\nRetip\u0103rirea, includerea \u00een servicii online \u0219i pe internet \u0219i reproducerea pe suporturi de date sunt permise numai cu acordul prealabil scris al editorului. GoodSeed nu este r\u0103spunz\u0103toare pentru manuscrisele \u0219i fotografiile nesolicitate.<\/p>\n<p>&nbsp;<\/p>\n<\/div>","protected":false},"excerpt":{"rendered":"<p>CMV Hagedorn vertreten durch Georg Hagedorn Im Huferfeld 10 40468 D\u00fcsseldorf Telefon: +49 (0) 211-429 98 56 E-Mail: info@cmv-duesseldorf.de Gesch\u00e4ftsf\u00fchrer: Georg Hagedorn Umsatzsteuer ID-Nummer: DE335506353 Bankverbindung: Georg Hagedorn IBAN: DE60 3005 0110 0038 0161 50 BIC: DUSSDEDDXXX Kundenservice Schreiben Sie uns: info@cmv-duesseldorf.de Telefon: +49 (0) 211-429 98 56 (Werktags Mo-Fr: 9:00 \u2013 17:00 Uhr) Bestellservice [&hellip;]<\/p>\n","protected":false},"author":3,"featured_media":0,"parent":0,"menu_order":0,"comment_status":"closed","ping_status":"closed","template":"","meta":{"_acf_changed":false,"_glsr_average":0,"_glsr_ranking":0,"_glsr_reviews":0,"footnotes":""},"class_list":["post-1679","page","type-page","status-publish","hentry"],"acf":[],"_links":{"self":[{"href":"https:\/\/eu.goodseed.com\/ro\/wp-json\/wp\/v2\/pages\/1679","targetHints":{"allow":["GET"]}}],"collection":[{"href":"https:\/\/eu.goodseed.com\/ro\/wp-json\/wp\/v2\/pages"}],"about":[{"href":"https:\/\/eu.goodseed.com\/ro\/wp-json\/wp\/v2\/types\/page"}],"author":[{"embeddable":true,"href":"https:\/\/eu.goodseed.com\/ro\/wp-json\/wp\/v2\/users\/3"}],"replies":[{"embeddable":true,"href":"https:\/\/eu.goodseed.com\/ro\/wp-json\/wp\/v2\/comments?post=1679"}],"version-history":[{"count":3,"href":"https:\/\/eu.goodseed.com\/ro\/wp-json\/wp\/v2\/pages\/1679\/revisions"}],"predecessor-version":[{"id":2067,"href":"https:\/\/eu.goodseed.com\/ro\/wp-json\/wp\/v2\/pages\/1679\/revisions\/2067"}],"wp:attachment":[{"href":"https:\/\/eu.goodseed.com\/ro\/wp-json\/wp\/v2\/media?parent=1679"}],"curies":[{"name":"wp","href":"https:\/\/api.w.org\/{rel}","templated":true}]}}