{"id":1646,"date":"2025-06-10T20:59:03","date_gmt":"2025-06-10T20:59:03","guid":{"rendered":"https:\/\/eu.goodseed.com\/?page_id=1646"},"modified":"2025-08-07T20:52:40","modified_gmt":"2025-08-07T20:52:40","slug":"uber-goodseed","status":"publish","type":"page","link":"https:\/\/eu.goodseed.com\/ro\/uber-goodseed\/","title":{"rendered":"Despre Goodseed"},"content":{"rendered":"<p><strong>Ajut\u00e2ndu-i pe oameni s\u0103 \u00een\u021beleag\u0103 Evanghelia. Ajut\u00e2ndu-i pe oameni s\u0103 transmit\u0103 Evanghelia.<\/strong><\/p>\n<p>Slujirea GoodSeed este de a-i echipa pe al\u021bii cu mijloace media utile care explic\u0103 Evanghelia. De asemenea, oferim instruire cu privire la modul de a dezvolta un stil de via\u021b\u0103 pe tot parcursul vie\u021bii ca ambasador al lui Isus Hristos.<\/p>\n<p>GoodSeed ofer\u0103 instrumente pentru evanghelizare, de la Crea\u021bie la Hristos, care \u00eei ajut\u0103 pe oameni s\u0103 \u00een\u021beleag\u0103 mesajul clar al Evangheliei \u0219i le ofer\u0103 mijloacele de a \u00eemp\u0103rt\u0103\u0219i cu \u00eencredere aceast\u0103 veste bun\u0103 cu al\u021bii. Aceste resurse sunt, de asemenea, concepute pentru diferite grupe de v\u00e2rst\u0103 \u0219i viziuni asupra lumii, astfel \u00eenc\u00e2t s\u0103 pute\u021bi \u00een\u021belege mesajul central al Bibliei, indiferent de trecutul dumneavoastr\u0103.<\/p>\n<p>Viziunea noastr\u0103 la GoodSeed este ca fiecare persoan\u0103, indiferent de viziunea asupra lumii sau de v\u00e2rst\u0103, s\u0103 \u00een\u021beleag\u0103 mesajul clar al Evangheliei \u0219i s\u0103 fie capabil\u0103 s\u0103 \u00eemp\u0103rt\u0103\u0219easc\u0103 acest mesaj cu al\u021bii.<\/p>\n<p><a href=\"http:\/\/www.goodseed.com\">GoodSeed Interna\u021bional<\/a> continu\u0103 s\u0103 se concentreze pe crearea de noi resurse, noi traduceri \u0219i pe instruirea altora cum s\u0103 le foloseasc\u0103. \u00cen Europa, resursele GoodSeed sunt distribuite de CMV Hagedorn. Pentru a afla mai multe despre CMV, v\u0103 rug\u0103m s\u0103 vizita\u021bi: <a href=\"https:\/\/cmv-duesseldorf.de\/\">cmv-duesseldorf.de<\/a><\/p>\n<p><strong>Cum a \u00eenceput totul<\/strong><\/p>\n<p>Dou\u0103zeci \u0219i cinci de ani petrecu\u021bi printre popoarele tribale \u00eendep\u0103rtate i-au \u00eenv\u0103\u021bat pe John Cross \u0219i pe colaboratorii s\u0103i c\u0103, atunci c\u00e2nd le explici oamenilor Biblia \u00een mod secven\u021bial, \u00eencep\u00e2nd cu crea\u021bia \u0219i termin\u00e2nd cu Hristos, ei \u00eenva\u021b\u0103 elementele de baz\u0103 necesare pentru a \u00een\u021belege cine este Dumnezeul Creator \u0219i de ce Isus Hristos a trebuit s\u0103 moar\u0103 \u0219i s\u0103 \u00eenvieze. Atunci c\u00e2nd Evanghelia este explicat\u0103 \u00een acest fel, ea are un sens profund. Mul\u021bi au \u00een\u021beles-o \u0219i au crezut.<\/p>\n<p>C\u0103l\u0103torind \u00een jurul lumii, John \u0219i-a dat seama \u00een cele din urm\u0103 c\u0103 mul\u021bi dintre oamenii pe care \u00eei \u00eent\u00e2lnea aveau un lucru \u00een comun cu oamenii tribali. De asemenea, ei nu \u0219tiau nimic despre Dumnezeu \u0219i nu aveau nicio baz\u0103 pentru a \u00een\u021belege cine este Iisus Hristos.<\/p>\n<p id=\"u2270-9\">Din acest motiv, el a scris o carte folosind aceea\u0219i abordare biblic\u0103 care se dovedise deja at\u00e2t de reu\u0219it\u0103 cu popoarele tribale. O carte care putea fi pur \u0219i simplu oferit\u0103 \u00een dar sau folosit\u0103 pentru a explica Evanghelia oamenilor prin intermediul unui curs.<\/p>\n<p id=\"u2270-10\">Dup\u0103 publicarea c\u0103r\u021bii Str\u0103inul pe drumul spre Emaus \u00een 1997 (\u00een limba englez\u0103), au sosit \u00eentreb\u0103ri din \u00eentreaga lume: \"Cartea este disponibil\u0103 \u0219i \u00een german\u0103? Sau \u00een francez\u0103? Exist\u0103 o versiune audiobook?\" GoodSeed a fost \u00eenfiin\u021bat\u0103 \u00een Canada pentru a r\u0103spunde acestor solicit\u0103ri.<\/p>\n<hr \/>\n<p>Noi credem c\u0103 fiecare persoan\u0103 din \u00eentreaga lume ar trebui s\u0103 aib\u0103 acces ne\u00eengr\u0103dit la mesajul central al Bibliei - Evanghelia harului lui Dumnezeu - \u0219i c\u0103 fiecare persoan\u0103 ar trebui s\u0103 fie la fel de liber\u0103 s\u0103 resping\u0103 sau s\u0103 accepte acest mesaj. Prin \"liber\u0103\" \u00een\u021belegem c\u0103 o persoan\u0103 poate examina afirma\u021biile Bibliei \u0219i poate alege s\u0103 aib\u0103 \u00eencredere sau s\u0103 resping\u0103 mesajul acesteia f\u0103r\u0103 s\u0103 se simt\u0103 constr\u00e2ns\u0103 sau f\u0103r\u0103 s\u0103 se team\u0103 pentru via\u021ba sau integritatea sa.<\/p>","protected":false},"excerpt":{"rendered":"<p>Den Menschen helfen, das Evangelium zu verstehen. Den Menschen helfen, das Evangelium weiterzugeben. Der Dienst von GoodSeed besteht darin andere mit hilfreichen Medien zuzur\u00fcsten, welche das Evangelium erk\u00e4ren. Wir bieten ebenfalls Schulungen dar\u00fcber an, wie man sich einen lebenslangen Lebensstiel als Botschafter Jesu Christi aneignen kann. GoodSeed stellt Werkzeuge f\u00fcr die Evangelisation von der Sch\u00f6pfung [&hellip;]<\/p>\n","protected":false},"author":3,"featured_media":0,"parent":0,"menu_order":0,"comment_status":"closed","ping_status":"closed","template":"","meta":{"_acf_changed":false,"_glsr_average":0,"_glsr_ranking":0,"_glsr_reviews":0,"footnotes":""},"class_list":["post-1646","page","type-page","status-publish","hentry"],"acf":[],"_links":{"self":[{"href":"https:\/\/eu.goodseed.com\/ro\/wp-json\/wp\/v2\/pages\/1646","targetHints":{"allow":["GET"]}}],"collection":[{"href":"https:\/\/eu.goodseed.com\/ro\/wp-json\/wp\/v2\/pages"}],"about":[{"href":"https:\/\/eu.goodseed.com\/ro\/wp-json\/wp\/v2\/types\/page"}],"author":[{"embeddable":true,"href":"https:\/\/eu.goodseed.com\/ro\/wp-json\/wp\/v2\/users\/3"}],"replies":[{"embeddable":true,"href":"https:\/\/eu.goodseed.com\/ro\/wp-json\/wp\/v2\/comments?post=1646"}],"version-history":[{"count":8,"href":"https:\/\/eu.goodseed.com\/ro\/wp-json\/wp\/v2\/pages\/1646\/revisions"}],"predecessor-version":[{"id":2065,"href":"https:\/\/eu.goodseed.com\/ro\/wp-json\/wp\/v2\/pages\/1646\/revisions\/2065"}],"wp:attachment":[{"href":"https:\/\/eu.goodseed.com\/ro\/wp-json\/wp\/v2\/media?parent=1646"}],"curies":[{"name":"wp","href":"https:\/\/api.w.org\/{rel}","templated":true}]}}