{"id":982,"date":"2025-05-02T03:03:54","date_gmt":"2025-05-02T03:03:54","guid":{"rendered":"https:\/\/eu.goodseed.com\/?post_type=product&#038;p=982"},"modified":"2025-12-05T01:17:30","modified_gmt":"2025-12-05T01:17:30","slug":"in-ka-hai-how-sweet-it-is-in-ka-hai-how-sweet-it-is-in-ka-hai-how-sweet-it-is","status":"publish","type":"product","link":"https:\/\/eu.goodseed.com\/pl\/product\/in-ka-hai-how-sweet-it-is-in-ka-hai-how-sweet-it-is-in-ka-hai-how-sweet-it-is\/","title":{"rendered":"Inka-hai: Jakie to s\u0142odkie!"},"content":{"rendered":"<p><iframe src=\"https:\/\/www.youtube-nocookie.com\/embed\/0qg1nHKiw0E\" width=\"480\" height=\"360\" frameborder=\"0\"><\/iframe><\/p>\n<p>&nbsp;<\/p>\n<p><a href=\"https:\/\/ca.goodseed.com\/in-ka-hai-how-sweet-it-is-ebook\/\">Dost\u0119pny r\u00f3wnie\u017c w formacie eBook<\/a>.<\/p>\n<p>&nbsp;<\/p>\n<p><em>In-k\u00e1-hai: Jak s\u0142odko jest!<\/em> to prawdziwa historia Pete'a i Leah Humphreys\u00f3w, kt\u00f3rzy przez 17 lat pracowali w suchym regionie Chaco w Paragwaju. Byli oni nauczycielami Biblii dla ludu Manj\u00fai. Plemiona te nie mia\u0142y poj\u0119cia o Biblii i by\u0142y zakorzenione w swoich tradycyjnych wierzeniach.<\/p>\n<p>Chocia\u017c Humphreyowie bardzo chcieli jasno naucza\u0107 Biblii, napotkali problemy. Manj\u00fai nosili chrze\u015bcija\u0144sk\u0105 fasad\u0119, ale pod spodem trzymali si\u0119 swoich animistycznych wierze\u0144. Mieszali ze sob\u0105 dwa systemy wierze\u0144. Co mogli zrobi\u0107 Pete i Leah? To, \u017ce Manj\u00fai w ko\u0144cu zaufali Jezusowi, jest ekscytuj\u0105c\u0105 histori\u0105 s\u0142u\u017cby na pierwszej linii frontu w akcji.<\/p>\n<p>Dowiedz si\u0119, co Humphreyowie zrobili, aby sprosta\u0107 wyzwaniom, a co wa\u017cniejsze, zobacz, jak odnosi si\u0119 to do zwyk\u0142ych wierz\u0105cych na ca\u0142ym \u015bwiecie.<\/p>\n<p><strong><a title=\"Pr\u00f3bki czytania In-ka-hai\" href=\"http:\/\/www.goodseed.com\/pdfs\/samples\/sample-in-ka-hai-english-010047.pdf\" target=\"_blank\" rel=\"noopener\">Czytanie pr\u00f3bek<\/a><\/strong><\/p>\n<p>Liczba stron: 160<br \/>\nISBN: 9781927429150<\/p>\n<p><strong>Zawiera sze\u015bciocz\u0119\u015bciowy przewodnik oparty na lekcjach z historii: <\/strong><\/p>\n<ul>\n<li>Znaczenie wiarygodno\u015bci w dzieleniu si\u0119 ewangeli\u0105<\/li>\n<li>Co nale\u017cy wzi\u0105\u0107 pod uwag\u0119, dziel\u0105c si\u0119 ewangeli\u0105 z osobami niepi\u015bmiennymi biblijnie?<\/li>\n<li>Jak osoba, kt\u00f3ra nie jest utalentowanym komunikatorem, mo\u017ce dzieli\u0107 si\u0119 ewangeli\u0105?<\/li>\n<li>Pytanie o tych, kt\u00f3rzy twierdz\u0105, \u017ce s\u0105 zbawieni, ale tak nie post\u0119puj\u0105<\/li>\n<li>Problem synkretyzmu i sposoby radzenia sobie z nim<\/li>\n<\/ul>\n<div>\n<p><strong>Odpowiedni dla tych grup docelowych:<\/strong><\/p>\n<ul>\n<li>Osobista lektura i refleksja<\/li>\n<li>Ma\u0142e grupy<\/li>\n<li>Szko\u0142y chrze\u015bcija\u0144skie<\/li>\n<li>Szko\u0142y i seminaria biblijne (praca duszpasterska, misja, ewangelizacja)<\/li>\n<li>Szk\u00f3\u0142ka niedzielna<\/li>\n<\/ul>\n<\/div>\n<div>\n<p class=\"p1\">\u201eIn-k\u00e1-hai\u201c jest cz\u0119\u015bci\u0105 serii Ambassador Series. Ambassador Series to program nauczania, kt\u00f3ry wyposa\u017ca wierz\u0105cych w misj\u0119, przes\u0142anie i metody dzielenia si\u0119 dobr\u0105 nowin\u0105 o Jezusie Chrystusie.<\/p>\n<p class=\"p1\"><strong><a title=\"Podgl\u0105d PDF In-k\u00e1-hai\" href=\"http:\/\/www.goodseed.com\/blog\/wp-content\/uploads\/2013\/09\/goodseed-in-ka-hai-preview.pdf\" target=\"_blank\" rel=\"noopener\">Przeczytaj zapowied\u017a In-k\u00e1-hai.<\/a><\/strong><\/p>\n<\/div>\n<p><iframe src=\"https:\/\/www.youtube-nocookie.com\/embed\/0qg1nHKiw0E\" width=\"480\" height=\"360\" frameborder=\"0\"><\/iframe><\/p>\n<p>&nbsp;<\/p>\n<p><a href=\"https:\/\/ca.goodseed.com\/in-ka-hai-how-sweet-it-is-ebook\/\">Dost\u0119pny r\u00f3wnie\u017c w formacie eBook<\/a>.<\/p>\n<p>&nbsp;<\/p>\n<p><em>In-k\u00e1-hai: Jak s\u0142odko jest!<\/em> to prawdziwa historia Pete'a i Leah Humphreys\u00f3w, kt\u00f3rzy przez 17 lat pracowali w suchym regionie Chaco w Paragwaju. Byli oni nauczycielami Biblii dla ludu Manj\u00fai. Plemiona te nie mia\u0142y poj\u0119cia o Biblii i by\u0142y zakorzenione w swoich tradycyjnych wierzeniach.<\/p>\n<p>Chocia\u017c Humphreyowie bardzo chcieli jasno naucza\u0107 Biblii, napotkali problemy. Manj\u00fai nosili chrze\u015bcija\u0144sk\u0105 fasad\u0119, ale pod spodem trzymali si\u0119 swoich animistycznych wierze\u0144. Mieszali ze sob\u0105 dwa systemy wierze\u0144. Co mogli zrobi\u0107 Pete i Leah? To, \u017ce Manj\u00fai w ko\u0144cu zaufali Jezusowi, jest ekscytuj\u0105c\u0105 histori\u0105 s\u0142u\u017cby na pierwszej linii frontu w akcji.<\/p>\n<p>Dowiedz si\u0119, co Humphreyowie zrobili, aby sprosta\u0107 wyzwaniom, a co wa\u017cniejsze, zobacz, jak odnosi si\u0119 to do zwyk\u0142ych wierz\u0105cych na ca\u0142ym \u015bwiecie.<\/p>\n<p><strong><a title=\"Pr\u00f3bki czytania In-ka-hai\" href=\"http:\/\/www.goodseed.com\/pdfs\/samples\/sample-in-ka-hai-english-010047.pdf\" target=\"_blank\" rel=\"noopener\">Czytanie pr\u00f3bek<\/a><\/strong><\/p>\n<p>Liczba stron: 160<br \/>\nISBN: 9781927429150<\/p>\n<p><strong>Zawiera sze\u015bciocz\u0119\u015bciowy przewodnik oparty na lekcjach z historii: <\/strong><\/p>\n<ul>\n<li>Znaczenie wiarygodno\u015bci w dzieleniu si\u0119 ewangeli\u0105<\/li>\n<li>Co nale\u017cy wzi\u0105\u0107 pod uwag\u0119, dziel\u0105c si\u0119 ewangeli\u0105 z osobami niepi\u015bmiennymi biblijnie?<\/li>\n<li>Jak osoba, kt\u00f3ra nie jest utalentowanym komunikatorem, mo\u017ce dzieli\u0107 si\u0119 ewangeli\u0105?<\/li>\n<li>Pytanie o tych, kt\u00f3rzy twierdz\u0105, \u017ce s\u0105 zbawieni, ale tak nie post\u0119puj\u0105<\/li>\n<li>Problem synkretyzmu i sposoby radzenia sobie z nim<\/li>\n<\/ul>\n<div>\n<p><strong>Odpowiedni dla tych grup docelowych:<\/strong><\/p>\n<ul>\n<li>Osobista lektura i refleksja<\/li>\n<li>Ma\u0142e grupy<\/li>\n<li>Szko\u0142y chrze\u015bcija\u0144skie<\/li>\n<li>Szko\u0142y i seminaria biblijne (praca duszpasterska, misja, ewangelizacja)<\/li>\n<li>Szk\u00f3\u0142ka niedzielna<\/li>\n<\/ul>\n<\/div>\n<div>\n<p class=\"p1\">\u201eIn-k\u00e1-hai\u201c jest cz\u0119\u015bci\u0105 serii Ambassador Series. Ambassador Series to program nauczania, kt\u00f3ry wyposa\u017ca wierz\u0105cych w misj\u0119, przes\u0142anie i metody dzielenia si\u0119 dobr\u0105 nowin\u0105 o Jezusie Chrystusie.<\/p>\n<p class=\"p1\"><strong><a title=\"Podgl\u0105d PDF In-k\u00e1-hai\" href=\"http:\/\/www.goodseed.com\/blog\/wp-content\/uploads\/2013\/09\/goodseed-in-ka-hai-preview.pdf\" target=\"_blank\" rel=\"noopener\">Przeczytaj zapowied\u017a In-k\u00e1-hai.<\/a><\/strong><\/p>\n<\/div>","protected":false},"excerpt":{"rendered":"<p>&nbsp; Auch im eBook-Format erh\u00e4ltlich. &nbsp; In-k\u00e1-hai: How Sweet It Is! ist die wahre Geschichte von Pete und Leah Humphreys, die 17 Jahre lang in der trockenen Chaco-Region in Paraguay gearbeitet haben. Sie waren Bibellehrer bei den Manj\u00fai. Diese Stammesangeh\u00f6rigen hatten keine Ahnung von der Bibel und waren in ihrem traditionellen Glauben verwurzelt. Obwohl die [&hellip;]<\/p>\n","protected":false},"featured_media":984,"comment_status":"closed","ping_status":"closed","template":"","meta":{"_acf_changed":false,"_glsr_average":0,"_glsr_ranking":0,"_glsr_reviews":0},"product_brand":[],"product_cat":[23],"product_tag":[],"giftcard-category":[],"class_list":{"0":"post-982","1":"product","2":"type-product","3":"status-publish","4":"has-post-thumbnail","6":"product_cat-andere-materialien","8":"first","9":"instock","10":"taxable","11":"shipping-taxable","12":"purchasable","13":"product-type-simple"},"acf":[],"_links":{"self":[{"href":"https:\/\/eu.goodseed.com\/pl\/wp-json\/wp\/v2\/product\/982","targetHints":{"allow":["GET"]}}],"collection":[{"href":"https:\/\/eu.goodseed.com\/pl\/wp-json\/wp\/v2\/product"}],"about":[{"href":"https:\/\/eu.goodseed.com\/pl\/wp-json\/wp\/v2\/types\/product"}],"replies":[{"embeddable":true,"href":"https:\/\/eu.goodseed.com\/pl\/wp-json\/wp\/v2\/comments?post=982"}],"wp:featuredmedia":[{"embeddable":true,"href":"https:\/\/eu.goodseed.com\/pl\/wp-json\/wp\/v2\/media\/984"}],"wp:attachment":[{"href":"https:\/\/eu.goodseed.com\/pl\/wp-json\/wp\/v2\/media?parent=982"}],"wp:term":[{"taxonomy":"product_brand","embeddable":true,"href":"https:\/\/eu.goodseed.com\/pl\/wp-json\/wp\/v2\/product_brand?post=982"},{"taxonomy":"product_cat","embeddable":true,"href":"https:\/\/eu.goodseed.com\/pl\/wp-json\/wp\/v2\/product_cat?post=982"},{"taxonomy":"product_tag","embeddable":true,"href":"https:\/\/eu.goodseed.com\/pl\/wp-json\/wp\/v2\/product_tag?post=982"},{"taxonomy":"giftcard-category","embeddable":true,"href":"https:\/\/eu.goodseed.com\/pl\/wp-json\/wp\/v2\/giftcard-category?post=982"}],"curies":[{"name":"wp","href":"https:\/\/api.w.org\/{rel}","templated":true}]}}