{"id":969,"date":"2025-05-02T02:55:16","date_gmt":"2025-05-02T02:55:16","guid":{"rendered":"https:\/\/eu.goodseed.com\/?post_type=product&#038;p=969"},"modified":"2025-12-05T01:17:50","modified_gmt":"2025-12-05T01:17:50","slug":"and-beginning-with-moses-english","status":"publish","type":"product","link":"https:\/\/eu.goodseed.com\/pl\/product\/and-beginning-with-moses-english\/","title":{"rendered":"Zaczynaj\u0105c od Moj\u017cesza (angielski)"},"content":{"rendered":"<p>Czy zauwa\u017casz zmian\u0119 w naszej kulturze i nie wiesz, jak dzieli\u0107 si\u0119 ewangeli\u0105 z tym nowym pokoleniem? Chcesz naucza\u0107 Biblii, ale od czego zacz\u0105\u0107, skoro ludzie nawet nie rozumiej\u0105, kim jest B\u00f3g?<\/p>\n<p>By\u0107 mo\u017ce zauwa\u017cy\u0142e\u015b zmian\u0119 w ko\u015bciele chrze\u015bcija\u0144skim, poniewa\u017c postmodernizm zaczyna wp\u0142ywa\u0107 na nasze my\u015blenie. Wcze\u015bniejsze metody ewangelizacji wydaj\u0105 si\u0119 zawodzi\u0107, a ludzie staj\u0105 si\u0119 coraz bardziej niewykszta\u0142ceni w kwestii Biblii. Wiedz\u0105, \u017ce jest jaki\u015b problem, ale nie potrafi\u0105 wskaza\u0107 go palcem, ani jak go rozwi\u0105za\u0107.<\/p>\n<p>Czy nie \u017ca\u0142ujesz, \u017ce nie zrobiono czego\u015b dawno temu, aby zidentyfikowa\u0107 problem? A jeszcze lepiej, gdyby istnia\u0142o ju\u017c rozwi\u0105zanie? Wyobra\u017a sobie, o ile skuteczniej m\u00f3g\u0142by\u015b g\u0142osi\u0107 ewangeli\u0119, gdyby\u015b wiedzia\u0142, jakie narz\u0119dzia mog\u0105 pom\u00f3c ci rozwi\u0105za\u0107 problem, a jeszcze lepiej, gdyby\u015b nauczy\u0142 si\u0119 z nich korzysta\u0107!<\/p>\n<p>Ta kr\u00f3tka, 114-stronicowa ksi\u0105\u017cka zwraca uwag\u0119 na problemy, jakie napotykamy w przekazywaniu ewangelii w dzisiejszej kulturze. Nie tylko identyfikuje problem, ale tak\u017ce oferuje biblijne rozwi\u0105zanie i wyja\u015bnia, dlaczego ta metoda dzia\u0142a. Aby rozwi\u0105za\u0107 ten problem, opracowano kilka narz\u0119dzi, z kt\u00f3rych ka\u017cde skierowane jest do innej grupy odbiorc\u00f3w. Druga po\u0142owa ksi\u0105\u017cki wyja\u015bnia te narz\u0119dzia i spos\u00f3b ich u\u017cycia. Znajduje si\u0119 tu r\u00f3wnie\u017c rozdzia\u0142 po\u015bwi\u0119cony typowym b\u0142\u0119dom pope\u0142nianym podczas korzystania z tych narz\u0119dzi oraz wskaz\u00f3wki, jak skutecznie z nich korzysta\u0107.<\/p>\n<p>Ta ksi\u0105\u017cka jest do\u0142\u0105czona do <a title=\"Pakiet serii Ambassador\" href=\"https:\/\/ca.goodseed.com\/the-ambassador-series-bundle\/\">Pakiet serii Ambassador<\/a>.<\/p>","protected":false},"excerpt":{"rendered":"<p>Bemerken Sie einen Wandel in unserer Kultur und wissen nicht, wie Sie das Evangelium mit dieser neuen Generation teilen k\u00f6nnen? Sie m\u00f6chten die Bibel lehren, aber wo sollen Sie anfangen, wenn die Menschen nicht einmal verstehen, wer Gott ist? Vielleicht haben Sie einen Wandel in der christlichen Kirche beobachtet, da die Postmoderne unser Denken zu [&hellip;]<\/p>\n","protected":false},"featured_media":970,"comment_status":"closed","ping_status":"closed","template":"","meta":{"_acf_changed":false,"_glsr_average":0,"_glsr_ranking":0,"_glsr_reviews":0},"product_brand":[],"product_cat":[23,76],"product_tag":[53],"giftcard-category":[],"class_list":{"0":"post-969","1":"product","2":"type-product","3":"status-publish","4":"has-post-thumbnail","6":"product_cat-andere-materialien","7":"product_cat-englisch","8":"product_tag-english","10":"first","11":"instock","12":"taxable","13":"shipping-taxable","14":"purchasable","15":"product-type-simple"},"acf":[],"_links":{"self":[{"href":"https:\/\/eu.goodseed.com\/pl\/wp-json\/wp\/v2\/product\/969","targetHints":{"allow":["GET"]}}],"collection":[{"href":"https:\/\/eu.goodseed.com\/pl\/wp-json\/wp\/v2\/product"}],"about":[{"href":"https:\/\/eu.goodseed.com\/pl\/wp-json\/wp\/v2\/types\/product"}],"replies":[{"embeddable":true,"href":"https:\/\/eu.goodseed.com\/pl\/wp-json\/wp\/v2\/comments?post=969"}],"wp:featuredmedia":[{"embeddable":true,"href":"https:\/\/eu.goodseed.com\/pl\/wp-json\/wp\/v2\/media\/970"}],"wp:attachment":[{"href":"https:\/\/eu.goodseed.com\/pl\/wp-json\/wp\/v2\/media?parent=969"}],"wp:term":[{"taxonomy":"product_brand","embeddable":true,"href":"https:\/\/eu.goodseed.com\/pl\/wp-json\/wp\/v2\/product_brand?post=969"},{"taxonomy":"product_cat","embeddable":true,"href":"https:\/\/eu.goodseed.com\/pl\/wp-json\/wp\/v2\/product_cat?post=969"},{"taxonomy":"product_tag","embeddable":true,"href":"https:\/\/eu.goodseed.com\/pl\/wp-json\/wp\/v2\/product_tag?post=969"},{"taxonomy":"giftcard-category","embeddable":true,"href":"https:\/\/eu.goodseed.com\/pl\/wp-json\/wp\/v2\/giftcard-category?post=969"}],"curies":[{"name":"wp","href":"https:\/\/api.w.org\/{rel}","templated":true}]}}