{"id":960,"date":"2025-05-02T02:49:30","date_gmt":"2025-05-02T02:49:30","guid":{"rendered":"https:\/\/eu.goodseed.com\/?post_type=product&#038;p=960"},"modified":"2025-07-07T07:11:16","modified_gmt":"2025-07-07T07:11:16","slug":"front-cover-back-cover-ee-taow-dvd-english","status":"publish","type":"product","link":"https:\/\/eu.goodseed.com\/pl\/product\/front-cover-back-cover-ee-taow-dvd-english\/","title":{"rendered":"Prz\u00f3d ty\u0142 EE-TAOW! DVD (j\u0119zyk angielski)"},"content":{"rendered":"<p>To DVD zawiera dwa klasyczne filmy dokumentalne:<\/p>\n<ul>\n<li>Historia Mouka<\/li>\n<li>Nast\u0119pny rozdzia\u0142<\/li>\n<\/ul>\n<p>Filmy te by\u0142y ogl\u0105dane przez ludzi na ca\u0142ym \u015bwiecie. Ukazuj\u0105 one niezwyk\u0142y wp\u0142yw nauczania ewangelii w spos\u00f3b chronologiczny, pocz\u0105wszy od stworzenia i kontynuuj\u0105c przez Bibli\u0119 a\u017c do krzy\u017ca.<\/p>\n<p>Te dwa powi\u0105zane ze sob\u0105 filmy dokumentalne zosta\u0142y nakr\u0119cone na miejscu i opowiadaj\u0105 histori\u0119 ludu Mouk w odleg\u0142ych d\u017cunglach Papui-Nowej Gwinei. Pierwsza cz\u0119\u015b\u0107, \u201eThe Story of the Mouk\u201c, daje obraz mrocznego i surowego stylu \u017cycia, w jakim ludzie ci \u017cyli przez wieki. Nie by\u0142o wiadomo, jak zareaguj\u0105 na ewangeli\u0119. Film pokazuje wp\u0142yw trzech miesi\u0119cy nauczania biblijnego w porz\u0105dku chronologicznym i \u017cywo przedstawia reakcj\u0119 ludzi na ostateczne og\u0142oszenie Ewangelii. Druga cz\u0119\u015b\u0107, \u201eThe Next Chapter\u201c, kontynuuje ich histori\u0119, gdy ewoluuj\u0105 od historii morderczych czar\u00f3w i oszustw do odkrycia Bo\u017cej mi\u0142o\u015bci i ludzi, kt\u00f3rzy powa\u017cnie traktuj\u0105 swoj\u0105 now\u0105 wiar\u0119.<\/p>\n<p>B\u0105d\u017a wyzwaniem i zach\u0119t\u0105, gdy zobaczysz t\u0119 prawdziw\u0105 histori\u0119 o tym, jak chronologiczne nauczanie ewangelii zmieni\u0142o ca\u0142e plemi\u0119!<\/p>\n<p>&nbsp;<\/p>\n<p>&nbsp;<\/p>\n<p>Region DVD: Wszystkie regiony<br \/>\nCzas trwania: 57 min.<\/p>","protected":false},"excerpt":{"rendered":"<p>Diese DVD enth\u00e4lt zwei klassische Dokudramen: Die Mouk-Geschichte Das n\u00e4chste Kapitel Diese Filme wurden von Menschen in der ganzen Welt gesehen. Sie zeigen die bemerkenswerte Wirkung der Lehre des Evangeliums in chronologischer Weise, beginnend mit der Sch\u00f6pfung und fortlaufend durch die Bibel bis zum Kreuz. Diese beiden zusammenh\u00e4ngenden Dokudramen wurden vor Ort gedreht und erz\u00e4hlen [&hellip;]<\/p>\n","protected":false},"featured_media":963,"comment_status":"closed","ping_status":"closed","template":"","meta":{"_acf_changed":false,"_glsr_average":0,"_glsr_ranking":0,"_glsr_reviews":0},"product_brand":[],"product_cat":[23,76],"product_tag":[53],"giftcard-category":[],"class_list":{"0":"post-960","1":"product","2":"type-product","3":"status-publish","4":"has-post-thumbnail","6":"product_cat-andere-materialien","7":"product_cat-englisch","8":"product_tag-english","10":"first","11":"instock","12":"taxable","13":"shipping-taxable","14":"purchasable","15":"product-type-simple"},"acf":[],"_links":{"self":[{"href":"https:\/\/eu.goodseed.com\/pl\/wp-json\/wp\/v2\/product\/960","targetHints":{"allow":["GET"]}}],"collection":[{"href":"https:\/\/eu.goodseed.com\/pl\/wp-json\/wp\/v2\/product"}],"about":[{"href":"https:\/\/eu.goodseed.com\/pl\/wp-json\/wp\/v2\/types\/product"}],"replies":[{"embeddable":true,"href":"https:\/\/eu.goodseed.com\/pl\/wp-json\/wp\/v2\/comments?post=960"}],"wp:featuredmedia":[{"embeddable":true,"href":"https:\/\/eu.goodseed.com\/pl\/wp-json\/wp\/v2\/media\/963"}],"wp:attachment":[{"href":"https:\/\/eu.goodseed.com\/pl\/wp-json\/wp\/v2\/media?parent=960"}],"wp:term":[{"taxonomy":"product_brand","embeddable":true,"href":"https:\/\/eu.goodseed.com\/pl\/wp-json\/wp\/v2\/product_brand?post=960"},{"taxonomy":"product_cat","embeddable":true,"href":"https:\/\/eu.goodseed.com\/pl\/wp-json\/wp\/v2\/product_cat?post=960"},{"taxonomy":"product_tag","embeddable":true,"href":"https:\/\/eu.goodseed.com\/pl\/wp-json\/wp\/v2\/product_tag?post=960"},{"taxonomy":"giftcard-category","embeddable":true,"href":"https:\/\/eu.goodseed.com\/pl\/wp-json\/wp\/v2\/giftcard-category?post=960"}],"curies":[{"name":"wp","href":"https:\/\/api.w.org\/{rel}","templated":true}]}}