{"id":957,"date":"2025-05-02T02:47:15","date_gmt":"2025-05-02T02:47:15","guid":{"rendered":"https:\/\/eu.goodseed.com\/?post_type=product&#038;p=957"},"modified":"2025-07-07T07:11:06","modified_gmt":"2025-07-07T07:11:06","slug":"the-taliabo-story-and-delivered-from-the-power-of-darkness-dvd-english","status":"publish","type":"product","link":"https:\/\/eu.goodseed.com\/pl\/product\/the-taliabo-story-and-delivered-from-the-power-of-darkness-dvd-english\/","title":{"rendered":"Historia Taliabo i Wyzwolony z mocy ciemno\u015bci DVD (angielski)"},"content":{"rendered":"<p>Ta p\u0142yta DVD zawiera dwa filmy dokumentalne:<\/p>\n<ul>\n<li>Historia Taliabo<\/li>\n<li>Wyzwolony z mocy ciemno\u015bci<\/li>\n<\/ul>\n<p>Idea chronologicznego nauczania ewangelii wydaje si\u0119 mie\u0107 wiele sensu, ale nie wiemy dok\u0142adnie, jak to dzia\u0142a. Jakie s\u0105 efekty stosowania tej metody? W jaki spos\u00f3b pomaga ona ludziom w zrozumieniu ewangelii?<\/p>\n<p>Dopiero od niedawna podej\u015bcie chronologiczne jest coraz cz\u0119\u015bciej omawiane i stosowane w nauczaniu. Coraz wi\u0119cej os\u00f3b zdaje sobie spraw\u0119 z tej metody, ale nie ma zbyt wielu \u017ar\u00f3de\u0142, kt\u00f3re j\u0105 wyja\u015bniaj\u0105 lub pokazuj\u0105.<\/p>\n<p>Wyobra\u017a sobie, jak pomocne by\u0142oby, gdyby\u015b m\u00f3g\u0142 zobaczy\u0107, jak ta metoda nauczania wp\u0142yn\u0119\u0142a na ludzi ... gdyby\u015b m\u00f3g\u0142 zaobserwowa\u0107, jak to dzia\u0142a i co si\u0119 sta\u0142o w wyniku zastosowania tej metody ... gdyby\u015b m\u00f3g\u0142 zobaczy\u0107, jak wp\u0142yn\u0119\u0142o to na zrozumienie przez ludzi przes\u0142ania o zbawieniu.<\/p>\n<p>Historia ludu Taliabo daje posmak chronologicznego nauczania. Historia ludu Taliabo, pochodz\u0105cego z odleg\u0142ej wyspy w Indonezji, to opowie\u015b\u0107 o ludziach, kt\u00f3rych \u017cycie wype\u0142nione by\u0142o strachem. Ich najwi\u0119kszym poszukiwaniem by\u0142o znalezienie klucza, kt\u00f3ry uwolni\u0142by ich od tego, czego bali si\u0119 najbardziej - \u015bmierci. By\u0142o to poszukiwanie \u017cycia wiecznego. Pierwsza cz\u0119\u015b\u0107, \u201eHistoria Taliabo\u201c, opowiada o tym, jak znale\u017ali nowe \u017cycie, podczas gdy druga cz\u0119\u015b\u0107, \u201eUwolnieni z mocy ciemno\u015bci\u201c, opowiada o tym, jak odnie\u015bli zwyci\u0119stwo nad demonicznymi si\u0142ami, kt\u00f3re zdominowa\u0142y ich \u017cycie. Ucz\u0105c si\u0119, jak naucza\u0107 ewangelii od stworzenia do Chrystusa, zyskasz r\u00f3wnie\u017c biblijne spojrzenie na walk\u0119 duchow\u0105.<\/p>\n<p>Dowiedz si\u0119 z historii ludu Taliabo, jak chronologiczne podej\u015bcie do dzielenia si\u0119 ewangeli\u0105 mo\u017ce zmieni\u0107 \u017cycie.<\/p>\n<p>&nbsp;<\/p>\n<p>Region DVD: Wszystkie regiony<br \/>\nCzas trwania: 70 min.<\/p>","protected":false},"excerpt":{"rendered":"<p>Diese DVD enth\u00e4lt zwei Dokudramen: Die Taliabo-Geschichte Befreit von der Macht der Finsternis Die Idee, das Evangelium chronologisch zu lehren, scheint sehr sinnvoll zu sein, aber man wei\u00df nicht genau, wie sie funktioniert. Welche Auswirkungen hat diese Methode, wenn sie angewendet wird? Wie hilft sie den Menschen in ihrem Verst\u00e4ndnis des Evangeliums? Erst in j\u00fcngster [&hellip;]<\/p>\n","protected":false},"featured_media":959,"comment_status":"closed","ping_status":"closed","template":"","meta":{"_acf_changed":false,"_glsr_average":0,"_glsr_ranking":0,"_glsr_reviews":0},"product_brand":[],"product_cat":[23,76],"product_tag":[53],"giftcard-category":[],"class_list":{"0":"post-957","1":"product","2":"type-product","3":"status-publish","4":"has-post-thumbnail","6":"product_cat-andere-materialien","7":"product_cat-englisch","8":"product_tag-english","10":"first","11":"instock","12":"taxable","13":"shipping-taxable","14":"purchasable","15":"product-type-simple"},"acf":[],"_links":{"self":[{"href":"https:\/\/eu.goodseed.com\/pl\/wp-json\/wp\/v2\/product\/957","targetHints":{"allow":["GET"]}}],"collection":[{"href":"https:\/\/eu.goodseed.com\/pl\/wp-json\/wp\/v2\/product"}],"about":[{"href":"https:\/\/eu.goodseed.com\/pl\/wp-json\/wp\/v2\/types\/product"}],"replies":[{"embeddable":true,"href":"https:\/\/eu.goodseed.com\/pl\/wp-json\/wp\/v2\/comments?post=957"}],"wp:featuredmedia":[{"embeddable":true,"href":"https:\/\/eu.goodseed.com\/pl\/wp-json\/wp\/v2\/media\/959"}],"wp:attachment":[{"href":"https:\/\/eu.goodseed.com\/pl\/wp-json\/wp\/v2\/media?parent=957"}],"wp:term":[{"taxonomy":"product_brand","embeddable":true,"href":"https:\/\/eu.goodseed.com\/pl\/wp-json\/wp\/v2\/product_brand?post=957"},{"taxonomy":"product_cat","embeddable":true,"href":"https:\/\/eu.goodseed.com\/pl\/wp-json\/wp\/v2\/product_cat?post=957"},{"taxonomy":"product_tag","embeddable":true,"href":"https:\/\/eu.goodseed.com\/pl\/wp-json\/wp\/v2\/product_tag?post=957"},{"taxonomy":"giftcard-category","embeddable":true,"href":"https:\/\/eu.goodseed.com\/pl\/wp-json\/wp\/v2\/giftcard-category?post=957"}],"curies":[{"name":"wp","href":"https:\/\/api.w.org\/{rel}","templated":true}]}}