{"id":955,"date":"2025-05-02T02:45:44","date_gmt":"2025-05-02T02:45:44","guid":{"rendered":"https:\/\/eu.goodseed.com\/?post_type=product&#038;p=955"},"modified":"2025-07-07T07:11:06","modified_gmt":"2025-07-07T07:11:06","slug":"front-cover-back-cover-now-we-see-clearly-dvd-english","status":"publish","type":"product","link":"https:\/\/eu.goodseed.com\/pl\/product\/front-cover-back-cover-now-we-see-clearly-dvd-english\/","title":{"rendered":"Teraz widzimy wyra\u017anie DVD (angielski)"},"content":{"rendered":"<p>\u201eNow We See Clearly\u201c daje doskona\u0142y przegl\u0105d tego, na czym polega ewangelizacja \u015bwiatopogl\u0105dowa. Puinaves z Kolumbii byli nauczani ewangelii, ale nie w ich ojczystym j\u0119zyku. Chodzili do ko\u015bcio\u0142a przez ostatnie 30 lat, odk\u0105d otrzymali drog\u0119 zbawienia, ale chocia\u017c m\u00f3wili, \u017ce wierz\u0105, wydawa\u0142o si\u0119, \u017ce czego\u015b brakuje w ich zrozumieniu.<\/p>\n<p>Teraz uczono ich Biblii chronologicznie w ich w\u0142asnym j\u0119zyku. Czy wp\u0142ynie to na ich zrozumienie? Jak zareagowaliby na ewangeli\u0119? To 30-minutowe DVD wykorzystuje histori\u0119 Puinaves, aby zilustrowa\u0107, dlaczego podej\u015bcie chronologiczne jest tak skuteczne w dawaniu ludziom jasnego zrozumienia ewangelii.<\/p>\n<p>Zapoznaj si\u0119 z histori\u0105 Puinaves i dowiedz si\u0119 wi\u0119cej o ewangelizacji z perspektywy \u015bwiatopogl\u0105dowej!<\/p>\n<p>Region DVD: Wszystkie regiony<br \/>\nCzas trwania: 30 min.<\/p>","protected":false},"excerpt":{"rendered":"<p>&#8222;Now We See Clearly&#8220; gibt einen ausgezeichneten \u00dcberblick dar\u00fcber, worum es bei der Evangelisation mit Weltanschauung geht. Den Puinaves aus Kolumbien war das Evangelium gelehrt worden, aber nicht in ihrer Muttersprache. Sie hatten in den letzten 30 Jahren in der Kirche gespielt, seit sie den Weg der Erl\u00f6sung erhalten hatten, aber obwohl sie sagten, dass [&hellip;]<\/p>\n","protected":false},"featured_media":956,"comment_status":"closed","ping_status":"closed","template":"","meta":{"_acf_changed":false,"_glsr_average":0,"_glsr_ranking":0,"_glsr_reviews":0},"product_brand":[],"product_cat":[23,76],"product_tag":[53],"giftcard-category":[],"class_list":{"0":"post-955","1":"product","2":"type-product","3":"status-publish","4":"has-post-thumbnail","6":"product_cat-andere-materialien","7":"product_cat-englisch","8":"product_tag-english","10":"first","11":"instock","12":"taxable","13":"shipping-taxable","14":"purchasable","15":"product-type-simple"},"acf":[],"_links":{"self":[{"href":"https:\/\/eu.goodseed.com\/pl\/wp-json\/wp\/v2\/product\/955","targetHints":{"allow":["GET"]}}],"collection":[{"href":"https:\/\/eu.goodseed.com\/pl\/wp-json\/wp\/v2\/product"}],"about":[{"href":"https:\/\/eu.goodseed.com\/pl\/wp-json\/wp\/v2\/types\/product"}],"replies":[{"embeddable":true,"href":"https:\/\/eu.goodseed.com\/pl\/wp-json\/wp\/v2\/comments?post=955"}],"wp:featuredmedia":[{"embeddable":true,"href":"https:\/\/eu.goodseed.com\/pl\/wp-json\/wp\/v2\/media\/956"}],"wp:attachment":[{"href":"https:\/\/eu.goodseed.com\/pl\/wp-json\/wp\/v2\/media?parent=955"}],"wp:term":[{"taxonomy":"product_brand","embeddable":true,"href":"https:\/\/eu.goodseed.com\/pl\/wp-json\/wp\/v2\/product_brand?post=955"},{"taxonomy":"product_cat","embeddable":true,"href":"https:\/\/eu.goodseed.com\/pl\/wp-json\/wp\/v2\/product_cat?post=955"},{"taxonomy":"product_tag","embeddable":true,"href":"https:\/\/eu.goodseed.com\/pl\/wp-json\/wp\/v2\/product_tag?post=955"},{"taxonomy":"giftcard-category","embeddable":true,"href":"https:\/\/eu.goodseed.com\/pl\/wp-json\/wp\/v2\/giftcard-category?post=955"}],"curies":[{"name":"wp","href":"https:\/\/api.w.org\/{rel}","templated":true}]}}