{"id":951,"date":"2025-05-02T02:43:22","date_gmt":"2025-05-02T02:43:22","guid":{"rendered":"https:\/\/eu.goodseed.com\/?post_type=product&#038;p=951"},"modified":"2025-07-07T07:11:06","modified_gmt":"2025-07-07T07:11:06","slug":"when-things-seem-impossible-dvd-english","status":"publish","type":"product","link":"https:\/\/eu.goodseed.com\/pl\/product\/when-things-seem-impossible-dvd-english\/","title":{"rendered":"Kiedy rzeczy wydaj\u0105 si\u0119 niemo\u017cliwe DVD (angielski)"},"content":{"rendered":"<p>Prawdziwa historia. Misjonarze Tim i Bunny Cain pracuj\u0105 z ludem Puinave w odleg\u0142ych d\u017cunglach Ameryki Po\u0142udniowej. Po siedmiu latach nauki j\u0119zyka jest to czas duchowych \u017cniw, gdy Puinave odpowiadaj\u0105 na ewangeli\u0119. Piloci Paul Dye i Steve Estelle oraz ich Cessna 185 s\u0105 jedynym \u0142\u0105cznikiem Cain\u00f3w z cywilizacj\u0105.<\/p>\n<p>Nagle praca zostaje przerwana. Cainowie zostaj\u0105 wzi\u0119ci jako zak\u0142adnicy przez uzbrojonych partyzant\u00f3w i zmuszeni do wezwania samolotu misyjnego pod pretekstem, \u017ce potrzebuj\u0105 pomocy medycznej. Paul i Steve wpadaj\u0105 w pu\u0142apk\u0119.<\/p>\n<p>Misjonarze wo\u0142aj\u0105: \u201eDlaczego B\u00f3g na to pozwoli\u0142?\u201c. Gdy B\u00f3g porusza ich serca, aby odpowiedzie\u0107 na to odwieczne pytanie, organizuje niesamowit\u0105 seri\u0119 wydarze\u0144, kt\u00f3re wyra\u017anie pokazuj\u0105 Jego r\u0119k\u0119 w ich niewoli.<\/p>\n<p>&nbsp;<\/p>\n<p>&nbsp;<\/p>\n<p>Region DVD: Wszystkie regiony<br \/>\nCzas trwania: 66 min.<\/p>","protected":false},"excerpt":{"rendered":"<p>Eine wahre Geschichte. Die Missionare Tim und Bunny Cain arbeiten mit dem Volk der Puinave im abgelegenen Dschungel von S\u00fcdamerika. Nach sieben Jahren des Sprachstudiums ist es eine Zeit der geistlichen Ernte, da die Puinave auf das Evangelium reagieren. Die Piloten Paul Dye und Steve Estelle mit ihrer Cessna 185 sind die einzige Verbindung der [&hellip;]<\/p>\n","protected":false},"featured_media":953,"comment_status":"closed","ping_status":"closed","template":"","meta":{"_acf_changed":false,"_glsr_average":0,"_glsr_ranking":0,"_glsr_reviews":0},"product_brand":[],"product_cat":[23,76],"product_tag":[53],"giftcard-category":[],"class_list":{"0":"post-951","1":"product","2":"type-product","3":"status-publish","4":"has-post-thumbnail","6":"product_cat-andere-materialien","7":"product_cat-englisch","8":"product_tag-english","10":"first","11":"instock","12":"taxable","13":"shipping-taxable","14":"purchasable","15":"product-type-simple"},"acf":[],"_links":{"self":[{"href":"https:\/\/eu.goodseed.com\/pl\/wp-json\/wp\/v2\/product\/951","targetHints":{"allow":["GET"]}}],"collection":[{"href":"https:\/\/eu.goodseed.com\/pl\/wp-json\/wp\/v2\/product"}],"about":[{"href":"https:\/\/eu.goodseed.com\/pl\/wp-json\/wp\/v2\/types\/product"}],"replies":[{"embeddable":true,"href":"https:\/\/eu.goodseed.com\/pl\/wp-json\/wp\/v2\/comments?post=951"}],"wp:featuredmedia":[{"embeddable":true,"href":"https:\/\/eu.goodseed.com\/pl\/wp-json\/wp\/v2\/media\/953"}],"wp:attachment":[{"href":"https:\/\/eu.goodseed.com\/pl\/wp-json\/wp\/v2\/media?parent=951"}],"wp:term":[{"taxonomy":"product_brand","embeddable":true,"href":"https:\/\/eu.goodseed.com\/pl\/wp-json\/wp\/v2\/product_brand?post=951"},{"taxonomy":"product_cat","embeddable":true,"href":"https:\/\/eu.goodseed.com\/pl\/wp-json\/wp\/v2\/product_cat?post=951"},{"taxonomy":"product_tag","embeddable":true,"href":"https:\/\/eu.goodseed.com\/pl\/wp-json\/wp\/v2\/product_tag?post=951"},{"taxonomy":"giftcard-category","embeddable":true,"href":"https:\/\/eu.goodseed.com\/pl\/wp-json\/wp\/v2\/giftcard-category?post=951"}],"curies":[{"name":"wp","href":"https:\/\/api.w.org\/{rel}","templated":true}]}}