{"id":860,"date":"2025-04-29T07:41:48","date_gmt":"2025-04-29T07:41:48","guid":{"rendered":"https:\/\/eu.goodseed.com\/?post_type=product&#038;p=860"},"modified":"2025-12-05T01:19:17","modified_gmt":"2025-12-05T01:19:17","slug":"by-this-name-english","status":"publish","type":"product","link":"https:\/\/eu.goodseed.com\/pl\/product\/by-this-name-english\/","title":{"rendered":"Pod t\u0105 nazw\u0105 (w j\u0119zyku angielskim)"},"content":{"rendered":"<blockquote>\n<ul>\n<li><strong>Kup 4 - 11 <\/strong>i otrzyma\u0107 <strong>20% Zni\u017cka<\/strong><\/li>\n<li><strong>Kup 12 - 23 <\/strong>i otrzyma\u0107 <strong>30% Zni\u017cka<\/strong><\/li>\n<li><strong>Kup 24 lub wi\u0119cej <\/strong>i otrzyma\u0107 <strong>40% Zni\u017cka<\/strong><\/li>\n<\/ul>\n<\/blockquote>\n<p>By\u0107 mo\u017ce powiedziano ci: \u201eCiesz\u0119 si\u0119, \u017ce znalaz\u0142e\u015b drog\u0119 do Boga, ale ka\u017cdy znajduje Go w innych miejscach i innych religiach\u201c. \u201eJak wi\u0119c przekaza\u0107 ewangeli\u0119 komu\u015b, kto wierzy, \u017ce B\u00f3g jest obecny w ca\u0142ej naturze? Co powiedzie\u0107, gdy tw\u00f3j przyjaciel my\u015bli o \u201cBogu\u201e jako o duchowej sile lub energii, a nie osobie? W \u015bwiecie, w kt\u00f3rym \u201cduchowo\u015b\u0107\" sta\u0142a si\u0119 popularna, a wiedza o Bogu prawie zanik\u0142a, jak mo\u017cesz dzieli\u0107 si\u0119 dobr\u0105 nowin\u0105 o Jezusie Chrystusie? Nawet \u015bwiat zachodni by\u0142 pod wp\u0142ywem kultur, kt\u00f3re wierzy\u0142y w wielu bog\u00f3w.<\/p>\n<p><em>By This Name<\/em> wyja\u015bnia podstawowe przes\u0142anie Biblii ludziom, kt\u00f3rzy nie maj\u0105 o niej poj\u0119cia. Opieraj\u0105c si\u0119 na strukturze Ewangelii Jana, ksi\u0105\u017cka wyra\u017anie odr\u00f3\u017cnia Boga Biblii od wszystkich innych bog\u00f3w. Ustanawia autorytet Pisma \u015awi\u0119tego i starannie por\u00f3wnuje biblijny \u015bwiatopogl\u0105d ze \u015bwiatopogl\u0105dami Wschodu. \u0141\u0105czy kluczowe historie ze Starego i Nowego Testamentu, aby ujawni\u0107 to\u017csamo\u015b\u0107 Boga i natur\u0119 grzechu, w celu udzielenia odpowiedzi na dwa pytania: \u201eKim jest Jezus?\u201c i \u201eO co chodzi w historii krzy\u017ca i grobu?\u201c. Ksi\u0105\u017cka pomaga ludziom zrozumie\u0107, o co chodzi w Biblii.<\/p>","protected":false},"excerpt":{"rendered":"<div class=\"productView-info-bulkPricing\">\n<p>Ceny hurtowe: Poni\u017cej znajduj\u0105 si\u0119 dost\u0119pne stawki rabat\u00f3w hurtowych dla ka\u017cdego pojedynczego produktu przy zakupie okre\u015blonej ilo\u015bci<\/p>\n<ul>\n<li>Kup 3 - 11 i otrzymaj 20% zni\u017cki<\/li>\n<li>Kup 12-23 i otrzymaj 30% zni\u017cki<\/li>\n<li>Kup 24 lub wi\u0119cej i otrzymaj 40% zni\u017cki<\/li>\n<\/ul>\n<\/div>","protected":false},"featured_media":861,"comment_status":"closed","ping_status":"closed","template":"","meta":{"_acf_changed":false,"_glsr_average":0,"_glsr_ranking":0,"_glsr_reviews":0},"product_brand":[109],"product_cat":[76,18,50,17],"product_tag":[53],"giftcard-category":[],"class_list":{"0":"post-860","1":"product","2":"type-product","3":"status-publish","4":"has-post-thumbnail","6":"product_brand-der-versprochene-unter-diesem-namen","7":"product_cat-englisch","8":"product_cat-evangelisation_nachfolge","9":"product_cat-fernostliche-weltanschauung","10":"product_cat-new-release","11":"product_tag-english","13":"first","14":"instock","15":"taxable","16":"shipping-taxable","17":"purchasable","18":"product-type-simple"},"acf":[],"_links":{"self":[{"href":"https:\/\/eu.goodseed.com\/pl\/wp-json\/wp\/v2\/product\/860","targetHints":{"allow":["GET"]}}],"collection":[{"href":"https:\/\/eu.goodseed.com\/pl\/wp-json\/wp\/v2\/product"}],"about":[{"href":"https:\/\/eu.goodseed.com\/pl\/wp-json\/wp\/v2\/types\/product"}],"replies":[{"embeddable":true,"href":"https:\/\/eu.goodseed.com\/pl\/wp-json\/wp\/v2\/comments?post=860"}],"wp:featuredmedia":[{"embeddable":true,"href":"https:\/\/eu.goodseed.com\/pl\/wp-json\/wp\/v2\/media\/861"}],"wp:attachment":[{"href":"https:\/\/eu.goodseed.com\/pl\/wp-json\/wp\/v2\/media?parent=860"}],"wp:term":[{"taxonomy":"product_brand","embeddable":true,"href":"https:\/\/eu.goodseed.com\/pl\/wp-json\/wp\/v2\/product_brand?post=860"},{"taxonomy":"product_cat","embeddable":true,"href":"https:\/\/eu.goodseed.com\/pl\/wp-json\/wp\/v2\/product_cat?post=860"},{"taxonomy":"product_tag","embeddable":true,"href":"https:\/\/eu.goodseed.com\/pl\/wp-json\/wp\/v2\/product_tag?post=860"},{"taxonomy":"giftcard-category","embeddable":true,"href":"https:\/\/eu.goodseed.com\/pl\/wp-json\/wp\/v2\/giftcard-category?post=860"}],"curies":[{"name":"wp","href":"https:\/\/api.w.org\/{rel}","templated":true}]}}