{"id":858,"date":"2025-04-29T07:38:05","date_gmt":"2025-04-29T07:38:05","guid":{"rendered":"https:\/\/eu.goodseed.com\/?post_type=product&#038;p=858"},"modified":"2025-12-05T01:19:23","modified_gmt":"2025-12-05T01:19:23","slug":"all-that-the-prophets-have-spoken-english","status":"publish","type":"product","link":"https:\/\/eu.goodseed.com\/pl\/product\/all-that-the-prophets-have-spoken-english\/","title":{"rendered":"Wszystko, co powiedzieli prorocy (angielski)"},"content":{"rendered":"<blockquote>\n<ul>\n<li><strong>Kup 4 - 11 <\/strong>i otrzyma\u0107 <strong>20% Zni\u017cka<\/strong><\/li>\n<li><strong>Kup 12 - 23 <\/strong>i otrzyma\u0107 <strong>30% Zni\u017cka<\/strong><\/li>\n<li><strong>Kup 24 lub wi\u0119cej <\/strong>i otrzyma\u0107 <strong>40% Zni\u017cka<\/strong><\/li>\n<\/ul>\n<\/blockquote>\n<p>Wraz z rosn\u0105cym rozprzestrzenianiem si\u0119 islamu spotykasz coraz wi\u0119cej muzu\u0142man\u00f3w. Jak jednak przekaza\u0107 im g\u0142\u00f3wne przes\u0142anie Pisma \u015awi\u0119tego? Od czego powiniene\u015b zacz\u0105\u0107? Jak w og\u00f3le zacz\u0105\u0107?<\/p>\n<p>W swojej \u015bwi\u0119tej ksi\u0119dze, Koranie, muzu\u0142manie m\u00f3wi\u0105, \u017ce wierz\u0105 w Tor\u0119 Moj\u017cesza, Psalmy Dawida i Ewangeli\u0119 Jezusa. A je\u015bli kiedykolwiek rozmawia\u0142e\u015b z nimi o Pi\u015bmie \u015awi\u0119tym, by\u0107 mo\u017ce powiedzieli ci, \u017ce \u201ewierz\u0105 we wszystkich prorok\u00f3w\u201c.<\/p>\n<p>Podczas gdy wiele historii ze Starego Testamentu jest r\u00f3wnie\u017c wspomnianych w Koranie, a obie m\u00f3wi\u0105 o tych samych prorokach, istniej\u0105 znaczne r\u00f3\u017cnice w interpretacji i zrozumieniu. Ale jak zniwelowa\u0107 te r\u00f3\u017cnice, aby przekaza\u0107 przes\u0142anie Biblii w spos\u00f3b zrozumia\u0142y dla wszystkich?<\/p>\n<p><em>Wszystko, o czym m\u00f3wili prorocy<\/em> przygl\u0105da si\u0119 S\u0142owu Bo\u017cemu z perspektywy muzu\u0142ma\u0144skiego czytelnika, a wszystko to bez odwo\u0142ywania si\u0119 do islamu czy Koranu. Maj\u0105c \u015bwiadomo\u015b\u0107 tego, w co muzu\u0142manie wierz\u0105 na temat kluczowych prorok\u00f3w, ksi\u0105\u017cka ta analizuje to, co Pismo \u015awi\u0119te ma do powiedzenia o tych ludziach i \u0142\u0105czy je z g\u0142\u00f3wnym przes\u0142aniem Biblii. Maj\u0105c na uwadze islamsk\u0105 perspektyw\u0119, ksi\u0105\u017cka opiera si\u0119 na tym zrozumieniu i odpowiada na pytania, kt\u00f3re mog\u0105 mie\u0107 muzu\u0142manie, tak aby na ko\u0144cu mieli jasne zrozumienie Boga Biblii.<\/p>\n<p><a title=\"Przyk\u0142adowe rozdzia\u0142y ksi\u0105\u017cki\" href=\"http:\/\/www.goodseed.com\/pdfs\/samples\/sample-atp-eng-039001.pdf\" target=\"_blank\" rel=\"noopener\"><strong>Przeczytaj przyk\u0142adowe rozdzia\u0142y<\/strong><\/a><\/p>\n<p>Ta edycja zawiera 98 klip\u00f3w wideo online. Klipy te mo\u017cna ogl\u0105da\u0107 na urz\u0105dzeniu mobilnym lub w przegl\u0105darce internetowej. Aby uzyska\u0107 do nich dost\u0119p, u\u017cyj kod\u00f3w QR i adres\u00f3w URL. (<a href=\"http:\/\/goodseed.com\/atp\" target=\"_blank\" rel=\"noopener\">Zobacz filmy online<\/a>.) Opcjonalna p\u0142yta DVD z tymi klipami jest r\u00f3wnie\u017c dost\u0119pna do oddzielnego zakupu. Aby dokona\u0107 zakupu, przejd\u017a do <a href=\"https:\/\/ca.goodseed.com\/add-on-dvd-for-all-that-the-prophets-have-spoken\/\" target=\"_blank\" rel=\"noopener\">Dodatek DVD do Wszystko, co powiedzieli prorocy<\/a>.<\/p>\n<p>&nbsp;<\/p>\n<p><strong>Cechy<\/strong><\/p>\n<ul>\n<li><strong>Napisany dla doros\u0142ych i m\u0142odzie\u017cy:<\/strong> Zrozumia\u0142y dla dzieci od dziesi\u0105tego roku \u017cycia, ale napisany z my\u015bl\u0105 o nastolatkach i doros\u0142ych.<\/li>\n<li><strong>Za\u0142o\u017cenia:<\/strong> Zak\u0142ada, \u017ce kiedy czytelnicy my\u015bl\u0105 o Bogu, my\u015bl\u0105 tylko o jednym Bogu i \u017ce B\u00f3g jest osob\u0105, a nie si\u0142\u0105. Nie zak\u0142ada si\u0119 dalszej znajomo\u015bci Biblii.<\/li>\n<li><strong>Muzu\u0142ma\u0144ski \u015bwiatopogl\u0105d:<\/strong> Wyja\u015bnia przes\u0142anie Biblii w spos\u00f3b zrozumia\u0142y dla os\u00f3b o islamskim pochodzeniu kulturowym (ale niekoniecznie muzu\u0142man\u00f3w z przekonania) bez mieszania islamskiego i biblijnego \u015bwiatopogl\u0105du.<\/li>\n<li><strong>Chronologicznie:<\/strong> Rozpoczyna si\u0119 od stworzenia wszech\u015bwiata, a nast\u0119pnie przechodzi kolejno przez kluczowe historie Starego Testamentu do Nowego Testamentu, aby pokaza\u0107 znaczenie krzy\u017ca i grobu. G\u0142\u00f3wna historia Biblii \u0142\u0105czy si\u0119 w uniwersalny, wszechogarniaj\u0105cy dramat. Pod\u0105\u017ca za t\u0105 sam\u0105 fabu\u0142\u0105, co \u201eNieznajomy na drodze do Emaus\u201c, ale r\u00f3\u017cni si\u0119 o 25 procent. R\u00f3\u017cnica jest znacz\u0105ca.<\/li>\n<li><strong>Na podstawie Ewangelii Jana:<\/strong> Wykorzystuje Ewangeli\u0119 Jana jako szablon; jednocze\u015bnie zapewnia niezb\u0119dne historie w tle, aby kontekstualizowa\u0107 Ewangeli\u0119. Zak\u0142ada si\u0119, \u017ce czytelnik wie bardzo niewiele, je\u015bli w og\u00f3le, o S\u0142owie Bo\u017cym.<\/li>\n<li><strong>Cel:<\/strong> Pismo \u015awi\u0119te mo\u017ce m\u00f3wi\u0107 samo za siebie, gdy przedstawia dobr\u0105 nowin\u0119 o Jezusie Chrystusie. Nie ma namawiania do wiary. Przes\u0142anie jest przedstawione obiektywnie; decyzja, czy wierzy\u0107, czy nie, nale\u017cy do czytelnika.<\/li>\n<li><strong>Wy\u0142\u0105czenie Pisma \u015awi\u0119tego z tradycji religijnych:<\/strong> Czytelnik jest wprowadzany w s\u0142owo Bo\u017ce bez konfrontacji z religijnymi pu\u0142apkami.<\/li>\n<li><strong>Wersety biblijne:<\/strong> Opowie\u015b\u0107 zawiera 1244 wersety biblijne wplecione w tekst. Czytelnik sam anga\u017cuje si\u0119 w tekst Biblii.<\/li>\n<li><strong>Ilustrowane:<\/strong> Ponad 100 rysunk\u00f3w, map i diagram\u00f3w pomaga wyja\u015bni\u0107 histori\u0119.<\/li>\n<li><strong>Zaprojektowany jako prezent:<\/strong> Ksi\u0105\u017cka mo\u017ce by\u0107 przekazywana jak traktat ewangeliczny. W ten spos\u00f3b czytelnicy mog\u0105 sami do\u015bwiadczy\u0107 przes\u0142ania Biblii.<\/li>\n<\/ul>\n<p>Liczba stron: 288<br \/>\nISBN: 9781890082536<\/p>\n<p>Dost\u0119pne r\u00f3wnie\u017c: <a href=\"https:\/\/ca.goodseed.com\/all-that-the-prophets-have-spoken-english-ebook\/\">Wydanie eBook<\/a><\/p>","protected":false},"excerpt":{"rendered":"<div class=\"productView-info-bulkPricing\">\n<p>Ceny hurtowe: Poni\u017cej znajduj\u0105 si\u0119 dost\u0119pne stawki rabat\u00f3w hurtowych dla ka\u017cdego pojedynczego produktu przy zakupie okre\u015blonej ilo\u015bci<\/p>\n<ul>\n<li>Kup 3 - 11 i otrzymaj 20% zni\u017cki<\/li>\n<li>Kup 12-23 i otrzymaj 30% zni\u017cki<\/li>\n<li>Kup 24 lub wi\u0119cej i otrzymaj 40% zni\u017cki<\/li>\n<\/ul>\n<\/div>\n<div class=\"productView-specs\">\n<div><\/div>\n<\/div>","protected":false},"featured_media":859,"comment_status":"closed","ping_status":"closed","template":"","meta":{"_acf_changed":false,"_glsr_average":0,"_glsr_ranking":0,"_glsr_reviews":0},"product_brand":[111],"product_cat":[76,18,49,17],"product_tag":[53],"giftcard-category":[],"class_list":{"0":"post-858","1":"product","2":"type-product","3":"status-publish","4":"has-post-thumbnail","6":"product_brand-alles-was-die-propheten-verheissen-haben","7":"product_cat-englisch","8":"product_cat-evangelisation_nachfolge","9":"product_cat-islamische-weltanschauung","10":"product_cat-new-release","11":"product_tag-english","13":"first","14":"instock","15":"taxable","16":"shipping-taxable","17":"purchasable","18":"product-type-simple"},"acf":[],"_links":{"self":[{"href":"https:\/\/eu.goodseed.com\/pl\/wp-json\/wp\/v2\/product\/858","targetHints":{"allow":["GET"]}}],"collection":[{"href":"https:\/\/eu.goodseed.com\/pl\/wp-json\/wp\/v2\/product"}],"about":[{"href":"https:\/\/eu.goodseed.com\/pl\/wp-json\/wp\/v2\/types\/product"}],"replies":[{"embeddable":true,"href":"https:\/\/eu.goodseed.com\/pl\/wp-json\/wp\/v2\/comments?post=858"}],"wp:featuredmedia":[{"embeddable":true,"href":"https:\/\/eu.goodseed.com\/pl\/wp-json\/wp\/v2\/media\/859"}],"wp:attachment":[{"href":"https:\/\/eu.goodseed.com\/pl\/wp-json\/wp\/v2\/media?parent=858"}],"wp:term":[{"taxonomy":"product_brand","embeddable":true,"href":"https:\/\/eu.goodseed.com\/pl\/wp-json\/wp\/v2\/product_brand?post=858"},{"taxonomy":"product_cat","embeddable":true,"href":"https:\/\/eu.goodseed.com\/pl\/wp-json\/wp\/v2\/product_cat?post=858"},{"taxonomy":"product_tag","embeddable":true,"href":"https:\/\/eu.goodseed.com\/pl\/wp-json\/wp\/v2\/product_tag?post=858"},{"taxonomy":"giftcard-category","embeddable":true,"href":"https:\/\/eu.goodseed.com\/pl\/wp-json\/wp\/v2\/giftcard-category?post=858"}],"curies":[{"name":"wp","href":"https:\/\/api.w.org\/{rel}","templated":true}]}}