{"id":856,"date":"2025-04-29T07:32:29","date_gmt":"2025-04-29T07:32:29","guid":{"rendered":"https:\/\/eu.goodseed.com\/?post_type=product&#038;p=856"},"modified":"2025-12-05T01:19:32","modified_gmt":"2025-12-05T01:19:32","slug":"by-this-name-companion-workbook-english","status":"publish","type":"product","link":"https:\/\/eu.goodseed.com\/pl\/product\/by-this-name-companion-workbook-english\/","title":{"rendered":"By This Name - Companion Workbook (angielski)"},"content":{"rendered":"<p>Ten zeszyt \u0107wicze\u0144 jest niezb\u0119dnym uzupe\u0142nieniem \u201e<a title=\"By This Name\" href=\"https:\/\/ca.goodseed.com\/by-this-name-english\/\">Pod t\u0105 nazw\u0105.<\/a>\u201e. Oferuje on \u0142atwy spos\u00f3b na powt\u00f3rzenie aktualnie omawianego tematu. Je\u015bli co\u015b nie jest jasne dla ucznia, dowie si\u0119 tego z pomoc\u0105 zeszytu \u0107wicze\u0144. Ka\u017cdy rozdzia\u0142 odpowiada rozdzia\u0142om w \u201eBy This Name\u201c i zawiera pytania maj\u0105ce na celu wzmocnienie kluczowych punkt\u00f3w, a tak\u017ce dodatkowe zadania, kt\u00f3re wprowadzaj\u0105 ucznia w sam\u0105 Bibli\u0119.<\/p>\n<p>Niekt\u00f3re z pyta\u0144 to pytania wielokrotnego wyboru, pytania typu cloze i krzy\u017c\u00f3wki, na kt\u00f3re odpowiedzi mo\u017cna znale\u017a\u0107 z ty\u0142u zeszytu \u0107wicze\u0144.<\/p>\n<p>Jest to idealne narz\u0119dzie do studiowania Biblii w domu, w szk\u00f3\u0142ce niedzielnej lub na obozie biblijnym.<\/p>\n<p>Liczba stron: 80<br \/>\nISBN: 9781890082123<\/p>","protected":false},"excerpt":{"rendered":"<p>Dieses Arbeitsbuch ist eine unverzichtbare Erg\u00e4nzung zu &#8222;By This Name.&#8222;. Es bietet eine einfache M\u00f6glichkeit, den Lernstoff zu wiederholen, der gerade behandelt wird. Wenn Ihrem Sch\u00fcler etwas nicht klar ist, werden Sie es mit Hilfe des Arbeitsbuchs herausfinden. Jedes Kapitel korrespondiert mit den Kapiteln in &#8222;By This Name&#8220; und stellt Fragen, die darauf abzielen, die [&hellip;]<\/p>\n","protected":false},"featured_media":857,"comment_status":"closed","ping_status":"closed","template":"","meta":{"_acf_changed":false,"_glsr_average":0,"_glsr_ranking":0,"_glsr_reviews":0},"product_brand":[111],"product_cat":[76,18,50,17],"product_tag":[53],"giftcard-category":[],"class_list":{"0":"post-856","1":"product","2":"type-product","3":"status-publish","4":"has-post-thumbnail","6":"product_brand-alles-was-die-propheten-verheissen-haben","7":"product_cat-englisch","8":"product_cat-evangelisation_nachfolge","9":"product_cat-fernostliche-weltanschauung","10":"product_cat-new-release","11":"product_tag-english","13":"first","14":"instock","15":"taxable","16":"shipping-taxable","17":"purchasable","18":"product-type-simple"},"acf":[],"_links":{"self":[{"href":"https:\/\/eu.goodseed.com\/pl\/wp-json\/wp\/v2\/product\/856","targetHints":{"allow":["GET"]}}],"collection":[{"href":"https:\/\/eu.goodseed.com\/pl\/wp-json\/wp\/v2\/product"}],"about":[{"href":"https:\/\/eu.goodseed.com\/pl\/wp-json\/wp\/v2\/types\/product"}],"replies":[{"embeddable":true,"href":"https:\/\/eu.goodseed.com\/pl\/wp-json\/wp\/v2\/comments?post=856"}],"wp:featuredmedia":[{"embeddable":true,"href":"https:\/\/eu.goodseed.com\/pl\/wp-json\/wp\/v2\/media\/857"}],"wp:attachment":[{"href":"https:\/\/eu.goodseed.com\/pl\/wp-json\/wp\/v2\/media?parent=856"}],"wp:term":[{"taxonomy":"product_brand","embeddable":true,"href":"https:\/\/eu.goodseed.com\/pl\/wp-json\/wp\/v2\/product_brand?post=856"},{"taxonomy":"product_cat","embeddable":true,"href":"https:\/\/eu.goodseed.com\/pl\/wp-json\/wp\/v2\/product_cat?post=856"},{"taxonomy":"product_tag","embeddable":true,"href":"https:\/\/eu.goodseed.com\/pl\/wp-json\/wp\/v2\/product_tag?post=856"},{"taxonomy":"giftcard-category","embeddable":true,"href":"https:\/\/eu.goodseed.com\/pl\/wp-json\/wp\/v2\/giftcard-category?post=856"}],"curies":[{"name":"wp","href":"https:\/\/api.w.org\/{rel}","templated":true}]}}