{"id":854,"date":"2025-04-29T07:25:45","date_gmt":"2025-04-29T07:25:45","guid":{"rendered":"https:\/\/eu.goodseed.com\/?post_type=product&#038;p=854"},"modified":"2025-12-05T01:19:41","modified_gmt":"2025-12-05T01:19:41","slug":"by-this-name-leaders-guide-english","status":"publish","type":"product","link":"https:\/\/eu.goodseed.com\/pl\/product\/by-this-name-leaders-guide-english\/","title":{"rendered":"By This Name Przewodnik dla mened\u017cer\u00f3w (angielski)"},"content":{"rendered":"<p>Podczas gdy <a href=\"https:\/\/ca.goodseed.com\/worldview-rethink-curriculum-box-english\/\">Pude\u0142ko z programem nauczania dla lider\u00f3w<\/a> (kt\u00f3ry zawiera przewodnik dla moderatora, podr\u0119czniki i zeszyty \u0107wicze\u0144, a tak\u017ce p\u0142yty DVD i CD z zasobami) to najlepsza oferta na rozpocz\u0119cie w\u0142asnego kursu Worldview Rethink, niekt\u00f3rzy mog\u0105 chcie\u0107 kupi\u0107 dodatkow\u0105 kopi\u0119 przewodnika, je\u015bli ucz\u0105 w zespole.<\/p>\n<p>W dzisiejszym \u015bwiecie wielu ludzi tworzy sw\u00f3j w\u0142asny rodzaj duchowo\u015bci i czyni Boga kimkolwiek chc\u0105. Inni uwa\u017caj\u0105 Boga za bezosobow\u0105 si\u0142\u0119. <em>By This Name <\/em>wykorzystuje rzadko stosowan\u0105, ale solidn\u0105 metod\u0119 biblijn\u0105, aby odr\u00f3\u017cni\u0107 Boga Biblii od innych form duchowo\u015bci, odpowiadaj\u0105c na dwa pytania: \u201eKim jest Jezus?\u201c i \u201eO co chodzi z krzy\u017cem i grobem?\u201c. Ustanawia autorytet Pisma \u015awi\u0119tego i starannie por\u00f3wnuje biblijny \u015bwiatopogl\u0105d z innymi \u015bwiatopogl\u0105dami w obiektywny, nieinwazyjny spos\u00f3b.<\/p>\n<p><em>Podr\u0119cznik dla mened\u017cer\u00f3w <\/em>jest idealny dla ka\u017cdego wierz\u0105cego, kt\u00f3ry chce uczy\u0107 kogo\u015b poprzez oparte na stworzeniu podej\u015bcie do ewangelii. Daje solidny przegl\u0105d g\u0142\u00f3wnego przes\u0142ania Biblii. \u0141\u0105czy kluczowe historie ze Starego i Nowego Testamentu, aby ukaza\u0107 to\u017csamo\u015b\u0107 Boga i natur\u0119 grzechu, odpowiadaj\u0105c na dwa pytania: \u201eKim jest Jezus?\u201c i \u201eO co chodzi w historii krzy\u017ca i grobu?\u201c. Pomaga ludziom jasno zrozumie\u0107 g\u0142\u00f3wne przes\u0142anie Biblii.<\/p>\n<p>&nbsp;<\/p>\n<p><strong>Cechy:<\/strong><\/p>\n<ul>\n<li>Zawiera pe\u0142ny tekst podr\u0119cznika, szczeg\u00f3\u0142owe informacje o tym, jak uczy\u0107 samodzielnie lub ze wsp\u00f3\u0142prowadz\u0105cym, jak korzysta\u0107 z film\u00f3w i pomocy wizualnych oraz sekcj\u0119 notatek dla prowadz\u0105cego, kt\u00f3ra zawiera bardziej szczeg\u00f3\u0142owe informacje.<\/li>\n<li><strong>Zakres dostawy obejmuje interaktywn\u0105 p\u0142yt\u0119 DVD<\/strong> z 66 klipami wideo trwaj\u0105cymi \u0142\u0105cznie 2 godziny i 40 minut. Klipy te mog\u0105 by\u0107 wy\u015bwietlane podczas sesji kursu.<\/li>\n<li><strong>Opcjonalnie:<\/strong> Mo\u017cna r\u00f3wnie\u017c zakupi\u0107 Podr\u0119cznik Lidera z dodatkowymi czterema p\u0142ytami szkoleniowymi i zasobami.<\/li>\n<\/ul>\n<p>Niniejszy podr\u0119cznik dla mened\u017cer\u00f3w jest cz\u0119\u015bci\u0105 <a href=\"https:\/\/ca.goodseed.com\/worldview-rethink-curriculum-box-english\/\">Worldview Rethink Curriculum Box<\/a>. Mo\u017ce by\u0107 u\u017cywany samodzielnie lub razem z jednym z zasob\u00f3w Worldview Rethink.<\/p>\n<p>&nbsp;<\/p>\n<p><strong>Opcjonalne szkoleniowe p\u0142yty DVD:<\/strong><\/p>\n<ol>\n<li>\u201eCo\u201c: Czym jest Worldview Rethink?<\/li>\n<li>\u201eDlaczego: Wyj\u0105tkowo\u015b\u0107 Worldview Rethink i to, co mo\u017ce wnie\u015b\u0107 do Cia\u0142a Chrystusa\u201c.<\/li>\n<li>\u201eJak\u201c: Film instrukta\u017cowy na temat sposobu prowadzenia kursu.<\/li>\n<li>P\u0142yta CD z zasobami: Dodatkowe pomoce wizualne do wydrukowania i szablony do drukowania do nauczania kursu Rethinking Worldview, a tak\u017ce banery, ulotki, plakaty - wszystko, czego potrzebujesz, aby nag\u0142o\u015bni\u0107 kurs.<\/li>\n<\/ol>\n<p><a href=\"http:\/\/goodseed.com\/pdfs\/btn-leaders-guide-sample.pdf\" target=\"_blank\" rel=\"noopener\">Pobierz przyk\u0142adowe strony przewodnika.<\/a><\/p>\n<p>&nbsp;<\/p>\n<p><strong> <\/strong><\/p>\n<p><strong>Dodatkowe zasoby:<\/strong><\/p>\n<p><a href=\"https:\/\/ca.goodseed.com\/the-stranger-on-the-road-to-emmaus-leaders-guide-english\/\"><em>Nieznajomy na drodze do Emaus <\/em>Przewodnik dla mened\u017cer\u00f3w.<\/a>\u00a0Jest idealny dla ka\u017cdego wierz\u0105cego, kt\u00f3ry chce uczy\u0107 kogo\u015b o chrze\u015bcija\u0144skim pochodzeniu, czy to katolika, protestanta czy prawos\u0142awnego. Zak\u0142ada, \u017ce czytelnicy maj\u0105 koncepcj\u0119 jednego Boga, kt\u00f3ry jest osob\u0105, a nie si\u0142\u0105.<\/p>\n<p><a href=\"https:\/\/ca.goodseed.com\/all-that-the-prophets-have-spoken-leaders-guide-english\/\"><em>Wszystko, co powiedzieli prorocy<\/em> Przewodnik dla mened\u017cer\u00f3w<\/a> Jest to idealne rozwi\u0105zanie dla ka\u017cdego wierz\u0105cego, kt\u00f3ry chce naucza\u0107 kogo\u015b o islamskim \u015bwiatopogl\u0105dzie poprzez oparte na stworzeniu podej\u015bcie do ewangelii. Spogl\u0105da na S\u0142owo Bo\u017ce z perspektywy muzu\u0142ma\u0144skiego czytelnika bez odwo\u0142ywania si\u0119 do islamu czy Koranu.<\/p>","protected":false},"excerpt":{"rendered":"<div class=\"productView-product\">\n<div class=\"productView-specs\">\n<div><\/div>\n<\/div>\n<\/div>\n<div class=\"productView-options\">\n<form class=\"form\" action=\"https:\/\/ca.goodseed.com\/cart.php\" enctype=\"multipart\/form-data\" method=\"post\" data-cart-item-add=\"\">\n<div class=\"productView-options-wrap\" data-product-option-change=\"\">\n<div class=\"productView-options-inner\">\n<div class=\"form-field\" role=\"radiogroup\" data-product-attribute=\"set-rectangle\" aria-labelledby=\"rectangle-group-label\">\n<p><label id=\"rectangle-group-label\" class=\"form-label form-label--alternate form-label--inlineSmall\">Leader&#8217;s Guide and Training DVDs:\u00a0<small class=\"is-required\">(Required)\u00a0<\/small><\/label><\/p>\n<div class=\"form-option-wrapper\"><input id=\"attribute_rectangle__293_212\" class=\"form-radio\" name=\"attribute[293]\" required=\"\" type=\"radio\" value=\"212\" data-state=\"false\" \/><label class=\"form-option\" for=\"attribute_rectangle__293_212\" data-product-attribute-value=\"212\"><span class=\"form-option-variant\">Leader&#8217;s Guide Only<\/span><\/label><\/div>\n<div class=\"form-option-wrapper\"><input id=\"attribute_rectangle__293_213\" class=\"form-radio\" name=\"attribute[293]\" required=\"\" type=\"radio\" value=\"213\" data-state=\"false\" \/><label class=\"form-option\" for=\"attribute_rectangle__293_213\" data-product-attribute-value=\"213\"><span class=\"form-option-variant\">Leader&#8217;s Guide with training DVDs<\/span><\/label><\/div>\n<\/div>\n<\/div>\n<\/div>\n<\/form>\n<\/div>\n","protected":false},"featured_media":855,"comment_status":"closed","ping_status":"closed","template":"","meta":{"_acf_changed":false,"_glsr_average":0,"_glsr_ranking":0,"_glsr_reviews":0},"product_brand":[109],"product_cat":[76,18,50,17],"product_tag":[53],"giftcard-category":[],"class_list":{"0":"post-854","1":"product","2":"type-product","3":"status-publish","4":"has-post-thumbnail","6":"product_brand-der-versprochene-unter-diesem-namen","7":"product_cat-englisch","8":"product_cat-evangelisation_nachfolge","9":"product_cat-fernostliche-weltanschauung","10":"product_cat-new-release","11":"product_tag-english","13":"first","14":"outofstock","15":"taxable","16":"shipping-taxable","17":"purchasable","18":"product-type-variable"},"acf":[],"_links":{"self":[{"href":"https:\/\/eu.goodseed.com\/pl\/wp-json\/wp\/v2\/product\/854","targetHints":{"allow":["GET"]}}],"collection":[{"href":"https:\/\/eu.goodseed.com\/pl\/wp-json\/wp\/v2\/product"}],"about":[{"href":"https:\/\/eu.goodseed.com\/pl\/wp-json\/wp\/v2\/types\/product"}],"replies":[{"embeddable":true,"href":"https:\/\/eu.goodseed.com\/pl\/wp-json\/wp\/v2\/comments?post=854"}],"wp:featuredmedia":[{"embeddable":true,"href":"https:\/\/eu.goodseed.com\/pl\/wp-json\/wp\/v2\/media\/855"}],"wp:attachment":[{"href":"https:\/\/eu.goodseed.com\/pl\/wp-json\/wp\/v2\/media?parent=854"}],"wp:term":[{"taxonomy":"product_brand","embeddable":true,"href":"https:\/\/eu.goodseed.com\/pl\/wp-json\/wp\/v2\/product_brand?post=854"},{"taxonomy":"product_cat","embeddable":true,"href":"https:\/\/eu.goodseed.com\/pl\/wp-json\/wp\/v2\/product_cat?post=854"},{"taxonomy":"product_tag","embeddable":true,"href":"https:\/\/eu.goodseed.com\/pl\/wp-json\/wp\/v2\/product_tag?post=854"},{"taxonomy":"giftcard-category","embeddable":true,"href":"https:\/\/eu.goodseed.com\/pl\/wp-json\/wp\/v2\/giftcard-category?post=854"}],"curies":[{"name":"wp","href":"https:\/\/api.w.org\/{rel}","templated":true}]}}