{"id":809,"date":"2025-04-29T05:33:19","date_gmt":"2025-04-29T05:33:19","guid":{"rendered":"https:\/\/eu.goodseed.com\/?post_type=product&#038;p=809"},"modified":"2025-12-05T01:29:08","modified_gmt":"2025-12-05T01:29:08","slug":"by-this-name-mongolian","status":"publish","type":"product","link":"https:\/\/eu.goodseed.com\/pl\/product\/by-this-name-mongolian\/","title":{"rendered":"Pod t\u0105 nazw\u0105 (mongolsk\u0105)"},"content":{"rendered":"<p>Dies ist die mongolische Ausgabe von \u201e<a title=\"By This Name\" href=\"https:\/\/ca.goodseed.com\/by-this-name-english\/\">By This Name<\/a>\u201c.<\/p>\n<p>Poni\u017cej znajduje si\u0119 opis edycji angielskiej:<\/p>\n<p>By\u0107 mo\u017ce powiedziano ci: \u201eCiesz\u0119 si\u0119, \u017ce znalaz\u0142e\u015b drog\u0119 do Boga, ale ka\u017cdy znajduje Go w innych miejscach i innych religiach\u201c. Jak wi\u0119c podzieli\u0107 si\u0119 ewangeli\u0105 z kim\u015b, kto wierzy, \u017ce B\u00f3g jest obecny w ca\u0142ej naturze? Co powiedzie\u0107, gdy przyjaciel my\u015bli o \u201eBogu\u201c jako o duchowej sile lub energii, a nie osobie? W \u015bwiecie, w kt\u00f3rym \u201educhowo\u015b\u0107\u201c sta\u0142a si\u0119 popularna, a wiedza o Bogu prawie zanik\u0142a, jak mo\u017cna dzieli\u0107 si\u0119 dobr\u0105 nowin\u0105 o Jezusie Chrystusie? Nawet \u015bwiat zachodni by\u0142 pod wp\u0142ywem kultur, kt\u00f3re wierzy\u0142y w wielu bog\u00f3w.<\/p>\n<p>\u201eBy This Name\u201c wyja\u015bnia podstawowe przes\u0142anie Biblii ludziom, kt\u00f3rzy nie maj\u0105 o niej poj\u0119cia. Opieraj\u0105c si\u0119 na strukturze Ewangelii Jana, ksi\u0105\u017cka wyra\u017anie odr\u00f3\u017cnia Boga Biblii od wszystkich innych bog\u00f3w. Ustanawia autorytet Pisma \u015awi\u0119tego i starannie por\u00f3wnuje biblijny \u015bwiatopogl\u0105d ze \u015bwiatopogl\u0105dami Wschodu. \u0141\u0105czy kluczowe historie ze Starego i Nowego Testamentu, aby ujawni\u0107 to\u017csamo\u015b\u0107 Boga i natur\u0119 grzechu, w celu udzielenia odpowiedzi na dwa pytania: \u201eKim jest Jezus?\u201c i \u201eO co chodzi w historii krzy\u017ca i grobu?\u201c. Ksi\u0105\u017cka pomaga ludziom zrozumie\u0107, o co chodzi w Biblii.<\/p>\n<p>\u201eBy This Name\u201c folgt einer \u00e4hnlichen chronologischen Struktur wie \u201eThe Stranger on the Road to Emmaus\u201c, unterscheidet sich aber inhaltlich um 60 Prozent.<\/p>\n<p><strong><a title=\"BTN Mongolian sample chapters\" href=\"http:\/\/www.goodseed.com\/pdfs\/samples\/sample-btn-mongolian-040007.pdf\" target=\"_blank\" rel=\"noopener\">Przeczytaj przyk\u0142adowy rozdzia\u0142<\/a><\/strong><\/p>\n<p>&nbsp;<\/p>\n<h4><strong>Cechy<\/strong><\/h4>\n<ul>\n<li><strong>Napisany dla doros\u0142ych i m\u0142odzie\u017cy:<\/strong> Ksi\u0105\u017cka jest odpowiednia dla doros\u0142ych i m\u0142odzie\u017cy.<\/li>\n<li><strong>Wymagania wst\u0119pne:<\/strong> Setzt voraus, dass die Leser keine oder nur geringe Kenntnisse \u00fcber die Bibel haben.<\/li>\n<li><strong>Wschodni \u015bwiatopogl\u0105d:<\/strong> Geht auf eine postmoderne, postchristliche, s\u00e4kulare Denkweise ein. Geht auch auf Fragen ein, die sich aus Polytheismus, Pantheismus, Animismus, Agnostizismus und Atheismus ergeben.<\/li>\n<li><strong>Chronologicznie:<\/strong> Rozpoczyna si\u0119 od stworzenia wszech\u015bwiata, a nast\u0119pnie przechodzi kolejno przez kluczowe historie Starego Testamentu do Nowego Testamentu, aby ujawni\u0107 znaczenie krzy\u017ca i grobu. G\u0142\u00f3wna historia Biblii jest spleciona w uniwersalny, wszechogarniaj\u0105cy dramat. Pod\u0105\u017ca za t\u0105 sam\u0105 fabu\u0142\u0105, co \u201eNieznajomy na drodze do Emaus\u201c, ale r\u00f3\u017cni si\u0119 o 60 procent.<\/li>\n<li><strong>Na podstawie Ewangelii Jana:<\/strong> Wykorzystuje Ewangeli\u0119 Jana jako szablon, ale jednocze\u015bnie zapewnia niezb\u0119dne historie t\u0142a, aby kontekstualizowa\u0107 Ewangeli\u0119. Zak\u0142ada, \u017ce czytelnik wie niewiele lub nic o Biblii.<\/li>\n<li><strong>K\u0142adzie nacisk na Boga Biblii:<\/strong> Beantwortet die Frage: \u201eWas macht Ihr heiliges Buch besser als meines?\u201c \u201eBei diesem Namen\u201c geht darauf ein, was den Gott der Bibel von allen anderen G\u00f6ttern oder Geistern unterscheidet.<\/li>\n<li><strong>Wy\u0142\u0105czenie Biblii z tradycji religijnych:<\/strong> Czytelnicy poznaj\u0105 Bibli\u0119 bez baga\u017cu religijnego.<\/li>\n<li><strong>Cel:<\/strong> Die Bibel darf f\u00fcr sich selbst sprechen, wenn sie die gute Nachricht von Jesus Christus pr\u00e4sentiert. Es wird nicht zum Glauben gedr\u00e4ngt. Die Botschaft wird objektiv dargestellt; die Entscheidung, ob man glaubt oder nicht, wird dem Leser \u00fcberlassen.<\/li>\n<li><strong>Wersety biblijne:<\/strong> Opowiedziana jako historia, 1570 werset\u00f3w biblijnych jest wplecionych w tekst. Czytelnik sam anga\u017cuje si\u0119 w tekst Biblii.<\/li>\n<li><strong>Ilustrowane:<\/strong> Ponad 100 rysunk\u00f3w, map i diagram\u00f3w pomaga wyja\u015bni\u0107 histori\u0119.<\/li>\n<li><strong>Zaprojektowany jako prezent:<\/strong> Ksi\u0105\u017cka mo\u017ce by\u0107 przekazywana jak traktat ewangeliczny. W ten spos\u00f3b czytelnicy mog\u0105 sami do\u015bwiadczy\u0107 przes\u0142ania Biblii.<\/li>\n<\/ul>\n<p>Seitenzahl: 430<br \/>\nISBN: 9781927429129<\/p>","protected":false},"excerpt":{"rendered":"<p>Dies ist die mongolische Ausgabe von \u201eBy This Name\u201c. Im Folgenden finden Sie die Beschreibung der englischen Ausgabe: Vielleicht hat man Ihnen gesagt: \u201eIch bin froh, dass Sie Ihren Weg zu Gott gefunden haben, aber jeder findet ihn an anderen Orten und in anderen Religionen.\u201c Wie teilen Sie also das Evangelium mit jemandem, der glaubt, [&hellip;]<\/p>\n","protected":false},"featured_media":811,"comment_status":"closed","ping_status":"closed","template":"","meta":{"_acf_changed":false,"_glsr_average":0,"_glsr_ranking":0,"_glsr_reviews":0},"product_brand":[],"product_cat":[18,50,82],"product_tag":[57],"giftcard-category":[],"class_list":{"0":"post-809","1":"product","2":"type-product","3":"status-publish","4":"has-post-thumbnail","6":"product_cat-evangelisation_nachfolge","7":"product_cat-fernostliche-weltanschauung","8":"product_cat-mongolisch","9":"product_tag-mongolian","11":"first","12":"instock","13":"taxable","14":"shipping-taxable","15":"purchasable","16":"product-type-simple"},"acf":[],"_links":{"self":[{"href":"https:\/\/eu.goodseed.com\/pl\/wp-json\/wp\/v2\/product\/809","targetHints":{"allow":["GET"]}}],"collection":[{"href":"https:\/\/eu.goodseed.com\/pl\/wp-json\/wp\/v2\/product"}],"about":[{"href":"https:\/\/eu.goodseed.com\/pl\/wp-json\/wp\/v2\/types\/product"}],"replies":[{"embeddable":true,"href":"https:\/\/eu.goodseed.com\/pl\/wp-json\/wp\/v2\/comments?post=809"}],"wp:featuredmedia":[{"embeddable":true,"href":"https:\/\/eu.goodseed.com\/pl\/wp-json\/wp\/v2\/media\/811"}],"wp:attachment":[{"href":"https:\/\/eu.goodseed.com\/pl\/wp-json\/wp\/v2\/media?parent=809"}],"wp:term":[{"taxonomy":"product_brand","embeddable":true,"href":"https:\/\/eu.goodseed.com\/pl\/wp-json\/wp\/v2\/product_brand?post=809"},{"taxonomy":"product_cat","embeddable":true,"href":"https:\/\/eu.goodseed.com\/pl\/wp-json\/wp\/v2\/product_cat?post=809"},{"taxonomy":"product_tag","embeddable":true,"href":"https:\/\/eu.goodseed.com\/pl\/wp-json\/wp\/v2\/product_tag?post=809"},{"taxonomy":"giftcard-category","embeddable":true,"href":"https:\/\/eu.goodseed.com\/pl\/wp-json\/wp\/v2\/giftcard-category?post=809"}],"curies":[{"name":"wp","href":"https:\/\/api.w.org\/{rel}","templated":true}]}}