{"id":801,"date":"2025-04-29T05:23:04","date_gmt":"2025-04-29T05:23:04","guid":{"rendered":"https:\/\/eu.goodseed.com\/?post_type=product&#038;p=801"},"modified":"2025-12-05T01:29:16","modified_gmt":"2025-12-05T01:29:16","slug":"by-this-name-thai","status":"publish","type":"product","link":"https:\/\/eu.goodseed.com\/pl\/product\/by-this-name-thai\/","title":{"rendered":"Unter diesem Namen (Thai)"},"content":{"rendered":"<div>\n<ul>\n<li><strong>Kup 12 lub wi\u0119cej <\/strong>i otrzyma\u0107 <strong>10% Zni\u017cka<\/strong><\/li>\n<\/ul>\n<\/div>\n<p>To jest tajskie wydanie \u201e<a title=\"By This Name\" href=\"https:\/\/ca.goodseed.com\/by-this-name-english\/\">By This Name<\/a>.\u201c S\u0105 to ksi\u0105\u017cki oprawione w spiral\u0119, kt\u00f3re nie s\u0105 dok\u0142adnie takie, jak na zdj\u0119ciu.<\/p>\n<p>Poni\u017cej znajduje si\u0119 opis wydania angielskiego:<\/p>\n<p>By\u0107 mo\u017ce powiedziano ci: \u201eCiesz\u0119 si\u0119, \u017ce znalaz\u0142e\u015b drog\u0119 do Boga, ale ka\u017cdy znajduje Go w innych miejscach i innych religiach\u201c. Jak wi\u0119c podzieli\u0107 si\u0119 ewangeli\u0105 z kim\u015b, kto wierzy, \u017ce B\u00f3g jest obecny w ca\u0142ej naturze? Co powiedzie\u0107, gdy przyjaciel my\u015bli o \u201eBogu\u201c jako o duchowej sile lub energii, a nie osobie? W \u015bwiecie, w kt\u00f3rym \u201educhowo\u015b\u0107\u201c sta\u0142a si\u0119 popularna, a wiedza o Bogu prawie zanik\u0142a, jak mo\u017cna dzieli\u0107 si\u0119 dobr\u0105 nowin\u0105 o Jezusie Chrystusie? Nawet \u015bwiat zachodni by\u0142 pod wp\u0142ywem kultur, kt\u00f3re wierzy\u0142y w wielu bog\u00f3w.<\/p>\n<p>\u201eBy This Name\u201c wyja\u015bnia podstawowe przes\u0142anie Biblii ludziom, kt\u00f3rzy nie maj\u0105 o niej poj\u0119cia. Opieraj\u0105c si\u0119 na strukturze Ewangelii Jana, ksi\u0105\u017cka wyra\u017anie odr\u00f3\u017cnia Boga Biblii od wszystkich innych bog\u00f3w. Ustanawia autorytet Pisma \u015awi\u0119tego i starannie por\u00f3wnuje biblijny \u015bwiatopogl\u0105d ze \u015bwiatopogl\u0105dami Wschodu. \u0141\u0105czy kluczowe historie ze Starego i Nowego Testamentu, aby ujawni\u0107 to\u017csamo\u015b\u0107 Boga i natur\u0119 grzechu, w celu udzielenia odpowiedzi na dwa pytania: \u201eKim jest Jezus?\u201c i \u201eO co chodzi w historii krzy\u017ca i grobu?\u201c. Ksi\u0105\u017cka pomaga ludziom zrozumie\u0107, o co chodzi w Biblii.<\/p>\n<p>\u201eBy This Name\u201c ma podobn\u0105 struktur\u0119 chronologiczn\u0105 do \u201eNieznajomego na drodze do Emaus\u201c, ale r\u00f3\u017cni si\u0119 w 60 procentach pod wzgl\u0119dem tre\u015bci.<\/p>\n<h4><strong>Cechy<\/strong><\/h4>\n<ul>\n<li><strong>Napisany dla doros\u0142ych i m\u0142odzie\u017cy:<\/strong> Ksi\u0105\u017cka jest odpowiednia dla doros\u0142ych i m\u0142odzie\u017cy.<\/li>\n<li><strong>Za\u0142o\u017cenia:<\/strong> Zak\u0142ada, \u017ce czytelnicy maj\u0105 niewielk\u0105 lub \u017cadn\u0105 wiedz\u0119 na temat Biblii.<\/li>\n<li><strong>Wschodni \u015bwiatopogl\u0105d:<\/strong> Zajmuje si\u0119 postmodernistycznym, postchrze\u015bcija\u0144skim, \u015bwieckim sposobem my\u015blenia. Porusza r\u00f3wnie\u017c kwestie wynikaj\u0105ce z politeizmu, panteizmu, animizmu, agnostycyzmu i ateizmu.<\/li>\n<li><strong>Chronologicznie:<\/strong> Rozpoczyna si\u0119 od stworzenia wszech\u015bwiata, a nast\u0119pnie przechodzi kolejno przez kluczowe historie Starego Testamentu do Nowego Testamentu, aby ujawni\u0107 znaczenie krzy\u017ca i grobu. G\u0142\u00f3wna historia Biblii jest spleciona w uniwersalny, wszechogarniaj\u0105cy dramat. Pod\u0105\u017ca za t\u0105 sam\u0105 fabu\u0142\u0105, co \u201eNieznajomy na drodze do Emaus\u201c, ale r\u00f3\u017cni si\u0119 o 60 procent.<\/li>\n<li><strong>Na podstawie Ewangelii Jana:<\/strong> Wykorzystuje Ewangeli\u0119 Jana jako szablon, ale jednocze\u015bnie zapewnia niezb\u0119dne historie t\u0142a, aby kontekstualizowa\u0107 Ewangeli\u0119. Zak\u0142ada, \u017ce czytelnik wie niewiele lub nic o Biblii.<\/li>\n<li><strong>K\u0142adzie nacisk na Boga Biblii:<\/strong> Odpowiedz na pytanie: \u201eCo sprawia, \u017ce twoja \u015bwi\u0119ta ksi\u0119ga jest lepsza od mojej?\u201c. \u201ePrzez to imi\u0119\u201c odnosi si\u0119 do tego, co odr\u00f3\u017cnia Boga Biblii od wszystkich innych bog\u00f3w lub duch\u00f3w.<\/li>\n<li><strong>Wy\u0142\u0105czenie Biblii z tradycji religijnych:<\/strong> Czytelnik poznaje Bibli\u0119 bez \u017cadnych religijnych pu\u0142apek.<\/li>\n<li><strong>Cel:<\/strong> Biblia mo\u017ce m\u00f3wi\u0107 sama za siebie, przedstawiaj\u0105c dobr\u0105 nowin\u0119 o Panu Jezusie Chrystusie. Nie ma namawiania do wiary. Przes\u0142anie jest przedstawione obiektywnie; decyzja, czy wierzy\u0107, czy nie, nale\u017cy do czytelnika.<\/li>\n<li><strong>Wersety biblijne:<\/strong> Opowiedziana jako historia, 1570 werset\u00f3w biblijnych jest wplecionych w tekst. Czytelnik sam anga\u017cuje si\u0119 w tekst Biblii.<\/li>\n<li><strong>Ilustrowane:<\/strong> Ponad 100 rysunk\u00f3w, map i diagram\u00f3w pomaga wyja\u015bni\u0107 histori\u0119.<\/li>\n<li><strong>Zaprojektowany jako prezent:<\/strong> Ksi\u0105\u017cka mo\u017ce by\u0107 przekazywana jak traktat ewangeliczny. W ten spos\u00f3b czytelnicy mog\u0105 sami do\u015bwiadczy\u0107 przes\u0142ania Biblii.<\/li>\n<\/ul>\n<p>Liczba stron: 443<br \/>\nISBN: 9781927429068<\/p>","protected":false},"excerpt":{"rendered":"<p>Ceny hurtowe:<\/p>\n<p>Poni\u017cej znajduj\u0105 si\u0119 dost\u0119pne stawki rabat\u00f3w hurtowych dla ka\u017cdego pojedynczego produktu przy zakupie okre\u015blonej ilo\u015bci<\/p>\n<ul>\n<li>Kup 12 lub wi\u0119cej i otrzymaj 10% zni\u017cki<\/li>\n<\/ul>","protected":false},"featured_media":802,"comment_status":"closed","ping_status":"closed","template":"","meta":{"_acf_changed":false,"_glsr_average":0,"_glsr_ranking":0,"_glsr_reviews":0},"product_brand":[109],"product_cat":[18,50,95],"product_tag":[],"giftcard-category":[],"class_list":{"0":"post-801","1":"product","2":"type-product","3":"status-publish","4":"has-post-thumbnail","6":"product_brand-der-versprochene-unter-diesem-namen","7":"product_cat-evangelisation_nachfolge","8":"product_cat-fernostliche-weltanschauung","9":"product_cat-thailaendisch","11":"first","12":"instock","13":"taxable","14":"shipping-taxable","15":"purchasable","16":"product-type-simple"},"acf":[],"_links":{"self":[{"href":"https:\/\/eu.goodseed.com\/pl\/wp-json\/wp\/v2\/product\/801","targetHints":{"allow":["GET"]}}],"collection":[{"href":"https:\/\/eu.goodseed.com\/pl\/wp-json\/wp\/v2\/product"}],"about":[{"href":"https:\/\/eu.goodseed.com\/pl\/wp-json\/wp\/v2\/types\/product"}],"replies":[{"embeddable":true,"href":"https:\/\/eu.goodseed.com\/pl\/wp-json\/wp\/v2\/comments?post=801"}],"wp:featuredmedia":[{"embeddable":true,"href":"https:\/\/eu.goodseed.com\/pl\/wp-json\/wp\/v2\/media\/802"}],"wp:attachment":[{"href":"https:\/\/eu.goodseed.com\/pl\/wp-json\/wp\/v2\/media?parent=801"}],"wp:term":[{"taxonomy":"product_brand","embeddable":true,"href":"https:\/\/eu.goodseed.com\/pl\/wp-json\/wp\/v2\/product_brand?post=801"},{"taxonomy":"product_cat","embeddable":true,"href":"https:\/\/eu.goodseed.com\/pl\/wp-json\/wp\/v2\/product_cat?post=801"},{"taxonomy":"product_tag","embeddable":true,"href":"https:\/\/eu.goodseed.com\/pl\/wp-json\/wp\/v2\/product_tag?post=801"},{"taxonomy":"giftcard-category","embeddable":true,"href":"https:\/\/eu.goodseed.com\/pl\/wp-json\/wp\/v2\/giftcard-category?post=801"}],"curies":[{"name":"wp","href":"https:\/\/api.w.org\/{rel}","templated":true}]}}