{"id":762,"date":"2025-03-29T03:22:20","date_gmt":"2025-03-29T03:22:20","guid":{"rendered":"https:\/\/eu.goodseed.com\/?post_type=product&#038;p=762"},"modified":"2025-12-05T01:55:11","modified_gmt":"2025-12-05T01:55:11","slug":"der-fremde-auf-dem-weg-nach-emmaus","status":"publish","type":"product","link":"https:\/\/eu.goodseed.com\/pl\/product\/der-fremde-auf-dem-weg-nach-emmaus\/","title":{"rendered":"Nieznajomy na drodze do Emaus (niemiecki)"},"content":{"rendered":"<p>Es wurde das \u201eam meisten missverstandene Buch aller Zeiten\u201c genannt. In seinem Namen wurden Kriege gef\u00fchrt, Skandale hervorgerufen und Politik gemacht. Theologen und Kritiker aller Schattierungen haben dieses Buch sowohl verteidigt, als auch angefochten. Vielleicht haben Sie sich auch schon gewundert, warum die Bibel solche Kontroversen hervorruft. Dennoch stellt sich die Frage:\u201eWas sagt dieses Buch wirklich aus?\u201c<\/p>\n<p>Das Buch \u201eDer Fremde\u201c erkl\u00e4rt das grundlegende Thema der Bibel auf einfache und verst\u00e4ndliche Weise. Anstatt sich mit Details zu befassen und dabei das Gesamtbild zu verlieren, verbindet der Autor den Text zu einer gro\u00dfen, umfassenden Erz\u00e4hlung. Dabei werden die Ereignisse aus der Perspektive derer betrachtet, die zugegen waren, als Geschichte geschrieben wurde. Das Resultat ist manchmal am\u00fcsant und manchmal be\u00e4ngstigend, aber immer treu zu der urspr\u00fcnglichen Bedeutung des Textes.<\/p>\n<p>Wenn Sie dieses Buch gelesen haben, werden Sie der Bibel vielleicht mehr Beachtung schenken als jemals zuvor. Oder aber Sie entscheiden sich, ihr nicht zu glauben. Die objektive Vorgehensweise des Autors \u00fcberl\u00e4sst diese Wahl v\u00f6llig Ihnen.<\/p>\n<hr \/>\n<p>Il s&#8217;agit de l&#8217;\u00e9dition allemande de \u00ab L&#8217;\u00e9tranger sur le chemin d&#8217;Emma\u00fcs \u00bb.<\/p>\n<p>Voici la description de l&#8217;\u00e9dition anglaise :<\/p>\n<p>\u00ab L&#8217;\u00e9tranger sur le chemin d&#8217;Emma\u00fcs \u00bb donne un aper\u00e7u solide du message principal de la Bible. Il relie les histoires cl\u00e9s de l&#8217;Ancien et du Nouveau Testament pour r\u00e9v\u00e9ler l&#8217;identit\u00e9 de Dieu et la nature du p\u00e9ch\u00e9, tout en r\u00e9pondant \u00e0 deux questions : \u00ab Qui est J\u00e9sus ? \u00bb et \u00ab Que signifie l&#8217;histoire de la croix et du tombeau ? \u00bb Cela aide une personne \u00e0 comprendre clairement quel est le message principal de la Bible.<\/p>\n<p>&#8222;La Bible a tellement de sens maintenant !<\/p>\n<p>Ce livre est id\u00e9al pour les personnes issues d&#8217;un milieu christianis\u00e9, qu&#8217;elles soient catholiques, protestantes ou orthodoxes. Il part du principe que les lecteurs n&#8217;ont qu&#8217;un seul Dieu, qui est une personne et non une force.<\/p>\n<p><strong>Caract\u00e9ristiques<\/strong><\/p>\n<ul>\n<li><strong>\u00c9crit pour les adultes et les adolescents<\/strong> : Compris par des enfants d\u00e8s l&#8217;\u00e2ge de 10 ans, mais \u00e9crit pour des adultes et des adolescents.<\/li>\n<li><strong>Hypoth\u00e8ses<\/strong> : Suppose que lorsque les lecteurs pensent \u00e0 Dieu, ils pensent \u00e0 un seul Dieu, et que Dieu est une personne et non une force. Aucune autre connaissance de la Bible n&#8217;est suppos\u00e9e.<\/li>\n<li><strong>Vision du monde christianis\u00e9e<\/strong> : Id\u00e9al pour les lecteurs issus d&#8217;un milieu influenc\u00e9 par le christianisme, qu&#8217;il soit catholique, protestant ou orthodoxe.<\/li>\n<li><strong>Bas\u00e9 sur l&#8217;\u00e9vangile de Jean<\/strong> : utilise l&#8217;\u00e9vangile de Jean comme mod\u00e8le ; en m\u00eame temps, il fournit les r\u00e9cits de base n\u00e9cessaires pour donner \u00e0 l&#8217;\u00e9vangile son contexte. Il suppose que le lecteur ne conna\u00eet que tr\u00e8s peu, voire pas du tout, la Bible.<\/li>\n<li><strong>Chronologique<\/strong> : commence par la cr\u00e9ation de l&#8217;univers, puis progresse s\u00e9quentiellement \u00e0 travers les r\u00e9cits cl\u00e9s de l&#8217;Ancien Testament, avant de passer au Nouveau Testament pour r\u00e9v\u00e9ler la signification de la croix et du tombeau. L&#8217;histoire principale de la Bible est li\u00e9e \u00e0 un drame universel et global.<\/li>\n<li><strong>La Bible est d\u00e9barrass\u00e9e de ses traditions religieuses<\/strong> : Les lecteurs d\u00e9couvrent la Bible sans les oripeaux de la religion.<\/li>\n<li><strong>Objectif<\/strong> : La Bible est autoris\u00e9e \u00e0 parler d&#8217;elle-m\u00eame en pr\u00e9sentant la bonne nouvelle du Seigneur J\u00e9sus-Christ. Il n&#8217;est pas n\u00e9cessaire de faire pression sur le lecteur pour qu&#8217;il croie. Le message est pr\u00e9sent\u00e9 de mani\u00e8re objective ; la d\u00e9cision de croire ou de ne pas croire est laiss\u00e9e au lecteur.<\/li>\n<li><strong>Versets bibliques<\/strong> : Racont\u00e9s comme une histoire, 1177 versets bibliques sont int\u00e9gr\u00e9s dans le texte. Le lecteur s&#8217;engage dans le texte de la Bible pour lui-m\u00eame.<\/li>\n<li><strong>Illustr\u00e9<\/strong> : Plus de 100 dessins, cartes et diagrammes aident \u00e0 expliquer l&#8217;histoire.<\/li>\n<li><strong>Con\u00e7u pour \u00eatre offert<\/strong> : Le livre peut \u00eatre distribu\u00e9 comme un tract \u00e9vang\u00e9lique. Les lecteurs peuvent alors apprendre le message de la Bible par eux-m\u00eames.<\/li>\n<li><strong>Con\u00e7u pour \u00eatre utilis\u00e9 dans le cadre d&#8217;un cours<\/strong> : Cette ressource peut \u00eatre utilis\u00e9e comme livre de l&#8217;\u00e9tudiant dans le cadre d&#8217;une \u00e9tude biblique. (En savoir plus sur le cours \u00ab Repenser la vision du monde \u00bb)<\/li>\n<\/ul>\n<p>No. of pages: 384<br \/>\nISBN: 1890082007<\/p>","protected":false},"excerpt":{"rendered":"<p>Prix de gros :<\/p>\n<p>Vous trouverez ci-dessous les taux de remise en gros disponibles pour chaque article lorsque vous achetez une certaine quantit\u00e9.<\/p>\n<ul>\n<li>Achetez 12 articles ou plus et obtenez 10 % de r\u00e9duction<\/li>\n<\/ul>","protected":false},"featured_media":764,"comment_status":"closed","ping_status":"closed","template":"","meta":{"_acf_changed":false,"_glsr_average":0,"_glsr_ranking":0,"_glsr_reviews":0},"product_brand":[],"product_cat":[105,48,77,18],"product_tag":[61],"giftcard-category":[],"class_list":{"0":"post-762","1":"product","2":"type-product","3":"status-publish","4":"has-post-thumbnail","6":"product_cat-bengali-bangla","7":"product_cat-christliche-weltanschauung","8":"product_cat-deutsch","9":"product_cat-evangelisation_nachfolge","10":"product_tag-deutsch","12":"first","13":"instock","14":"featured","15":"taxable","16":"shipping-taxable","17":"purchasable","18":"product-type-simple"},"acf":[],"_links":{"self":[{"href":"https:\/\/eu.goodseed.com\/pl\/wp-json\/wp\/v2\/product\/762","targetHints":{"allow":["GET"]}}],"collection":[{"href":"https:\/\/eu.goodseed.com\/pl\/wp-json\/wp\/v2\/product"}],"about":[{"href":"https:\/\/eu.goodseed.com\/pl\/wp-json\/wp\/v2\/types\/product"}],"replies":[{"embeddable":true,"href":"https:\/\/eu.goodseed.com\/pl\/wp-json\/wp\/v2\/comments?post=762"}],"wp:featuredmedia":[{"embeddable":true,"href":"https:\/\/eu.goodseed.com\/pl\/wp-json\/wp\/v2\/media\/764"}],"wp:attachment":[{"href":"https:\/\/eu.goodseed.com\/pl\/wp-json\/wp\/v2\/media?parent=762"}],"wp:term":[{"taxonomy":"product_brand","embeddable":true,"href":"https:\/\/eu.goodseed.com\/pl\/wp-json\/wp\/v2\/product_brand?post=762"},{"taxonomy":"product_cat","embeddable":true,"href":"https:\/\/eu.goodseed.com\/pl\/wp-json\/wp\/v2\/product_cat?post=762"},{"taxonomy":"product_tag","embeddable":true,"href":"https:\/\/eu.goodseed.com\/pl\/wp-json\/wp\/v2\/product_tag?post=762"},{"taxonomy":"giftcard-category","embeddable":true,"href":"https:\/\/eu.goodseed.com\/pl\/wp-json\/wp\/v2\/giftcard-category?post=762"}],"curies":[{"name":"wp","href":"https:\/\/api.w.org\/{rel}","templated":true}]}}