{"id":756,"date":"2025-04-29T03:14:06","date_gmt":"2025-04-29T03:14:06","guid":{"rendered":"https:\/\/eu.goodseed.com\/?post_type=product&#038;p=756"},"modified":"2025-12-05T01:29:51","modified_gmt":"2025-12-05T01:29:51","slug":"the-stranger-on-the-road-to-emmaus-korean","status":"publish","type":"product","link":"https:\/\/eu.goodseed.com\/pl\/product\/the-stranger-on-the-road-to-emmaus-korean\/","title":{"rendered":"Nieznajomy na drodze do Emaus (korea\u0144ski)"},"content":{"rendered":"<div class=\"container 4661726c6579\">\n<div class=\"accordion-block\">\n<div id=\"accordion--description\" class=\"accordion-content is-open\" aria-hidden=\"false\">\n<div>\n<p>Dies ist die koreanische Ausgabe von &#8222;<a title=\"The Stranger on the Road to Emmaus\" href=\"https:\/\/ca.goodseed.com\/the-stranger-on-the-road-to-emmaus-english\/\">The Stranger on the Road to Emmaus<\/a>&#8222;.<\/p>\n<p>Es folgt die Beschreibung aus der englischen Ausgabe:<\/p>\n<p>\u201cNieznajomy na drodze do Emaus\u201d daje solidny przegl\u0105d g\u0142\u00f3wnego przes\u0142ania Biblii. \u0141\u0105czy kluczowe historie Starego i Nowego Testamentu, aby ujawni\u0107 to\u017csamo\u015b\u0107 Boga i natur\u0119 grzechu, ca\u0142y czas odpowiadaj\u0105c na dwa pytania: \u201cKim jest Jezus?\u201d i \u201cO co chodzi w historii krzy\u017ca i grobu?\u201d. Pomaga jasno zrozumie\u0107, jakie jest g\u0142\u00f3wne przes\u0142anie Biblii.<\/p>\n<p><em>\u201cBiblia ma teraz tyle sensu!\u201d.\u201d<\/em><\/p>\n<p>Ksi\u0105\u017cka ta jest idealna dla os\u00f3b wywodz\u0105cych si\u0119 ze \u015brodowisk chrze\u015bcija\u0144skich, zar\u00f3wno katolickich, protestanckich, jak i prawos\u0142awnych. Zak\u0142ada ona, \u017ce czytelnicy maj\u0105 koncepcj\u0119 tylko jednego Boga, kt\u00f3ry jest osob\u0105, a nie si\u0142\u0105.<\/p>\n<p><strong>Cechy<\/strong><\/p>\n<ul>\n<li><strong>Napisany dla doros\u0142ych i m\u0142odzie\u017cy:<\/strong> Verstanden von Kindern ab 10 Jahren, aber geschrieben f\u00fcr Erwachsene und Jugendliche.<\/li>\n<li><strong>Za\u0142o\u017cenia:<\/strong> Zak\u0142ada, \u017ce kiedy czytelnicy my\u015bl\u0105 o Bogu, my\u015bl\u0105 tylko o jednym Bogu i \u017ce B\u00f3g jest osob\u0105, a nie si\u0142\u0105. Nie zak\u0142ada si\u0119 dalszej znajomo\u015bci Biblii.<\/li>\n<li><strong>Christlich gepr\u00e4gte Weltanschauung:<\/strong> Ideal f\u00fcr Leser, die aus einem vom Christentum gepr\u00e4gten Umfeld kommen, sei es katholisch, protestantisch oder orthodox.<\/li>\n<li><strong>Na podstawie Ewangelii Jana:<\/strong> Verwendet das Johannesevangelium als Vorlage; bietet gleichzeitig die notwendigen Hintergrundgeschichten, um dem Evangelium einen Kontext zu geben. Es wird davon ausgegangen, dass der Leser wenig oder gar nichts \u00fcber die Bibel wei\u00df.<\/li>\n<li><strong>Chronologicznie:<\/strong> Es beginnt mit der Erschaffung des Universums und geht dann der Reihe nach durch die Schl\u00fcsselgeschichten des Alten Testaments ins Neue Testament \u00fcber, um die Bedeutung des Kreuzes und des Grabes zu enth\u00fcllen. Die Hauptgeschichte der Bibel wird zu einem universellen, allumfassenden Drama zusammengef\u00fcgt.<\/li>\n<li><strong>Wy\u0142\u0105czenie Biblii z tradycji religijnych:<\/strong> Czytelnik poznaje Bibli\u0119 bez \u017cadnych religijnych pu\u0142apek.<\/li>\n<li><strong>Cel:<\/strong> Biblia mo\u017ce m\u00f3wi\u0107 sama za siebie, przedstawiaj\u0105c dobr\u0105 nowin\u0119 o Panu Jezusie Chrystusie. Nie ma namawiania do wiary. Przes\u0142anie jest przedstawione obiektywnie; decyzja, czy wierzy\u0107, czy nie, nale\u017cy do czytelnika.<\/li>\n<li><strong>Wersety biblijne:<\/strong> Als Geschichte erz\u00e4hlt, sind 1177 Bibelverse in den Text eingewoben. Der Leser setzt sich selbst mit dem Text der Bibel auseinander.<\/li>\n<li><strong>Ilustrowane:<\/strong> Ponad 100 rysunk\u00f3w, map i diagram\u00f3w pomaga wyja\u015bni\u0107 histori\u0119.<\/li>\n<li><strong>Zaprojektowany jako prezent:<\/strong> Das Buch kann wie ein Evangeliumstraktat weitergegeben werden. Die Leser k\u00f6nnen dann die Botschaft der Bibel selbst lernen.<\/li>\n<li><strong>Gestaltet f\u00fcr den Einsatz in einem Kurs:<\/strong> Diese Ressource kann als Studentenbuch in einer Bibelarbeit verwendet werden. (Erfahren Sie mehr \u00fcber &#8222;<a title=\"Przemy\u015blenie \u015bwiatopogl\u0105du\" href=\"https:\/\/ca.goodseed.com\/worldview-rethink-the-course-family\/\">Kurs ponownego przemy\u015blenia \u015bwiatopogl\u0105du<\/a>.&#8220;)<\/li>\n<\/ul>\n<p>Anzahl der Seiten: 311<br \/>\nISBN: 1890082171<\/p>\n<\/div>\n<\/div>\n<\/div>\n<\/div>\n<div id=\"tab-related\">\n<div class=\"grid-bg\">\n<div class=\"container\"><\/div>\n<\/div>\n<\/div>","protected":false},"excerpt":{"rendered":"<p>Ceny hurtowe:<\/p>\n<p>Poni\u017cej znajduj\u0105 si\u0119 dost\u0119pne stawki rabat\u00f3w hurtowych dla ka\u017cdego pojedynczego produktu przy zakupie okre\u015blonej ilo\u015bci<\/p>\n<ul>\n<li>Kup 12 lub wi\u0119cej i otrzymaj 10% zni\u017cki<\/li>\n<\/ul>","protected":false},"featured_media":760,"comment_status":"closed","ping_status":"closed","template":"","meta":{"_acf_changed":false,"_glsr_average":0,"_glsr_ranking":0,"_glsr_reviews":0},"product_brand":[],"product_cat":[48,18,83,17],"product_tag":[54],"giftcard-category":[],"class_list":{"0":"post-756","1":"product","2":"type-product","3":"status-publish","4":"has-post-thumbnail","6":"product_cat-christliche-weltanschauung","7":"product_cat-evangelisation_nachfolge","8":"product_cat-koreanisch","9":"product_cat-new-release","10":"product_tag-korean","12":"first","13":"instock","14":"taxable","15":"shipping-taxable","16":"purchasable","17":"product-type-simple"},"acf":[],"_links":{"self":[{"href":"https:\/\/eu.goodseed.com\/pl\/wp-json\/wp\/v2\/product\/756","targetHints":{"allow":["GET"]}}],"collection":[{"href":"https:\/\/eu.goodseed.com\/pl\/wp-json\/wp\/v2\/product"}],"about":[{"href":"https:\/\/eu.goodseed.com\/pl\/wp-json\/wp\/v2\/types\/product"}],"replies":[{"embeddable":true,"href":"https:\/\/eu.goodseed.com\/pl\/wp-json\/wp\/v2\/comments?post=756"}],"wp:featuredmedia":[{"embeddable":true,"href":"https:\/\/eu.goodseed.com\/pl\/wp-json\/wp\/v2\/media\/760"}],"wp:attachment":[{"href":"https:\/\/eu.goodseed.com\/pl\/wp-json\/wp\/v2\/media?parent=756"}],"wp:term":[{"taxonomy":"product_brand","embeddable":true,"href":"https:\/\/eu.goodseed.com\/pl\/wp-json\/wp\/v2\/product_brand?post=756"},{"taxonomy":"product_cat","embeddable":true,"href":"https:\/\/eu.goodseed.com\/pl\/wp-json\/wp\/v2\/product_cat?post=756"},{"taxonomy":"product_tag","embeddable":true,"href":"https:\/\/eu.goodseed.com\/pl\/wp-json\/wp\/v2\/product_tag?post=756"},{"taxonomy":"giftcard-category","embeddable":true,"href":"https:\/\/eu.goodseed.com\/pl\/wp-json\/wp\/v2\/giftcard-category?post=756"}],"curies":[{"name":"wp","href":"https:\/\/api.w.org\/{rel}","templated":true}]}}