{"id":662,"date":"2025-04-28T09:37:59","date_gmt":"2025-04-28T09:37:59","guid":{"rendered":"https:\/\/eu.goodseed.com\/?post_type=product&#038;p=662"},"modified":"2025-07-07T07:10:42","modified_gmt":"2025-07-07T07:10:42","slug":"by-this-name-english-ebook-edition","status":"publish","type":"product","link":"https:\/\/eu.goodseed.com\/pl\/product\/by-this-name-english-ebook-edition\/","title":{"rendered":"By This Name (angielski) eBook Edition"},"content":{"rendered":"<p>To jest <strong>eBook<\/strong> Wersja z <em><a href=\"https:\/\/ca.goodseed.com\/by-this-name-english\/\">By This Name<\/a><\/em> Wydanie angielskie. Kupuj\u0105c ten produkt, mo\u017cesz pobra\u0107 wersje Mobi, ePub i PDF.<\/p>\n<ul>\n<li>Mobi: dla urz\u0105dze\u0144 Kindle<\/li>\n<li>ePub: dla iBooks, Google Books, Kobo i nie tylko<\/li>\n<li>PDF: do przegl\u0105dania wymaga czytnika PDF, takiego jak Adobe Acrobat Reader.<\/li>\n<\/ul>\n<p>&nbsp;<\/p>\n<p>By\u0107 mo\u017ce powiedziano ci: \u201eCiesz\u0119 si\u0119, \u017ce znalaz\u0142e\u015b drog\u0119 do Boga, ale ka\u017cdy znajduje Go w innych miejscach i innych religiach\u201c. Jak wi\u0119c podzieli\u0107 si\u0119 ewangeli\u0105 z kim\u015b, kto wierzy, \u017ce B\u00f3g jest obecny w ca\u0142ej naturze? Co powiedzie\u0107, gdy przyjaciel my\u015bli o \u201eBogu\u201c jako o duchowej sile lub energii, a nie osobie? W \u015bwiecie, w kt\u00f3rym \u201educhowo\u015b\u0107\u201c sta\u0142a si\u0119 popularna, a wiedza o Bogu prawie zanik\u0142a, jak mo\u017cna dzieli\u0107 si\u0119 dobr\u0105 nowin\u0105 o Jezusie Chrystusie? Nawet \u015bwiat zachodni by\u0142 pod wp\u0142ywem kultur, kt\u00f3re wierzy\u0142y w wielu bog\u00f3w.<\/p>\n<p><em>By This Name<\/em> wyja\u015bnia podstawowe przes\u0142anie Biblii osobom, kt\u00f3re nie maj\u0105 wiedzy na jej temat. Wykorzystuj\u0105c architektur\u0119 Ewangelii Jana, ksi\u0105\u017cka wyra\u017anie odr\u00f3\u017cnia Boga Biblii od wszystkich innych bog\u00f3w. Ustanawia autorytet Pisma \u015awi\u0119tego i starannie por\u00f3wnuje biblijny \u015bwiatopogl\u0105d ze \u015bwiatopogl\u0105dami Wschodu. \u0141\u0105czy kluczowe historie ze Starego i Nowego Testamentu, aby ukaza\u0107 to\u017csamo\u015b\u0107 Boga i natur\u0119 grzechu, w celu udzielenia odpowiedzi na dwa pytania: \u201eKim jest Jezus?\u201c i \u201eO co chodzi w historii krzy\u017ca i grobu?\u201c. Pomaga ludziom zrozumie\u0107, o co chodzi w Biblii.<\/p>\n<p>\u201eBy This Name\u201c ma podobn\u0105 struktur\u0119 chronologiczn\u0105 do \u201eNieznajomego na drodze do Emaus\u201c, ale r\u00f3\u017cni si\u0119 tre\u015bci\u0105 o 60 procent.<\/p>","protected":false},"excerpt":{"rendered":"<p>Dies ist die eBook Version von By This Name englische Ausgabe. Wenn Sie dieses Produkt kaufen, k\u00f6nnen Sie die Mobi, ePub und PDF Versionen herunterladen. Mobi: f\u00fcr Kindle-Ger\u00e4te ePub: f\u00fcr iBooks, Google Books, Kobo und mehr PDF: erfordert einen PDF-Reader wie Adobe Acrobat Reader zur Ansicht &nbsp; Vielleicht hat man Ihnen gesagt: \u201eIch bin froh, [&hellip;]<\/p>\n","protected":false},"featured_media":664,"comment_status":"closed","ping_status":"closed","template":"","meta":{"_acf_changed":false,"_glsr_average":0,"_glsr_ranking":0,"_glsr_reviews":0},"product_brand":[],"product_cat":[24,76,18,50,17],"product_tag":[53],"giftcard-category":[],"class_list":{"0":"post-662","1":"product","2":"type-product","3":"status-publish","4":"has-post-thumbnail","6":"product_cat-ebooks","7":"product_cat-englisch","8":"product_cat-evangelisation_nachfolge","9":"product_cat-fernostliche-weltanschauung","10":"product_cat-new-release","11":"product_tag-english","13":"first","14":"instock","15":"taxable","16":"shipping-taxable","17":"purchasable","18":"product-type-simple"},"acf":[],"_links":{"self":[{"href":"https:\/\/eu.goodseed.com\/pl\/wp-json\/wp\/v2\/product\/662","targetHints":{"allow":["GET"]}}],"collection":[{"href":"https:\/\/eu.goodseed.com\/pl\/wp-json\/wp\/v2\/product"}],"about":[{"href":"https:\/\/eu.goodseed.com\/pl\/wp-json\/wp\/v2\/types\/product"}],"replies":[{"embeddable":true,"href":"https:\/\/eu.goodseed.com\/pl\/wp-json\/wp\/v2\/comments?post=662"}],"wp:featuredmedia":[{"embeddable":true,"href":"https:\/\/eu.goodseed.com\/pl\/wp-json\/wp\/v2\/media\/664"}],"wp:attachment":[{"href":"https:\/\/eu.goodseed.com\/pl\/wp-json\/wp\/v2\/media?parent=662"}],"wp:term":[{"taxonomy":"product_brand","embeddable":true,"href":"https:\/\/eu.goodseed.com\/pl\/wp-json\/wp\/v2\/product_brand?post=662"},{"taxonomy":"product_cat","embeddable":true,"href":"https:\/\/eu.goodseed.com\/pl\/wp-json\/wp\/v2\/product_cat?post=662"},{"taxonomy":"product_tag","embeddable":true,"href":"https:\/\/eu.goodseed.com\/pl\/wp-json\/wp\/v2\/product_tag?post=662"},{"taxonomy":"giftcard-category","embeddable":true,"href":"https:\/\/eu.goodseed.com\/pl\/wp-json\/wp\/v2\/giftcard-category?post=662"}],"curies":[{"name":"wp","href":"https:\/\/api.w.org\/{rel}","templated":true}]}}