{"id":605,"date":"2025-04-28T09:03:27","date_gmt":"2025-04-28T09:03:27","guid":{"rendered":"https:\/\/eu.goodseed.com\/?post_type=product&#038;p=605"},"modified":"2025-12-05T01:35:13","modified_gmt":"2025-12-05T01:35:13","slug":"all-that-the-prophets-have-spoken-arabic","status":"publish","type":"product","link":"https:\/\/eu.goodseed.com\/pl\/product\/all-that-the-prophets-have-spoken-arabic\/","title":{"rendered":"Alles, was die Propheten gesprochen haben (Arabisch)"},"content":{"rendered":"<div>\n<ul>\n<li><strong>Kup 12 lub wi\u0119cej <\/strong>i otrzyma\u0107 <strong>10% Zni\u017cka<\/strong><\/li>\n<\/ul>\n<\/div>\n<p>Dies ist die arabische Ausgabe von \u201e<a title=\"Wszystko, co powiedzieli prorocy\" href=\"https:\/\/ca.goodseed.com\/all-that-the-prophets-have-spoken-english\/\">Wszystko, co powiedzieli prorocy<\/a>.\u201c<\/p>\n<p>&nbsp;<\/p>\n<p>Poni\u017cszy opis pochodzi z wydania angielskiego:<\/p>\n<p>W miar\u0119 rozprzestrzeniania si\u0119 wp\u0142yw\u00f3w islamu b\u0119dziesz spotyka\u0107 coraz wi\u0119cej muzu\u0142man\u00f3w. Jak jednak przekaza\u0107 im g\u0142\u00f3wne przes\u0142anie Pisma \u015awi\u0119tego? Od czego powiniene\u015b zacz\u0105\u0107? Jak w og\u00f3le zacz\u0105\u0107?<\/p>\n<p>W swojej \u015bwi\u0119tej ksi\u0119dze, Koranie, muzu\u0142manie m\u00f3wi\u0105, \u017ce wierz\u0105 w Tor\u0119 Moj\u017cesza, Psalmy Dawida i Ewangeli\u0119 Jezusa. A je\u015bli kiedykolwiek rozmawia\u0142e\u015b z nimi o Pi\u015bmie \u015awi\u0119tym, by\u0107 mo\u017ce powiedzieli ci, \u017ce \u201ewierz\u0105 we wszystkich prorok\u00f3w\u201c.<\/p>\n<p>Podczas gdy wiele historii ze Starego Testamentu jest r\u00f3wnie\u017c wspomnianych w Koranie, a obie m\u00f3wi\u0105 o tych samych prorokach, istniej\u0105 znaczne r\u00f3\u017cnice w interpretacji i zrozumieniu. Ale jak zniwelowa\u0107 te r\u00f3\u017cnice, aby przekaza\u0107 przes\u0142anie Biblii w spos\u00f3b zrozumia\u0142y dla wszystkich?<\/p>\n<p>\u201cAlles, was die Propheten gesagt haben&#8220; betrachtet das Wort Gottes aus der Perspektive eines muslimischen Lesers, ohne sich auf den Islam oder den Koran zu beziehen. Im Bewusstsein dessen, was Muslime \u00fcber die wichtigsten Propheten glauben, untersucht dieses Buch, was die Heilige Schrift \u00fcber diese M\u00e4nner zu sagen hat, und verbindet sie mit der Kernbotschaft der Bibel. Unter Ber\u00fccksichtigung der islamischen Perspektive baut das Buch auf diesem Verst\u00e4ndnis auf und geht auf Fragen ein, die Muslime haben k\u00f6nnten, so dass sie am Ende ein klares Verst\u00e4ndnis des Gottes der Bibel haben werden.<\/p>\n<p><strong><a title=\"ATP arabic sample chapters\" href=\"http:\/\/www.goodseed.com\/pdfs\/samples\/sample-atp-arabic-030002.pdf\" target=\"_blank\" rel=\"noopener\">Przeczytaj przyk\u0142adowy rozdzia\u0142<\/a><\/strong><\/p>\n<p>&nbsp;<\/p>\n<p>&nbsp;<\/p>\n<p><strong>Cechy<\/strong><\/p>\n<ul>\n<li><strong>Napisany dla doros\u0142ych i m\u0142odzie\u017cy:<\/strong> Zrozumia\u0142y dla dzieci od dziesi\u0105tego roku \u017cycia, ale napisany z my\u015bl\u0105 o nastolatkach i doros\u0142ych.<\/li>\n<li><strong>Za\u0142o\u017cenia:<\/strong> Zak\u0142ada, \u017ce kiedy czytelnicy my\u015bl\u0105 o Bogu, my\u015bl\u0105 tylko o jednym Bogu i \u017ce B\u00f3g jest osob\u0105, a nie si\u0142\u0105. Nie zak\u0142ada si\u0119 dalszej znajomo\u015bci Biblii.<\/li>\n<li><strong>Muzu\u0142ma\u0144ski \u015bwiatopogl\u0105d:<\/strong> Wyja\u015bnia przes\u0142anie Biblii w spos\u00f3b zrozumia\u0142y dla os\u00f3b o islamskim pochodzeniu kulturowym (ale niekoniecznie muzu\u0142man\u00f3w z przekonania) bez mieszania islamskiego i biblijnego \u015bwiatopogl\u0105du.<\/li>\n<li><strong>Chronologicznie:<\/strong> Beginnend mit der Erschaffung des Universums und dann fortlaufend durch die Schl\u00fcsselgeschichten des Alten Testaments, geht es ins Neue Testament, um die Bedeutung des Kreuzes und des Grabes zu enth\u00fcllen. Die Hauptgeschichte der Bibel wird zu einem universellen, allumfassenden Drama zusammengef\u00fcgt. Es folgt demselben Handlungsstrang wie \u201eDer Fremde auf dem Weg nach Emmaus\u201c, unterscheidet sich aber um 25 Prozent. Der Unterschied ist signifikant.<\/li>\n<li><strong>Na podstawie Ewangelii Jana:<\/strong> Verwendet das Johannesevangelium als Vorlage; gleichzeitig liefert es die notwendigen Hintergrundgeschichten, um dem Evangelium einen Kontext zu geben. Es wird davon ausgegangen, dass der Leser wenig oder gar nichts \u00fcber das Wort Gottes wei\u00df.<\/li>\n<li><strong>Cel:<\/strong> Die Heilige Schrift darf f\u00fcr sich selbst sprechen, wenn es darum geht, die gute Nachricht vom Herrn Jesus Christus zu pr\u00e4sentieren. Es gibt keine \u00dcberredung zum Glauben. Die Botschaft wird objektiv dargeboten; die Entscheidung, ob man glaubt oder nicht, bleibt dem Leser \u00fcberlassen.<\/li>\n<li><strong>Wy\u0142\u0105czenie Pisma \u015awi\u0119tego z tradycji religijnych:<\/strong> Die Leser werden in das Wort Gottes eingef\u00fchrt, ohne das Drumherum der Religion.<\/li>\n<li><strong>Wersety biblijne:<\/strong> Opowie\u015b\u0107 zawiera 1244 wersety biblijne wplecione w tekst. Czytelnik sam anga\u017cuje si\u0119 w tekst Biblii.<\/li>\n<li><strong>Ilustrowane:<\/strong> Ponad 100 rysunk\u00f3w, map i diagram\u00f3w pomaga wyja\u015bni\u0107 histori\u0119.<\/li>\n<li><strong>Zaprojektowany jako prezent:<\/strong> Ksi\u0105\u017cka mo\u017ce by\u0107 przekazywana jak traktat ewangeliczny. W ten spos\u00f3b czytelnicy mog\u0105 sami do\u015bwiadczy\u0107 przes\u0142ania Biblii.<\/li>\n<\/ul>\n<p>Anzahl der Seiten: 258<br \/>\nISBN: 9781890082550<\/p>","protected":false},"excerpt":{"rendered":"<p>Buy 12 oder mehr und erhalten 10% Rabatt Dies ist die arabische Ausgabe von \u201eAlles, was die Propheten gesagt haben.\u201c &nbsp; Die folgende Beschreibung stammt aus der englischen Ausgabe: In dem Ma\u00dfe, in dem sich der Einfluss des Islam ausbreitet, treffen Sie mehr Muslime. Aber wie kann man ihnen die zentrale Botschaft der Heiligen Schrift [&hellip;]<\/p>\n","protected":false},"featured_media":606,"comment_status":"closed","ping_status":"closed","template":"","meta":{"_acf_changed":false,"_glsr_average":0,"_glsr_ranking":0,"_glsr_reviews":0},"product_brand":[],"product_cat":[79,18,49],"product_tag":[59],"giftcard-category":[],"class_list":{"0":"post-605","1":"product","2":"type-product","3":"status-publish","4":"has-post-thumbnail","6":"product_cat-arabisch","7":"product_cat-evangelisation_nachfolge","8":"product_cat-islamische-weltanschauung","9":"product_tag-arabic","11":"first","12":"instock","13":"taxable","14":"shipping-taxable","15":"purchasable","16":"product-type-simple"},"acf":[],"_links":{"self":[{"href":"https:\/\/eu.goodseed.com\/pl\/wp-json\/wp\/v2\/product\/605","targetHints":{"allow":["GET"]}}],"collection":[{"href":"https:\/\/eu.goodseed.com\/pl\/wp-json\/wp\/v2\/product"}],"about":[{"href":"https:\/\/eu.goodseed.com\/pl\/wp-json\/wp\/v2\/types\/product"}],"replies":[{"embeddable":true,"href":"https:\/\/eu.goodseed.com\/pl\/wp-json\/wp\/v2\/comments?post=605"}],"wp:featuredmedia":[{"embeddable":true,"href":"https:\/\/eu.goodseed.com\/pl\/wp-json\/wp\/v2\/media\/606"}],"wp:attachment":[{"href":"https:\/\/eu.goodseed.com\/pl\/wp-json\/wp\/v2\/media?parent=605"}],"wp:term":[{"taxonomy":"product_brand","embeddable":true,"href":"https:\/\/eu.goodseed.com\/pl\/wp-json\/wp\/v2\/product_brand?post=605"},{"taxonomy":"product_cat","embeddable":true,"href":"https:\/\/eu.goodseed.com\/pl\/wp-json\/wp\/v2\/product_cat?post=605"},{"taxonomy":"product_tag","embeddable":true,"href":"https:\/\/eu.goodseed.com\/pl\/wp-json\/wp\/v2\/product_tag?post=605"},{"taxonomy":"giftcard-category","embeddable":true,"href":"https:\/\/eu.goodseed.com\/pl\/wp-json\/wp\/v2\/giftcard-category?post=605"}],"curies":[{"name":"wp","href":"https:\/\/api.w.org\/{rel}","templated":true}]}}