{"id":598,"date":"2025-04-28T09:00:10","date_gmt":"2025-04-28T09:00:10","guid":{"rendered":"https:\/\/eu.goodseed.com\/?post_type=product&#038;p=598"},"modified":"2025-07-07T07:10:23","modified_gmt":"2025-07-07T07:10:23","slug":"the-stranger-on-the-road-to-emmaus-german-ebook-edition","status":"publish","type":"product","link":"https:\/\/eu.goodseed.com\/pl\/product\/the-stranger-on-the-road-to-emmaus-german-ebook-edition\/","title":{"rendered":"Nieznajomy na drodze do Emaus (niemiecki) eBook Edition"},"content":{"rendered":"<p>Dies ist die deutsche Ausgabe von \u201e<a title=\"The Stranger on the Road to Emmaus\" href=\"https:\/\/ca.goodseed.com\/the-stranger-on-the-road-to-emmaus-english\/\">Nieznajomy na drodze do Emaus<\/a>\u201c.<\/p>\n<p>Es folgt die Beschreibung aus der englischen Ausgabe:<\/p>\n<p>\u201eThe Stranger on the Road to Emmaus\u201c gibt einen soliden \u00dcberblick \u00fcber die Hauptbotschaft der Bibel. Er verkn\u00fcpft die wichtigsten Geschichten aus dem Alten und Neuen Testament miteinander, um die Identit\u00e4t Gottes und das Wesen der S\u00fcnde zu enth\u00fcllen, und gibt dabei Antworten auf zwei Fragen: \u201eWer ist Jesus?\u201c und \u201eWas hat es mit der Geschichte vom Kreuz und dem Grab auf sich?\u201c Sie hilft dem Menschen, die Hauptbotschaft der Bibel klar zu verstehen.<\/p>\n<p><em>\u201eDie Bibel macht jetzt so viel Sinn!\u201c<\/em><\/p>\n<p>Dieses Buch ist ideal f\u00fcr Menschen, die aus einem christlichen Umfeld kommen, sei es katholisch, protestantisch oder orthodox. Es geht davon aus, dass die Leser ein Konzept von nur einem Gott haben, der eine Person ist &#8211; und keine Kraft.<\/p>\n<p><strong>Cechy<\/strong><\/p>\n<ul>\n<li><strong>Napisany dla doros\u0142ych i m\u0142odzie\u017cy:<\/strong> Verstanden von Kindern ab 10 Jahren, aber geschrieben f\u00fcr Erwachsene und Jugendliche.<\/li>\n<li><strong>Za\u0142o\u017cenia:<\/strong> Zak\u0142ada, \u017ce kiedy czytelnicy my\u015bl\u0105 o Bogu, my\u015bl\u0105 tylko o jednym Bogu i \u017ce B\u00f3g jest osob\u0105, a nie si\u0142\u0105. Nie zak\u0142ada si\u0119 dalszej znajomo\u015bci Biblii.<\/li>\n<li><strong>Christlich gepr\u00e4gte Weltanschauung:<\/strong> Ideal f\u00fcr Leser, die aus einem vom Christentum gepr\u00e4gten Umfeld kommen, sei es katholisch, protestantisch oder orthodox.<\/li>\n<li><strong>Na podstawie Ewangelii Jana:<\/strong> Verwendet das Johannesevangelium als Vorlage; bietet gleichzeitig die notwendigen Hintergrundgeschichten, um dem Evangelium einen Kontext zu geben. Es wird davon ausgegangen, dass der Leser wenig oder gar nichts \u00fcber die Bibel wei\u00df.<\/li>\n<li><strong>Chronologicznie:<\/strong> Es beginnt mit der Erschaffung des Universums und geht dann der Reihe nach durch die Schl\u00fcsselgeschichten des Alten Testaments ins Neue Testament \u00fcber, um die Bedeutung des Kreuzes und des Grabes zu enth\u00fcllen. Die Hauptgeschichte der Bibel wird zu einem universellen, allumfassenden Drama zusammengef\u00fcgt.<\/li>\n<li><strong>Wy\u0142\u0105czenie Biblii z tradycji religijnych:<\/strong> Czytelnik poznaje Bibli\u0119 bez \u017cadnych religijnych pu\u0142apek.<\/li>\n<li><strong>Cel:<\/strong> Biblia mo\u017ce m\u00f3wi\u0107 sama za siebie, przedstawiaj\u0105c dobr\u0105 nowin\u0119 o Panu Jezusie Chrystusie. Nie ma namawiania do wiary. Przes\u0142anie jest przedstawione obiektywnie; decyzja, czy wierzy\u0107, czy nie, nale\u017cy do czytelnika.<\/li>\n<li><strong>Wersety biblijne:<\/strong> Als Geschichte erz\u00e4hlt, sind 1177 Bibelverse in den Text eingewoben. Der Leser setzt sich selbst mit dem Text der Bibel auseinander.<\/li>\n<li><strong>Ilustrowane:<\/strong> Ponad 100 rysunk\u00f3w, map i diagram\u00f3w pomaga wyja\u015bni\u0107 histori\u0119.<\/li>\n<li><strong>Zaprojektowany jako prezent:<\/strong> Das Buch kann wie ein Evangeliumstraktat weitergegeben werden. Die Leser k\u00f6nnen dann die Botschaft der Bibel selbst lernen.<\/li>\n<li><strong>Gestaltet f\u00fcr den Einsatz in einem Kurs:<\/strong> Dieses Buch kann als Studienbuch in einer Bibelarbeit verwendet werden. (Erfahren Sie mehr \u00fcber &#8222;<a title=\"Przemy\u015blenie \u015bwiatopogl\u0105du\" href=\"https:\/\/ca.goodseed.com\/worldview-rethink-the-course-family\/\">Kurs ponownego przemy\u015blenia \u015bwiatopogl\u0105du<\/a>.&#8220;)<\/li>\n<\/ul>\n<p>Anzahl der Seiten: 384<br \/>\nISBN: 1890082007<\/p>","protected":false},"excerpt":{"rendered":"<p>Ceny hurtowe:<\/p>\n<p>Poni\u017cej znajduj\u0105 si\u0119 dost\u0119pne stawki rabat\u00f3w hurtowych dla ka\u017cdego pojedynczego produktu przy zakupie okre\u015blonej ilo\u015bci<\/p>\n<ul>\n<li>Kup 12 lub wi\u0119cej i otrzymaj 10% zni\u017cki<\/li>\n<\/ul>","protected":false},"featured_media":1624,"comment_status":"closed","ping_status":"closed","template":"","meta":{"_acf_changed":false,"_glsr_average":0,"_glsr_ranking":0,"_glsr_reviews":0},"product_brand":[],"product_cat":[48,24,18],"product_tag":[],"giftcard-category":[],"class_list":{"0":"post-598","1":"product","2":"type-product","3":"status-publish","4":"has-post-thumbnail","6":"product_cat-christliche-weltanschauung","7":"product_cat-ebooks","8":"product_cat-evangelisation_nachfolge","10":"first","11":"instock","12":"taxable","13":"shipping-taxable","14":"purchasable","15":"product-type-simple"},"acf":[],"_links":{"self":[{"href":"https:\/\/eu.goodseed.com\/pl\/wp-json\/wp\/v2\/product\/598","targetHints":{"allow":["GET"]}}],"collection":[{"href":"https:\/\/eu.goodseed.com\/pl\/wp-json\/wp\/v2\/product"}],"about":[{"href":"https:\/\/eu.goodseed.com\/pl\/wp-json\/wp\/v2\/types\/product"}],"replies":[{"embeddable":true,"href":"https:\/\/eu.goodseed.com\/pl\/wp-json\/wp\/v2\/comments?post=598"}],"wp:featuredmedia":[{"embeddable":true,"href":"https:\/\/eu.goodseed.com\/pl\/wp-json\/wp\/v2\/media\/1624"}],"wp:attachment":[{"href":"https:\/\/eu.goodseed.com\/pl\/wp-json\/wp\/v2\/media?parent=598"}],"wp:term":[{"taxonomy":"product_brand","embeddable":true,"href":"https:\/\/eu.goodseed.com\/pl\/wp-json\/wp\/v2\/product_brand?post=598"},{"taxonomy":"product_cat","embeddable":true,"href":"https:\/\/eu.goodseed.com\/pl\/wp-json\/wp\/v2\/product_cat?post=598"},{"taxonomy":"product_tag","embeddable":true,"href":"https:\/\/eu.goodseed.com\/pl\/wp-json\/wp\/v2\/product_tag?post=598"},{"taxonomy":"giftcard-category","embeddable":true,"href":"https:\/\/eu.goodseed.com\/pl\/wp-json\/wp\/v2\/giftcard-category?post=598"}],"curies":[{"name":"wp","href":"https:\/\/api.w.org\/{rel}","templated":true}]}}