{"id":552,"date":"2025-04-28T08:35:37","date_gmt":"2025-04-28T08:35:37","guid":{"rendered":"https:\/\/eu.goodseed.com\/?post_type=product&#038;p=552"},"modified":"2025-07-07T07:10:23","modified_gmt":"2025-07-07T07:10:23","slug":"all-that-the-prophets-have-spoken-turkish-ebook-edition-2","status":"publish","type":"product","link":"https:\/\/eu.goodseed.com\/pl\/product\/all-that-the-prophets-have-spoken-turkish-ebook-edition-2\/","title":{"rendered":"Alles, was die Propheten gesagt haben (T\u00fcrkisch) eBook Edition"},"content":{"rendered":"<p>Dies ist die eBook-Version von <span class=\"s1\"><em>Peygamberlerin B\u00fct\u00fcn S\u00f6yledikleri<\/em><\/span>, der t\u00fcrkischen Ausgabe 2015 von <em><a href=\"https:\/\/ca.goodseed.com\/all-that-the-prophets-have-spoken-english\/\">Alles, was die Propheten gesprochen haben<\/a><\/em>, einer umfassenden Aktualisierung des t\u00fcrkischen Buches <span class=\"s1\"><em>Emmaus Yolunda.<\/em><\/span> Wenn Sie dieses Produkt kaufen, k\u00f6nnen Sie die Mobi, ePub und PDF Versionen herunterladen.<\/p>\n<ul>\n<li>Mobi: f\u00fcr Kindle-Ger\u00e4te<\/li>\n<li>ePub: f\u00fcr iBooks, Google Books, Kobo und mehr<\/li>\n<li>PDF: erfordert einen PDF-Reader wie Adobe Acrobat Reader zur Ansicht<\/li>\n<\/ul>\n<p>&nbsp;<\/p>\n<p><strong>FREE DOWNLOAD<\/strong><br \/>\nAls gemeinn\u00fctziger Dienst werden die Verkaufserl\u00f6se dazu verwendet, Menschen auf der ganzen Welt, die keinen Zugang dazu haben, mit Ressourcen zu versorgen. Auch wenn Sie sich dieses Ebook nicht leisten k\u00f6nnen, m\u00f6chten wir, dass Sie es trotzdem lesen. Verwenden Sie diesen Gutscheincode, um das Ebook kostenlos zu erhalten: <strong>GOODSEEDFREE<\/strong><\/p>\n<p>(Kopieren Sie den Gutscheincode und f\u00fcgen Sie ihn in das Gutscheinfeld auf der Bezahlseite ein).<\/p>\n<p><a href=\"https:\/\/ca.goodseed.com\/coupon-codes-and-ebook-downloads\/\">[Klicken Sie hier, um Hilfe bei der Verwendung der Gutscheine oder beim Herunterladen der Ebooks zu erhalten.]<\/a><\/p>\n","protected":false},"excerpt":{"rendered":"<p>Dies ist die eBook-Version von Peygamberlerin B\u00fct\u00fcn S\u00f6yledikleri, der t\u00fcrkischen Ausgabe 2015 von Alles, was die Propheten gesprochen haben, einer umfassenden Aktualisierung des t\u00fcrkischen Buches Emmaus Yolunda. Wenn Sie dieses Produkt kaufen, k\u00f6nnen Sie die Mobi, ePub und PDF Versionen herunterladen. Mobi: f\u00fcr Kindle-Ger\u00e4te ePub: f\u00fcr iBooks, Google Books, Kobo und mehr PDF: erfordert einen [&hellip;]<\/p>\n","protected":false},"featured_media":557,"comment_status":"closed","ping_status":"closed","template":"","meta":{"_acf_changed":false,"_glsr_average":0,"_glsr_ranking":0,"_glsr_reviews":0},"product_brand":[],"product_cat":[24,18,49,17,88],"product_tag":[58],"giftcard-category":[],"class_list":{"0":"post-552","1":"product","2":"type-product","3":"status-publish","4":"has-post-thumbnail","6":"product_cat-ebooks","7":"product_cat-evangelisation_nachfolge","8":"product_cat-islamische-weltanschauung","9":"product_cat-new-release","10":"product_cat-tuerkisch","11":"product_tag-turkish","13":"first","14":"instock","15":"taxable","16":"shipping-taxable","17":"product-type-simple"},"acf":[],"_links":{"self":[{"href":"https:\/\/eu.goodseed.com\/pl\/wp-json\/wp\/v2\/product\/552","targetHints":{"allow":["GET"]}}],"collection":[{"href":"https:\/\/eu.goodseed.com\/pl\/wp-json\/wp\/v2\/product"}],"about":[{"href":"https:\/\/eu.goodseed.com\/pl\/wp-json\/wp\/v2\/types\/product"}],"replies":[{"embeddable":true,"href":"https:\/\/eu.goodseed.com\/pl\/wp-json\/wp\/v2\/comments?post=552"}],"wp:featuredmedia":[{"embeddable":true,"href":"https:\/\/eu.goodseed.com\/pl\/wp-json\/wp\/v2\/media\/557"}],"wp:attachment":[{"href":"https:\/\/eu.goodseed.com\/pl\/wp-json\/wp\/v2\/media?parent=552"}],"wp:term":[{"taxonomy":"product_brand","embeddable":true,"href":"https:\/\/eu.goodseed.com\/pl\/wp-json\/wp\/v2\/product_brand?post=552"},{"taxonomy":"product_cat","embeddable":true,"href":"https:\/\/eu.goodseed.com\/pl\/wp-json\/wp\/v2\/product_cat?post=552"},{"taxonomy":"product_tag","embeddable":true,"href":"https:\/\/eu.goodseed.com\/pl\/wp-json\/wp\/v2\/product_tag?post=552"},{"taxonomy":"giftcard-category","embeddable":true,"href":"https:\/\/eu.goodseed.com\/pl\/wp-json\/wp\/v2\/giftcard-category?post=552"}],"curies":[{"name":"wp","href":"https:\/\/api.w.org\/{rel}","templated":true}]}}