{"id":526,"date":"2025-04-28T08:31:34","date_gmt":"2025-04-28T08:31:34","guid":{"rendered":"https:\/\/eu.goodseed.com\/?post_type=product&#038;p=526"},"modified":"2025-12-05T01:45:37","modified_gmt":"2025-12-05T01:45:37","slug":"all-that-the-prophets-have-spoken-portuguese","status":"publish","type":"product","link":"https:\/\/eu.goodseed.com\/pl\/product\/all-that-the-prophets-have-spoken-portuguese\/","title":{"rendered":"Alles, was die Propheten geredet haben (Portugiesisch)"},"content":{"rendered":"<div>\n<ul>\n<li><strong>Kup 12 lub wi\u0119cej <\/strong>i otrzyma\u0107 <strong>10% Zni\u017cka<\/strong><\/li>\n<\/ul>\n<\/div>\n<p>Dies ist die portugiesische Ausgabe von &#8222;<a title=\"Wszystko, o czym m\u00f3wili prorocy\" href=\"https:\/\/ca.goodseed.com\/all-that-the-prophets-have-spoken-english\/\">Wszystko, o czym m\u00f3wili prorocy<\/a>.&#8220;<\/p>\n<p>&nbsp;<\/p>\n<p>Poni\u017cszy opis pochodzi z wydania angielskiego:<\/p>\n<p>W miar\u0119 rozprzestrzeniania si\u0119 wp\u0142yw\u00f3w islamu b\u0119dziesz spotyka\u0107 coraz wi\u0119cej muzu\u0142man\u00f3w. Jak jednak przekaza\u0107 im g\u0142\u00f3wne przes\u0142anie Pisma \u015awi\u0119tego? Od czego powiniene\u015b zacz\u0105\u0107? Jak w og\u00f3le zacz\u0105\u0107?<\/p>\n<p>W swojej \u015bwi\u0119tej ksi\u0119dze, Koranie, muzu\u0142manie m\u00f3wi\u0105, \u017ce wierz\u0105 w Tor\u0119 Moj\u017cesza, Psalmy Dawida i Ewangeli\u0119 Jezusa. A je\u015bli kiedykolwiek rozmawia\u0142e\u015b z nimi o Pi\u015bmie \u015awi\u0119tym, by\u0107 mo\u017ce powiedzieli ci, \u017ce \u201ewierz\u0105 we wszystkich prorok\u00f3w\u201c.<\/p>\n<p>Podczas gdy wiele historii ze Starego Testamentu jest r\u00f3wnie\u017c wspomnianych w Koranie, a obie m\u00f3wi\u0105 o tych samych prorokach, istniej\u0105 znaczne r\u00f3\u017cnice w interpretacji i zrozumieniu. Ale jak zniwelowa\u0107 te r\u00f3\u017cnice, aby przekaza\u0107 przes\u0142anie Biblii w spos\u00f3b zrozumia\u0142y dla wszystkich?<\/p>\n<p>\u201eWszystko, co powiedzieli prorocy\u201c przygl\u0105da si\u0119 S\u0142owu Bo\u017cemu z perspektywy muzu\u0142ma\u0144skiego czytelnika, bez odwo\u0142ywania si\u0119 do islamu czy Koranu. \u015awiadoma tego, w co wierz\u0105 muzu\u0142manie na temat g\u0142\u00f3wnych prorok\u00f3w, ksi\u0105\u017cka ta analizuje to, co Pismo \u015awi\u0119te ma do powiedzenia o tych ludziach i \u0142\u0105czy to z g\u0142\u00f3wnym przes\u0142aniem Biblii. Bior\u0105c pod uwag\u0119 islamsk\u0105 perspektyw\u0119, ksi\u0105\u017cka opiera si\u0119 na tym zrozumieniu i odpowiada na pytania, kt\u00f3re muzu\u0142manie mog\u0105 mie\u0107, tak aby pod koniec mieli jasne zrozumienie Boga Biblii.<\/p>\n<p>&nbsp;<\/p>\n<p><strong>Cechy<\/strong><\/p>\n<ul>\n<li><strong>Napisany dla doros\u0142ych i m\u0142odzie\u017cy:<\/strong> Zrozumia\u0142y dla dzieci od dziesi\u0105tego roku \u017cycia, ale napisany z my\u015bl\u0105 o nastolatkach i doros\u0142ych.<\/li>\n<li><strong>Za\u0142o\u017cenia:<\/strong> Zak\u0142ada, \u017ce kiedy czytelnicy my\u015bl\u0105 o Bogu, my\u015bl\u0105 tylko o jednym Bogu i \u017ce B\u00f3g jest osob\u0105, a nie si\u0142\u0105. Nie zak\u0142ada si\u0119 dalszej znajomo\u015bci Biblii.<\/li>\n<li><strong>Muzu\u0142ma\u0144ski \u015bwiatopogl\u0105d:<\/strong> Wyja\u015bnia przes\u0142anie Biblii w spos\u00f3b zrozumia\u0142y dla os\u00f3b o islamskim pochodzeniu kulturowym (ale niekoniecznie muzu\u0142man\u00f3w z przekonania) bez mieszania islamskiego i biblijnego \u015bwiatopogl\u0105du.<\/li>\n<li><strong>Chronologicznie:<\/strong> Beginnt mit der Erschaffung des Universums und geht dann der Reihe nach durch die Schl\u00fcsselgeschichten des Alten Testaments zum Neuen Testament \u00fcber, um die Bedeutung des Kreuzes und des Grabes zu enth\u00fcllen. Die Hauptgeschichte der Bibel wird zu einem universellen, allumfassenden Drama zusammengef\u00fcgt. Es folgt demselben Handlungsstrang wie \u201eDer Fremde auf dem Weg nach Emmaus\u201c, unterscheidet sich aber um 25 Prozent. Der Unterschied ist signifikant.<\/li>\n<li><strong>Na podstawie Ewangelii Jana:<\/strong> Wykorzystuje Ewangeli\u0119 Jana jako szablon; jednocze\u015bnie zapewnia niezb\u0119dne historie w tle, aby kontekstualizowa\u0107 Ewangeli\u0119. Zak\u0142ada si\u0119, \u017ce czytelnik wie bardzo niewiele, je\u015bli w og\u00f3le, o S\u0142owie Bo\u017cym.<\/li>\n<li><strong>Cel:<\/strong> Die Heilige Schrift darf f\u00fcr sich selbst sprechen, wenn sie die gute Nachricht von Jesus Christus pr\u00e4sentiert. Es gibt kein Zureden zum Glauben. Die Botschaft wird objektiv pr\u00e4sentiert; die Entscheidung, ob man glaubt oder nicht, bleibt dem Leser \u00fcberlassen.<\/li>\n<li><strong>Wy\u0142\u0105czenie Pisma \u015awi\u0119tego z tradycji religijnych:<\/strong> Die Leser werden in das Wort Gottes ohne religi\u00f6ses Drumherum eingef\u00fchrt.<\/li>\n<li><strong>Wersety biblijne:<\/strong> Opowie\u015b\u0107 zawiera 1244 wersety biblijne wplecione w tekst. Czytelnik sam anga\u017cuje si\u0119 w tekst Biblii.<\/li>\n<li><strong>Ilustrowane:<\/strong> Ponad 100 rysunk\u00f3w, map i diagram\u00f3w pomaga wyja\u015bni\u0107 histori\u0119.<\/li>\n<li><strong>Zaprojektowany jako prezent:<\/strong> Ksi\u0105\u017cka mo\u017ce by\u0107 przekazywana jak traktat ewangeliczny. W ten spos\u00f3b czytelnicy mog\u0105 sami do\u015bwiadczy\u0107 przes\u0142ania Biblii.<\/li>\n<\/ul>\n<p>Seitenzahl: 281<br \/>\nISBN: 9781890082765<\/p>","protected":false},"excerpt":{"rendered":"<p>Ceny hurtowe:<\/p>\n<p>Poni\u017cej znajduj\u0105 si\u0119 dost\u0119pne stawki rabat\u00f3w hurtowych dla ka\u017cdego pojedynczego produktu przy zakupie okre\u015blonej ilo\u015bci<\/p>\n<ul>\n<li>Kup 12 lub wi\u0119cej i otrzymaj 10% zni\u017cki<\/li>\n<\/ul>","protected":false},"featured_media":548,"comment_status":"closed","ping_status":"closed","template":"","meta":{"_acf_changed":false,"_glsr_average":0,"_glsr_ranking":0,"_glsr_reviews":0},"product_brand":[],"product_cat":[18,49,17,87],"product_tag":[66],"giftcard-category":[],"class_list":{"0":"post-526","1":"product","2":"type-product","3":"status-publish","4":"has-post-thumbnail","6":"product_cat-evangelisation_nachfolge","7":"product_cat-islamische-weltanschauung","8":"product_cat-new-release","9":"product_cat-portuguese","10":"product_tag-portuguese","12":"first","13":"instock","14":"taxable","15":"shipping-taxable","16":"purchasable","17":"product-type-simple"},"acf":[],"_links":{"self":[{"href":"https:\/\/eu.goodseed.com\/pl\/wp-json\/wp\/v2\/product\/526","targetHints":{"allow":["GET"]}}],"collection":[{"href":"https:\/\/eu.goodseed.com\/pl\/wp-json\/wp\/v2\/product"}],"about":[{"href":"https:\/\/eu.goodseed.com\/pl\/wp-json\/wp\/v2\/types\/product"}],"replies":[{"embeddable":true,"href":"https:\/\/eu.goodseed.com\/pl\/wp-json\/wp\/v2\/comments?post=526"}],"wp:featuredmedia":[{"embeddable":true,"href":"https:\/\/eu.goodseed.com\/pl\/wp-json\/wp\/v2\/media\/548"}],"wp:attachment":[{"href":"https:\/\/eu.goodseed.com\/pl\/wp-json\/wp\/v2\/media?parent=526"}],"wp:term":[{"taxonomy":"product_brand","embeddable":true,"href":"https:\/\/eu.goodseed.com\/pl\/wp-json\/wp\/v2\/product_brand?post=526"},{"taxonomy":"product_cat","embeddable":true,"href":"https:\/\/eu.goodseed.com\/pl\/wp-json\/wp\/v2\/product_cat?post=526"},{"taxonomy":"product_tag","embeddable":true,"href":"https:\/\/eu.goodseed.com\/pl\/wp-json\/wp\/v2\/product_tag?post=526"},{"taxonomy":"giftcard-category","embeddable":true,"href":"https:\/\/eu.goodseed.com\/pl\/wp-json\/wp\/v2\/giftcard-category?post=526"}],"curies":[{"name":"wp","href":"https:\/\/api.w.org\/{rel}","templated":true}]}}