{"id":465,"date":"2025-04-28T07:12:47","date_gmt":"2025-04-28T07:12:47","guid":{"rendered":"https:\/\/eu.goodseed.com\/?post_type=product&#038;p=465"},"modified":"2025-12-05T01:47:44","modified_gmt":"2025-12-05T01:47:44","slug":"all-that-the-prophets-have-spoken-companion-workbook-turkish","status":"publish","type":"product","link":"https:\/\/eu.goodseed.com\/pl\/product\/all-that-the-prophets-have-spoken-companion-workbook-turkish\/","title":{"rendered":"All das, was die Propheten gesprochen haben Begleitendes Arbeitsbuch (T\u00fcrkisch)"},"content":{"rendered":"<p>Ten turecki zeszyt \u0107wicze\u0144 jest niezb\u0119dnym uzupe\u0142nieniem \u201e<a title=\"Wszystko, co powiedzieli prorocy\" href=\"https:\/\/ca.goodseed.com\/all-that-the-prophets-have-spoken-turkish\/\">Wszystko, co powiedzieli prorocy<\/a>\u201e. Oferuje on \u0142atwy spos\u00f3b na sprawdzenie studiowanego materia\u0142u. Je\u015bli co\u015b nie jest jasne dla twoich uczni\u00f3w, dowiesz si\u0119 tego z pomoc\u0105 zeszytu \u0107wicze\u0144. Ka\u017cdy rozdzia\u0142 odpowiada rozdzia\u0142om w \u201eWszyscy prorocy\u201c i zawiera pytania maj\u0105ce na celu wzmocnienie kluczowych punkt\u00f3w i zapewnia dodatkowe zadania, aby wprowadzi\u0107 uczni\u00f3w w sam\u0105 Bibli\u0119.<\/p>\n<p>Niekt\u00f3re z pyta\u0144 to pytania wielokrotnego wyboru, pytania typu cloze i krzy\u017c\u00f3wki, na kt\u00f3re odpowiedzi mo\u017cna znale\u017a\u0107 z ty\u0142u zeszytu \u0107wicze\u0144.<\/p>\n<p>Jest to idealne narz\u0119dzie do studiowania Biblii w domu, w szk\u00f3\u0142ce niedzielnej lub na obozie biblijnym.<\/p>\n<p>Liczba stron: 96<br \/>\nISBN: 9789759062736<\/p>","protected":false},"excerpt":{"rendered":"<p>Dieses t\u00fcrkische Arbeitsbuch ist eine unverzichtbare Erg\u00e4nzung zu &#8222;Alles, was die Propheten gesagt haben&#8222;. Es bietet eine einfache M\u00f6glichkeit, den Lernstoff zu wiederholen, der gerade studiert wird. Wenn Ihren Sch\u00fclern etwas nicht klar ist, werden Sie es mit Hilfe des Arbeitsbuchs herausfinden. Jedes Kapitel korrespondiert mit den Kapiteln in &#8222;Alle Propheten&#8220; und stellt Fragen, die [&hellip;]<\/p>\n","protected":false},"featured_media":466,"comment_status":"closed","ping_status":"closed","template":"","meta":{"_acf_changed":false,"_glsr_average":0,"_glsr_ranking":0,"_glsr_reviews":0},"product_brand":[],"product_cat":[18,49,88],"product_tag":[58],"giftcard-category":[],"class_list":{"0":"post-465","1":"product","2":"type-product","3":"status-publish","4":"has-post-thumbnail","6":"product_cat-evangelisation_nachfolge","7":"product_cat-islamische-weltanschauung","8":"product_cat-tuerkisch","9":"product_tag-turkish","11":"first","12":"instock","13":"taxable","14":"shipping-taxable","15":"purchasable","16":"product-type-simple"},"acf":[],"_links":{"self":[{"href":"https:\/\/eu.goodseed.com\/pl\/wp-json\/wp\/v2\/product\/465","targetHints":{"allow":["GET"]}}],"collection":[{"href":"https:\/\/eu.goodseed.com\/pl\/wp-json\/wp\/v2\/product"}],"about":[{"href":"https:\/\/eu.goodseed.com\/pl\/wp-json\/wp\/v2\/types\/product"}],"replies":[{"embeddable":true,"href":"https:\/\/eu.goodseed.com\/pl\/wp-json\/wp\/v2\/comments?post=465"}],"wp:featuredmedia":[{"embeddable":true,"href":"https:\/\/eu.goodseed.com\/pl\/wp-json\/wp\/v2\/media\/466"}],"wp:attachment":[{"href":"https:\/\/eu.goodseed.com\/pl\/wp-json\/wp\/v2\/media?parent=465"}],"wp:term":[{"taxonomy":"product_brand","embeddable":true,"href":"https:\/\/eu.goodseed.com\/pl\/wp-json\/wp\/v2\/product_brand?post=465"},{"taxonomy":"product_cat","embeddable":true,"href":"https:\/\/eu.goodseed.com\/pl\/wp-json\/wp\/v2\/product_cat?post=465"},{"taxonomy":"product_tag","embeddable":true,"href":"https:\/\/eu.goodseed.com\/pl\/wp-json\/wp\/v2\/product_tag?post=465"},{"taxonomy":"giftcard-category","embeddable":true,"href":"https:\/\/eu.goodseed.com\/pl\/wp-json\/wp\/v2\/giftcard-category?post=465"}],"curies":[{"name":"wp","href":"https:\/\/api.w.org\/{rel}","templated":true}]}}