{"id":451,"date":"2025-04-28T07:01:24","date_gmt":"2025-04-28T07:01:24","guid":{"rendered":"https:\/\/eu.goodseed.com\/?post_type=product&#038;p=451"},"modified":"2025-12-05T01:47:57","modified_gmt":"2025-12-05T01:47:57","slug":"easter-what-is-it-french","status":"publish","type":"product","link":"https:\/\/eu.goodseed.com\/pl\/product\/easter-what-is-it-french\/","title":{"rendered":"Wielkanoc - co to jest? (Francuski)"},"content":{"rendered":"<blockquote>\n<ul>\n<li><strong>Kaufen Sie 10 &#8211; 49 <\/strong>i otrzyma\u0107 <strong>15% Rabatt<\/strong><\/li>\n<li><strong>Kaufen Sie 50 &#8211; 99 <\/strong>i otrzyma\u0107 <strong>25% Rabatt<\/strong><\/li>\n<li><strong>Kaufen Sie 100 oder mehr <\/strong>i otrzyma\u0107 <strong>35% Rabatt<\/strong><\/li>\n<\/ul>\n<\/blockquote>\n<p class=\"no-fr\">Dies ist die franz\u00f6sische Osterversion von <em><a title=\"What are Christmas and Easter all About?\" href=\"https:\/\/ca.goodseed.com\/what-are-christmas-and-easter-all-about-english\/\">What are Christmas and Easter All About?<\/a><\/em><\/p>\n<p>Poni\u017cszy opis pochodzi z wydania angielskiego:<\/p>\n<p>Wie andere GoodSeed-Hilfsmittel erkl\u00e4rt dieses Buch das Evangelium in chronologischer Reihenfolge von der Sch\u00f6pfung bis zum Kreuz. Dieses 80-seitige B\u00fcchlein ist preislich so gestaltet, dass es in gro\u00dfer Zahl verschenkt werden kann. Kirchen k\u00f6nnen diese Brosch\u00fcren Besuchern \u00fcberreichen oder sie bei Konzerten oder kirchlichen Veranstaltungen, insbesondere zu Ostern oder Weihnachten, verteilen. Auch Einzelpersonen k\u00f6nnen das Heft wie ein Evangeliumstraktat an Familie, Freunde und Nachbarn weitergeben.<\/p>\n<p>Mit farbigen Illustrationen und sorgf\u00e4ltig kontrolliertem Text wird die Kernbotschaft der Bibel in leicht verst\u00e4ndlichem Englisch erkl\u00e4rt, so dass auch jemand, der Englisch als Zweitsprache spricht, die Botschaft klar verstehen kann.<\/p>\n<p>&nbsp;<\/p>\n<h4>Cechy<\/h4>\n<ul>\n<li><strong>Geschrieben f\u00fcr Menschen mit begrenzten Sprachkenntnissen:<\/strong> Durch die Verwendung von EasyEnglish ist es f\u00fcr Kinder, Jugendliche, ESL und Menschen, die nicht viel lesen, geeignet.<\/li>\n<li><strong>Preisg\u00fcnstig f\u00fcr Massengeschenke:<\/strong>Dieses B\u00fcchlein ist sehr g\u00fcnstig. Wenn man es in gro\u00dfen Mengen kauft, kostet es weniger als eine Tasse Kaffee &#8211; billiger als eine Weihnachts- oder Osterkarte. Es ist ideal, um es in gro\u00dfen Mengen zu verschenken. Eine Kirche kann es an jede T\u00fcr in der Nachbarschaft h\u00e4ngen, ohne das Budget zu sprengen!<\/li>\n<li><strong>Za\u0142o\u017cenia:<\/strong> Es wird davon ausgegangen, dass der Leser wenig oder keine Vorkenntnisse \u00fcber die Bibel hat<\/li>\n<li><strong>Chronologicznie:<\/strong> Beginnend mit der Erschaffung des Universums und dann fortlaufend durch die Schl\u00fcsselgeschichten des Alten Testaments, geht es ins Neue Testament, um die Bedeutung des Kreuzes und des Grabes zu enth\u00fcllen. Die Hauptgeschichte der Bibel wird zu einem universellen, allumfassenden Drama zusammengef\u00fcgt. Der Inhalt ist kurz gehalten, so dass ein Leser das Buch in etwa 45 Minuten durchlesen kann.<\/li>\n<li><strong>W pe\u0142ni ilustrowany:<\/strong> Farbige Bilder des begnadeten K\u00fcnstlers Ian Mastin erwecken die Geschichte des Evangeliums zum Leben. (Siehe <a title=\"iammastin.com\" href=\"http:\/\/ianmastin.com\/\">ianmastin.com<\/a>)<\/li>\n<\/ul>\n<p>Anzahl der Seiten: 80<br \/>\nISBN: 9781890082635<\/p>","protected":false},"excerpt":{"rendered":"<p>Ceny hurtowe:<\/p>\n<p>Poni\u017cej znajduj\u0105 si\u0119 dost\u0119pne stawki rabat\u00f3w hurtowych dla ka\u017cdego pojedynczego produktu przy zakupie okre\u015blonej ilo\u015bci<\/p>\n<ul>\n<li>Kup 10-49 i otrzymaj 15% zni\u017cki<\/li>\n<li>Kup 50-99 i otrzymaj 25% zni\u017cki<\/li>\n<li>Kup 100 lub wi\u0119cej i otrzymaj 35% zni\u017cki<\/li>\n<\/ul>","protected":false},"featured_media":452,"comment_status":"closed","ping_status":"closed","template":"","meta":{"_acf_changed":false,"_glsr_average":0,"_glsr_ranking":0,"_glsr_reviews":0},"product_brand":[],"product_cat":[19,78],"product_tag":[52],"giftcard-category":[],"class_list":{"0":"post-451","1":"product","2":"type-product","3":"status-publish","4":"has-post-thumbnail","6":"product_cat-broschuren-zur-evangelisation","7":"product_cat-franzoesisch","8":"product_tag-french","10":"first","11":"instock","12":"taxable","13":"shipping-taxable","14":"purchasable","15":"product-type-simple"},"acf":[],"_links":{"self":[{"href":"https:\/\/eu.goodseed.com\/pl\/wp-json\/wp\/v2\/product\/451","targetHints":{"allow":["GET"]}}],"collection":[{"href":"https:\/\/eu.goodseed.com\/pl\/wp-json\/wp\/v2\/product"}],"about":[{"href":"https:\/\/eu.goodseed.com\/pl\/wp-json\/wp\/v2\/types\/product"}],"replies":[{"embeddable":true,"href":"https:\/\/eu.goodseed.com\/pl\/wp-json\/wp\/v2\/comments?post=451"}],"wp:featuredmedia":[{"embeddable":true,"href":"https:\/\/eu.goodseed.com\/pl\/wp-json\/wp\/v2\/media\/452"}],"wp:attachment":[{"href":"https:\/\/eu.goodseed.com\/pl\/wp-json\/wp\/v2\/media?parent=451"}],"wp:term":[{"taxonomy":"product_brand","embeddable":true,"href":"https:\/\/eu.goodseed.com\/pl\/wp-json\/wp\/v2\/product_brand?post=451"},{"taxonomy":"product_cat","embeddable":true,"href":"https:\/\/eu.goodseed.com\/pl\/wp-json\/wp\/v2\/product_cat?post=451"},{"taxonomy":"product_tag","embeddable":true,"href":"https:\/\/eu.goodseed.com\/pl\/wp-json\/wp\/v2\/product_tag?post=451"},{"taxonomy":"giftcard-category","embeddable":true,"href":"https:\/\/eu.goodseed.com\/pl\/wp-json\/wp\/v2\/giftcard-category?post=451"}],"curies":[{"name":"wp","href":"https:\/\/api.w.org\/{rel}","templated":true}]}}