{"id":442,"date":"2025-04-28T06:54:27","date_gmt":"2025-04-28T06:54:27","guid":{"rendered":"https:\/\/eu.goodseed.com\/?post_type=product&#038;p=442"},"modified":"2025-12-05T01:48:03","modified_gmt":"2025-12-05T01:48:03","slug":"the-story-that-matters-hungarian","status":"publish","type":"product","link":"https:\/\/eu.goodseed.com\/pl\/product\/the-story-that-matters-hungarian\/","title":{"rendered":"Historia, kt\u00f3ra ma znaczenie (w\u0119gierski)"},"content":{"rendered":"<p class=\"no-fr\">Dies ist die ungarische Ausgabe von <em><a href=\"https:\/\/ca.goodseed.com\/the-story-that-matters-english\/\">The Story that Matters<\/a><\/em>.<\/p>\n<p>Dieses 64-seitige B\u00fcchlein erkl\u00e4rt das Evangelium auf chronologische Weise von der Sch\u00f6pfung bis zum Kreuz. Mit ausdrucksstarken Strichzeichnungen und sorgf\u00e4ltig kontrolliertem Text wird die Kernbotschaft der Bibel in einfach zu verstehendem Englisch erkl\u00e4rt, so dass auch jemand, der Englisch als Zweitsprache benutzt, sie klar verstehen kann.<\/p>\n<p>Der Preis ist so bemessen, dass sie in gro\u00dfer Zahl verschenkt werden k\u00f6nnen. Kirchen k\u00f6nnen diese Brosch\u00fcren Besuchern vorlegen oder sie bei Konzerten oder Kirchenprogrammen verteilen. Auch Einzelpersonen k\u00f6nnen das Heft wie ein Evangeliumstraktat an Familie, Freunde und Nachbarn weitergeben.<\/p>\n<p>Ta ksi\u0105\u017cka jest wariantem <em><a href=\"https:\/\/ca.goodseed.com\/what-are-christmas-and-easter-all-about-english\/\">Was hat es mit Weihnachten und Ostern auf sich?<\/a><\/em> Der Text ist identisch, aber es werden ausdrucksstarke Strichzeichnungen verwendet. Es ist auch f\u00fcr den Gebrauch au\u00dferhalb der Weihnachts- und Osterzeit geeignet.<br \/>\n&nbsp;<\/p>\n<p><strong>FEATURES<\/strong><\/p>\n<ul>\n<li><strong>Preisg\u00fcnstig f\u00fcr Massengeschenke: <\/strong>Dieses Booklet hat ein gesatteltes, geheftetes Zeitungspapierformat, was es sehr erschwinglich macht. Es ist ideal, um es in gro\u00dfer Zahl zu verschenken. Eine Kirche kann ein Exemplar an jede T\u00fcr in der Nachbarschaft h\u00e4ngen, ohne das Budget zu sprengen!<\/li>\n<li><strong>Wymagania wst\u0119pne:<\/strong> Es wird davon ausgegangen, dass der Leser keine oder nur geringe Vorkenntnisse der Bibel hat<\/li>\n<li><strong>Chronologicznie:<\/strong> Es beginnt mit der Erschaffung des Universums, geht dann der Reihe nach durch die Schl\u00fcsselgeschichten des Alten Testaments und bewegt sich ins Neue Testament, um die Bedeutung des Kreuzes und des Grabes zu enth\u00fcllen. Die Hauptgeschichte der Bibel wird zu einem universellen, allumfassenden Drama zusammengef\u00fcgt. Der Inhalt ist kurz gehalten, so dass ein Leser das Buch in etwa 45 Minuten durchlesen kann.<\/li>\n<li><strong>Ausdrucksstarke Strichzeichnungen:<\/strong> Ilustracje utalentowanego artysty Matta Almy'ego o\u017cywiaj\u0105 histori\u0119 Ewangelii.<\/li>\n<\/ul>\n<p>&nbsp;<\/p>\n<p><strong>BUCHHALTER<\/strong><\/p>\n<p>Es gibt Buchh\u00fcllen, die <em>The Story that Matters<\/em> umh\u00fcllen, um es als Geschenk noch attraktiver zu machen. Zum Beispiel k\u00f6nnen Sie das Buch bei einem Geburtstag oder einer Feier mit einer Banderole einpacken, auf der steht: \u201eDanke, dass Sie mit uns gefeiert haben!\u201c Oder bei der Beerdigung eines geliebten Menschen k\u00f6nnen Sie einen Stapel B\u00fccher in die H\u00fclle einpacken lassen, auf dem steht: \u201eDer Anker unserer Hoffnung und unseres Friedens\u201c. Diese und andere H\u00fclsen machen es leicht, jemandem eine klare Erkl\u00e4rung des Evangeliums zu geben. Auf unserer Website finden Sie eine gro\u00dfe Auswahl an H\u00fcllen, die Sie herunterladen und selbst ausdrucken k\u00f6nnen. Wir hoffen, dass Ihnen bei der Durchsicht der Optionen noch mehr M\u00f6glichkeiten zur Weitergabe des Evangeliums aufgezeigt werden.<a href=\"http:\/\/www.goodseed.com\/the-story-that-matters.html#book-sleeves\" target=\"_blank\" rel=\"noopener\">Siehe Buchh\u00fcllen &gt;&gt;<\/a><\/p>","protected":false},"excerpt":{"rendered":"<p>Dies ist die ungarische Ausgabe von The Story that Matters. Dieses 64-seitige B\u00fcchlein erkl\u00e4rt das Evangelium auf chronologische Weise von der Sch\u00f6pfung bis zum Kreuz. Mit ausdrucksstarken Strichzeichnungen und sorgf\u00e4ltig kontrolliertem Text wird die Kernbotschaft der Bibel in einfach zu verstehendem Englisch erkl\u00e4rt, so dass auch jemand, der Englisch als Zweitsprache benutzt, sie klar verstehen [&hellip;]<\/p>\n","protected":false},"featured_media":427,"comment_status":"closed","ping_status":"closed","template":"","meta":{"_acf_changed":false,"_glsr_average":0,"_glsr_ranking":0,"_glsr_reviews":0},"product_brand":[],"product_cat":[19,18,98],"product_tag":[72],"giftcard-category":[],"class_list":{"0":"post-442","1":"product","2":"type-product","3":"status-publish","4":"has-post-thumbnail","6":"product_cat-broschuren-zur-evangelisation","7":"product_cat-evangelisation_nachfolge","8":"product_cat-ungarisch","9":"product_tag-hungarian","11":"first","12":"instock","13":"taxable","14":"shipping-taxable","15":"purchasable","16":"product-type-simple"},"acf":[],"_links":{"self":[{"href":"https:\/\/eu.goodseed.com\/pl\/wp-json\/wp\/v2\/product\/442","targetHints":{"allow":["GET"]}}],"collection":[{"href":"https:\/\/eu.goodseed.com\/pl\/wp-json\/wp\/v2\/product"}],"about":[{"href":"https:\/\/eu.goodseed.com\/pl\/wp-json\/wp\/v2\/types\/product"}],"replies":[{"embeddable":true,"href":"https:\/\/eu.goodseed.com\/pl\/wp-json\/wp\/v2\/comments?post=442"}],"wp:featuredmedia":[{"embeddable":true,"href":"https:\/\/eu.goodseed.com\/pl\/wp-json\/wp\/v2\/media\/427"}],"wp:attachment":[{"href":"https:\/\/eu.goodseed.com\/pl\/wp-json\/wp\/v2\/media?parent=442"}],"wp:term":[{"taxonomy":"product_brand","embeddable":true,"href":"https:\/\/eu.goodseed.com\/pl\/wp-json\/wp\/v2\/product_brand?post=442"},{"taxonomy":"product_cat","embeddable":true,"href":"https:\/\/eu.goodseed.com\/pl\/wp-json\/wp\/v2\/product_cat?post=442"},{"taxonomy":"product_tag","embeddable":true,"href":"https:\/\/eu.goodseed.com\/pl\/wp-json\/wp\/v2\/product_tag?post=442"},{"taxonomy":"giftcard-category","embeddable":true,"href":"https:\/\/eu.goodseed.com\/pl\/wp-json\/wp\/v2\/giftcard-category?post=442"}],"curies":[{"name":"wp","href":"https:\/\/api.w.org\/{rel}","templated":true}]}}