{"id":420,"date":"2025-04-28T06:37:01","date_gmt":"2025-04-28T06:37:01","guid":{"rendered":"https:\/\/eu.goodseed.com\/?post_type=product&#038;p=420"},"modified":"2025-12-05T01:49:03","modified_gmt":"2025-12-05T01:49:03","slug":"the-story-that-matters-english","status":"publish","type":"product","link":"https:\/\/eu.goodseed.com\/pl\/product\/the-story-that-matters-english\/","title":{"rendered":"Historia, kt\u00f3ra ma znaczenie (angielski)"},"content":{"rendered":"<blockquote>\n<ul>\n<li><strong>Kup 10-49 egzemplarzy i otrzymaj <strong>15 Zni\u017cka %<\/strong><\/li>\n<li><strong>Kup 50-99 egzemplarzy i otrzymaj <strong>25 % zni\u017cka<\/strong><\/li>\n<li><strong>Kup 100 lub wi\u0119cej egzemplarzy i otrzymaj <strong>35 % zni\u017cka<\/strong><\/li>\n<\/ul>\n<\/blockquote>\n<p>Ta 64-stronicowa broszura wyja\u015bnia ewangeli\u0119 chronologicznie od stworzenia do krzy\u017ca. Dzi\u0119ki wyrazistym rysunkom i starannie dobranemu tekstowi, g\u0142\u00f3wne przes\u0142anie Biblii jest wyja\u015bnione w \u0142atwym do zrozumienia j\u0119zyku angielskim, tak aby nawet osoby pos\u0142uguj\u0105ce si\u0119 j\u0119zykiem angielskim jako drugim j\u0119zykiem mog\u0142y je jasno zrozumie\u0107.<\/p>\n<p>Cena zosta\u0142a zaprojektowana tak, aby broszura mog\u0142a by\u0107 rozdawana w du\u017cych ilo\u015bciach. Kongregacje ko\u015bcielne mog\u0105 rozdawa\u0107 broszury odwiedzaj\u0105cym lub rozprowadza\u0107 je podczas koncert\u00f3w i innych wydarze\u0144. Osoby prywatne mog\u0105 r\u00f3wnie\u017c przekazywa\u0107 broszur\u0119 rodzinie, przyjacio\u0142om i s\u0105siadom.<\/p>\n<p>Ta ksi\u0105\u017cka jest wariantem <em><a href=\"https:\/\/ca.goodseed.com\/what-are-christmas-and-easter-all-about-english\/\">O co chodzi w Bo\u017cym Narodzeniu i Wielkanocy?<\/a><\/em>. Tekst jest identyczny, ale z wyrazistymi rysunkami liniowymi. Tytu\u0142 jest r\u00f3wnie\u017c przeznaczony do u\u017cytku poza okresem Bo\u017cego Narodzenia i Wielkanocy.<\/p>\n<h4>Funkcje<\/h4>\n<ul>\n<li><strong>Dla os\u00f3b o ograniczonych umiej\u0119tno\u015bciach j\u0119zykowych:<\/strong>\u00a0Dzi\u0119ki EasyEnglish jest odpowiedni dla dzieci, m\u0142odzie\u017cy, os\u00f3b znaj\u0105cych angielski jako drugi j\u0119zyk i os\u00f3b, kt\u00f3re nie czytaj\u0105 zbyt wiele.<\/li>\n<li><strong>Nagroda w loterii masowej:<\/strong>Ta broszura jest bardzo przyst\u0119pna cenowo. Zakupiona w du\u017cych ilo\u015bciach kosztuje mniej ni\u017c fili\u017canka kawy - taniej ni\u017c kartka bo\u017conarodzeniowa lub wielkanocna. Idealnie nadaje si\u0119 do loterii na du\u017c\u0105 skal\u0119. Spo\u0142eczno\u015b\u0107 mo\u017ce powiesi\u0107 broszur\u0119 na ka\u017cdych drzwiach w swoim s\u0105siedztwie bez nadwyr\u0119\u017cania bud\u017cetu!<\/li>\n<li><strong>Za\u0142o\u017cenia:<\/strong>\u00a0Zak\u0142ada, \u017ce czytelnik ma niewielk\u0105 lub \u017cadn\u0105 wcze\u015bniejsz\u0105 wiedz\u0119 na temat Biblii.<\/li>\n<li><strong>Chronologicznie:<\/strong>\u00a0Rozpoczyna si\u0119 od stworzenia wszech\u015bwiata, a nast\u0119pnie przechodzi kolejno przez g\u0142\u00f3wne historie Starego Testamentu, zanim przejdzie do Nowego Testamentu i ujawni znaczenie krzy\u017ca i grobu. G\u0142\u00f3wna historia Biblii jest wpleciona w uniwersalny, wszechogarniaj\u0105cy dramat. Tre\u015b\u0107 jest kr\u00f3tka, dzi\u0119ki czemu czytelnik mo\u017ce przeczyta\u0107 ksi\u0105\u017ck\u0119 w oko\u0142o 45 minut.<\/li>\n<li><strong>Ekspresyjna sztuka liniowa:<\/strong>\u00a0Ilustracje utalentowanego artysty Matta Almy'ego o\u017cywiaj\u0105 histori\u0119 Ewangelii.<\/li>\n<\/ul>\n<p>Liczba stron: 64<br \/>\nISBN: 9781927429655<\/p>\n<p>&nbsp;<\/p>\n<p><strong>OK\u0141ADKI KSI\u0104\u017bEK<\/strong><\/p>\n<p>Istniej\u0105 ok\u0142adki ksi\u0105\u017cek, kt\u00f3re owijaj\u0105 si\u0119 wok\u00f3\u0142 <em>Historia, kt\u00f3ra si\u0119 liczy<\/em> Ksi\u0105\u017ck\u0119 mo\u017cna zapakowa\u0107, aby uczyni\u0107 j\u0105 jeszcze bardziej atrakcyjnym prezentem. Na przyk\u0142ad, mo\u017cna zapakowa\u0107 ksi\u0105\u017ck\u0119 w ok\u0142adk\u0119 z okazji urodzin lub uroczysto\u015bci i powiedzie\u0107: \u201eDzi\u0119kujemy za \u015bwi\u0119towanie z nami!\u201c. Albo na pogrzebie ukochanej osoby mo\u017cna zapakowa\u0107 stos ksi\u0105\u017cek w ok\u0142adk\u0119 i powiedzie\u0107: \u201eKotwica naszej nadziei i pokoju\u201c. Te i inne ok\u0142adki pomagaj\u0105 przekaza\u0107 komu\u015b ewangeli\u0119 w zrozumia\u0142y spos\u00f3b. Zapoznaj si\u0119 z szerokim wyborem ok\u0142adek na naszej stronie internetowej, kt\u00f3re mo\u017cesz pobra\u0107 i wydrukowa\u0107 samodzielnie. Mamy nadziej\u0119, \u017ce przegl\u0105daj\u0105c ten wyb\u00f3r, odkryjesz tak\u017ce inne sposoby dzielenia si\u0119 ewangeli\u0105. <a href=\"http:\/\/www.goodseed.com\/the-story-that-matters.html#book-sleeves\" target=\"_blank\" rel=\"noopener\">Zobacz ok\u0142adki ksi\u0105\u017cek<\/a><\/p>\n<p>Liczba stron: 64<br \/>\nISBN: 9781927429655<\/p>","protected":false},"excerpt":{"rendered":"<p>Ceny hurtowe:<\/p>\n<p>Poni\u017cej znajduj\u0105 si\u0119 dost\u0119pne stawki rabat\u00f3w hurtowych dla ka\u017cdego pojedynczego produktu przy zakupie okre\u015blonej ilo\u015bci<\/p>\n<ul>\n<li>Kup 10-49 i otrzymaj 15% zni\u017cki<\/li>\n<li>Kup 50-99 i otrzymaj 25% zni\u017cki<\/li>\n<li>Kup 100 lub wi\u0119cej i otrzymaj 35% zni\u017cki<\/li>\n<\/ul>","protected":false},"featured_media":423,"comment_status":"closed","ping_status":"closed","template":"","meta":{"_acf_changed":false,"_glsr_average":0,"_glsr_ranking":0,"_glsr_reviews":0},"product_brand":[],"product_cat":[19,76],"product_tag":[53],"giftcard-category":[],"class_list":{"0":"post-420","1":"product","2":"type-product","3":"status-publish","4":"has-post-thumbnail","6":"product_cat-broschuren-zur-evangelisation","7":"product_cat-englisch","8":"product_tag-english","10":"first","11":"instock","12":"taxable","13":"shipping-taxable","14":"purchasable","15":"product-type-simple"},"acf":[],"_links":{"self":[{"href":"https:\/\/eu.goodseed.com\/pl\/wp-json\/wp\/v2\/product\/420","targetHints":{"allow":["GET"]}}],"collection":[{"href":"https:\/\/eu.goodseed.com\/pl\/wp-json\/wp\/v2\/product"}],"about":[{"href":"https:\/\/eu.goodseed.com\/pl\/wp-json\/wp\/v2\/types\/product"}],"replies":[{"embeddable":true,"href":"https:\/\/eu.goodseed.com\/pl\/wp-json\/wp\/v2\/comments?post=420"}],"wp:featuredmedia":[{"embeddable":true,"href":"https:\/\/eu.goodseed.com\/pl\/wp-json\/wp\/v2\/media\/423"}],"wp:attachment":[{"href":"https:\/\/eu.goodseed.com\/pl\/wp-json\/wp\/v2\/media?parent=420"}],"wp:term":[{"taxonomy":"product_brand","embeddable":true,"href":"https:\/\/eu.goodseed.com\/pl\/wp-json\/wp\/v2\/product_brand?post=420"},{"taxonomy":"product_cat","embeddable":true,"href":"https:\/\/eu.goodseed.com\/pl\/wp-json\/wp\/v2\/product_cat?post=420"},{"taxonomy":"product_tag","embeddable":true,"href":"https:\/\/eu.goodseed.com\/pl\/wp-json\/wp\/v2\/product_tag?post=420"},{"taxonomy":"giftcard-category","embeddable":true,"href":"https:\/\/eu.goodseed.com\/pl\/wp-json\/wp\/v2\/giftcard-category?post=420"}],"curies":[{"name":"wp","href":"https:\/\/api.w.org\/{rel}","templated":true}]}}