{"id":395,"date":"2025-04-28T06:07:10","date_gmt":"2025-04-28T06:07:10","guid":{"rendered":"https:\/\/eu.goodseed.com\/?post_type=product&#038;p=395"},"modified":"2025-12-05T01:49:50","modified_gmt":"2025-12-05T01:49:50","slug":"the-lamb-picture-book-softcover-german","status":"publish","type":"product","link":"https:\/\/eu.goodseed.com\/pl\/product\/the-lamb-picture-book-softcover-german\/","title":{"rendered":"Baranek - Ksi\u0105\u017cka obrazkowa - Mi\u0119kka ok\u0142adka (niemiecki)"},"content":{"rendered":"<blockquote>\n<ul>\n<li><strong>Kaufen Sie 4\u201315 B\u00fccher<\/strong> i otrzyma\u0107 <strong>20 % Rabatt<\/strong><\/li>\n<li><strong>Kaufen Sie 16 B\u00fccher oder mehr<\/strong> i otrzyma\u0107 <strong>35 % zni\u017cka<\/strong><\/li>\n<\/ul>\n<\/blockquote>\n<p>Jak wyja\u015bni\u0107 dzieciom ewangeli\u0119 w zrozumia\u0142y spos\u00f3b? Jak wyt\u0142umaczy\u0107 im, \u017ce potrzebuj\u0105 Zbawiciela bez rozwadniania szczeg\u00f3\u0142\u00f3w? Jak przyku\u0107 ich uwag\u0119 na tyle d\u0142ugo, by wyja\u015bni\u0107, o czym jest Biblia? Jak mo\u017cemy by\u0107 precyzyjni, uznaj\u0105c jednocze\u015bnie, \u017ce dzieci potrzebuj\u0105 prostszych wyja\u015bnie\u0144?<\/p>\n<p>\u201eBaranek\u201c to ksi\u0105\u017cka dla dzieci w wieku od pi\u0119ciu do dziesi\u0119ciu lat. Dzi\u0119ki kolorowym ilustracjom ta ksi\u0105\u017cka obrazkowa zabiera dzieci w podr\u00f3\u017c przez serce biblijnego przes\u0142ania. Zaczynaj\u0105c od stworzenia wszech\u015bwiata, ksi\u0105\u017cka wyja\u015bnia kluczowe poj\u0119cia biblijne: Kim jest B\u00f3g? Jaki jest B\u00f3g? Czym jest grzech? Sk\u0105d si\u0119 bierze z\u0142o? Dlaczego potrzebujemy Zbawiciela? Ksi\u0105\u017cka ko\u0144czy si\u0119 jasnym wyja\u015bnieniem to\u017csamo\u015bci Jezusa i Jego cudownego daru jako naszego Zbawiciela.<\/p>\n<p>Das Buch stellt eine klare Verbindung zwischen Jesus und dem Opferlamm des Alten Testaments her. Themen wie der Tod werden ehrlich und direkt behandelt. Die anschaulichen Details der Erl\u00f6sungsgeschichte werden einf\u00fchlsam behandelt, aber nicht verw\u00e4ssert. Am Ende erfahren Kinder, wer Gott ist und was er am Kreuz f\u00fcr die Menschheit getan hat. Es ist eine Botschaft der Hoffnung, die jedes Kind h\u00f6ren sollte.<\/p>\n<h4>Cechy<\/h4>\n<ul>\n<li><strong>Napisany dla dzieci:<\/strong>\u00a0Odpowiedni dla wszystkich grup wiekowych, ale przeznaczony dla dzieci od pi\u0105tego roku \u017cycia.<\/li>\n<li><strong>W pe\u0142ni ilustrowany:<\/strong>\u00a050 kolorowych obraz\u00f3w autorstwa utalentowanego artysty Iana Mastina o\u017cywia histori\u0119 Ewangelii. (Zob. <a title=\"Ianmastin.com\" href=\"http:\/\/ianmastin.com\/\">ianmastin.com<\/a>)<\/li>\n<li><strong>Za\u0142o\u017cenia:<\/strong>\u00a0Nie wymaga znajomo\u015bci Biblii.<\/li>\n<li><strong>Chronologicznie:<\/strong>\u00a0Rozpoczyna si\u0119 od stworzenia wszech\u015bwiata, a nast\u0119pnie przechodzi kolejno przez g\u0142\u00f3wne historie Starego Testamentu, zanim przejdzie do Nowego Testamentu i ujawni znaczenie krzy\u017ca i grobu. G\u0142\u00f3wna historia Biblii jest wpleciona w uniwersalny, wszechogarniaj\u0105cy dramat.<\/li>\n<li><strong>Podstawa:<\/strong> Podej\u015bcie od stworzenia do krzy\u017ca pomaga kontekstualizowa\u0107 ca\u0142\u0105 Bibli\u0119. Pomaga dzieciom zrozumie\u0107 og\u00f3lne przes\u0142anie Biblii bez zamieszania.<\/li>\n<li><strong>Precyzyjne przedstawienie ewangelii:<\/strong> Z\u0142o\u017cone tematy, takie jak \u015bmier\u0107, grzech, z\u0142o i Bo\u017ca opieka, s\u0105 przedstawione w delikatny i przyjazny dla dzieci spos\u00f3b.<\/li>\n<li><strong>Zintegrowane powtarzanie:<\/strong> Ka\u017cdy rozdzia\u0142 rozpoczyna si\u0119 od om\u00f3wienia, a ko\u0144czy pytaniami, aby upewni\u0107 si\u0119, \u017ce dzieci dobrze zrozumia\u0142y przekaz.<\/li>\n<li><strong>H\u00f6rbuch:<\/strong> Die Geschichte wird vom Autor und Heather Holdsworth, einer begabten Kinderg\u00e4rtnerin, erz\u00e4hlt. Kinder k\u00f6nnen sich in die Geschichte einbringen, indem sie dem Buch beim Zuh\u00f6ren folgen. Enth\u00e4lt \u201eThe Lamb Song\u201c, vorgetragen von Carla Newsham und ihren Kindern Toni-Marie, Joyelle und Brooklyn.<\/li>\n<li><strong>Do rozdania:<\/strong>\u00a0Dieses gebundene Buch ist ein sch\u00f6nes und elegantes Geschenk f\u00fcr ein Kind oder eine Familie mit Kindern.<\/li>\n<li><strong>Dla nabo\u017ce\u0144stw:<\/strong>\u00a0Kann als Familienandacht oder zum Lesen biblischer Geschichten gelesen werden.<\/li>\n<\/ul>\n<div>\n<p>\u00a0<iframe src=\"https:\/\/www.youtube.com\/embed\/IojxLpPNdE4?fs=1\" width=\"440\" height=\"330\" frameborder=\"0\" allowfullscreen=\"allowfullscreen\"><\/iframe><\/p>\n<p>Liczba stron: 183<br \/>\nISBN: 9783961900466<\/p>\n<\/div>","protected":false},"excerpt":{"rendered":"<p>Ceny hurtowe:<\/p>\n<p>Poni\u017cej znajduj\u0105 si\u0119 dost\u0119pne stawki rabat\u00f3w hurtowych dla ka\u017cdego pojedynczego produktu przy zakupie okre\u015blonej ilo\u015bci<\/p>\n<ul>\n<li>Buy 4 &#8211; 15 and get 20% off<\/li>\n<li>Buy 16 or above and get 35% off<\/li>\n<\/ul>","protected":false},"featured_media":396,"comment_status":"closed","ping_status":"closed","template":"","meta":{"_acf_changed":false,"_glsr_average":0,"_glsr_ranking":0,"_glsr_reviews":0},"product_brand":[110],"product_cat":[77,18,21,17],"product_tag":[60],"giftcard-category":[],"class_list":{"0":"post-395","1":"product","2":"type-product","3":"status-publish","4":"has-post-thumbnail","6":"product_brand-das-lamm","7":"product_cat-deutsch","8":"product_cat-evangelisation_nachfolge","9":"product_cat-kinder","10":"product_cat-new-release","11":"product_tag-german","13":"first","14":"instock","15":"taxable","16":"shipping-taxable","17":"purchasable","18":"product-type-simple"},"acf":[],"_links":{"self":[{"href":"https:\/\/eu.goodseed.com\/pl\/wp-json\/wp\/v2\/product\/395","targetHints":{"allow":["GET"]}}],"collection":[{"href":"https:\/\/eu.goodseed.com\/pl\/wp-json\/wp\/v2\/product"}],"about":[{"href":"https:\/\/eu.goodseed.com\/pl\/wp-json\/wp\/v2\/types\/product"}],"replies":[{"embeddable":true,"href":"https:\/\/eu.goodseed.com\/pl\/wp-json\/wp\/v2\/comments?post=395"}],"wp:featuredmedia":[{"embeddable":true,"href":"https:\/\/eu.goodseed.com\/pl\/wp-json\/wp\/v2\/media\/396"}],"wp:attachment":[{"href":"https:\/\/eu.goodseed.com\/pl\/wp-json\/wp\/v2\/media?parent=395"}],"wp:term":[{"taxonomy":"product_brand","embeddable":true,"href":"https:\/\/eu.goodseed.com\/pl\/wp-json\/wp\/v2\/product_brand?post=395"},{"taxonomy":"product_cat","embeddable":true,"href":"https:\/\/eu.goodseed.com\/pl\/wp-json\/wp\/v2\/product_cat?post=395"},{"taxonomy":"product_tag","embeddable":true,"href":"https:\/\/eu.goodseed.com\/pl\/wp-json\/wp\/v2\/product_tag?post=395"},{"taxonomy":"giftcard-category","embeddable":true,"href":"https:\/\/eu.goodseed.com\/pl\/wp-json\/wp\/v2\/giftcard-category?post=395"}],"curies":[{"name":"wp","href":"https:\/\/api.w.org\/{rel}","templated":true}]}}