{"id":382,"date":"2025-04-28T05:26:57","date_gmt":"2025-04-28T05:26:57","guid":{"rendered":"https:\/\/eu.goodseed.com\/?post_type=product&#038;p=382"},"modified":"2025-07-08T09:17:19","modified_gmt":"2025-07-08T09:17:19","slug":"the-lamb-russian-ebook-edition","status":"publish","type":"product","link":"https:\/\/eu.goodseed.com\/pl\/product\/the-lamb-russian-ebook-edition\/","title":{"rendered":"Baranek (rosyjski) eBook Edition"},"content":{"rendered":"<p>To jest wersja e-booka\u00a0<em>\u0410\u0433\u043d\u0435\u0446<\/em>, rosyjskie wydanie\u00a0<em><a href=\"https:\/\/ca.goodseed.com\/the-lamb-picture-book-with-cd-english\/\">Baranek<\/a><\/em>.<\/p>\n<p><a title=\"Przyk\u0142adowe rozdzia\u0142y The Lamb Russian\" href=\"http:\/\/www.goodseed.com\/pdfs\/samples\/sample-lamb-russian-105005.pdf\" target=\"_blank\" rel=\"noopener\"><strong>Przeczytaj przyk\u0142adowe rozdzia\u0142y<\/strong><\/a><\/p>\n<p>Przy zakupie tego produktu mo\u017cna pobra\u0107 wersje Mobi, ePub i PDF.<\/p>\n<ul>\n<li>Mobi: dla urz\u0105dze\u0144 Kindle<\/li>\n<li>ePub: dla iBooks, Google Books, Kobo i nie tylko<\/li>\n<li>PDF: Do przegl\u0105dania wymagany jest czytnik plik\u00f3w PDF, taki jak Adobe Acrobat Reader.<\/li>\n<\/ul>","protected":false},"excerpt":{"rendered":"<p>To jest wersja e-book \u0410\u0433\u043d\u0435\u0446, rosyjskiego wydania Baranka. Przeczytaj przyk\u0142adowe rozdzia\u0142y Kupuj\u0105c ten produkt, mo\u017cesz pobra\u0107 wersje Mobi, ePub i PDF. Mobi: dla urz\u0105dze\u0144 Kindle ePub: dla iBooks, Google Books, Kobo i innych PDF: Do przegl\u0105dania wymagany jest czytnik PDF, taki jak Adobe Acrobat Reader.<\/p>","protected":false},"featured_media":383,"comment_status":"closed","ping_status":"closed","template":"","meta":{"_acf_changed":false,"_glsr_average":0,"_glsr_ranking":0,"_glsr_reviews":0},"product_brand":[],"product_cat":[24,18,21,96],"product_tag":[64],"giftcard-category":[],"class_list":{"0":"post-382","1":"product","2":"type-product","3":"status-publish","4":"has-post-thumbnail","6":"product_cat-ebooks","7":"product_cat-evangelisation_nachfolge","8":"product_cat-kinder","9":"product_cat-russisch","10":"product_tag-russian","12":"first","13":"instock","14":"taxable","15":"shipping-taxable","16":"product-type-simple"},"acf":[],"_links":{"self":[{"href":"https:\/\/eu.goodseed.com\/pl\/wp-json\/wp\/v2\/product\/382","targetHints":{"allow":["GET"]}}],"collection":[{"href":"https:\/\/eu.goodseed.com\/pl\/wp-json\/wp\/v2\/product"}],"about":[{"href":"https:\/\/eu.goodseed.com\/pl\/wp-json\/wp\/v2\/types\/product"}],"replies":[{"embeddable":true,"href":"https:\/\/eu.goodseed.com\/pl\/wp-json\/wp\/v2\/comments?post=382"}],"wp:featuredmedia":[{"embeddable":true,"href":"https:\/\/eu.goodseed.com\/pl\/wp-json\/wp\/v2\/media\/383"}],"wp:attachment":[{"href":"https:\/\/eu.goodseed.com\/pl\/wp-json\/wp\/v2\/media?parent=382"}],"wp:term":[{"taxonomy":"product_brand","embeddable":true,"href":"https:\/\/eu.goodseed.com\/pl\/wp-json\/wp\/v2\/product_brand?post=382"},{"taxonomy":"product_cat","embeddable":true,"href":"https:\/\/eu.goodseed.com\/pl\/wp-json\/wp\/v2\/product_cat?post=382"},{"taxonomy":"product_tag","embeddable":true,"href":"https:\/\/eu.goodseed.com\/pl\/wp-json\/wp\/v2\/product_tag?post=382"},{"taxonomy":"giftcard-category","embeddable":true,"href":"https:\/\/eu.goodseed.com\/pl\/wp-json\/wp\/v2\/giftcard-category?post=382"}],"curies":[{"name":"wp","href":"https:\/\/api.w.org\/{rel}","templated":true}]}}