{"id":335,"date":"2025-04-25T05:41:42","date_gmt":"2025-04-25T05:41:42","guid":{"rendered":"https:\/\/eu.goodseed.com\/?post_type=product&#038;p=335"},"modified":"2025-07-08T09:17:06","modified_gmt":"2025-07-08T09:17:06","slug":"by-this-name-chinese-traditional-e-book","status":"publish","type":"product","link":"https:\/\/eu.goodseed.com\/pl\/product\/by-this-name-chinese-traditional-e-book\/","title":{"rendered":"Unter diesem Namen (Traditionelles Chinesisch) e-book"},"content":{"rendered":"<p>Dies ist \u5168\u9760\u9019\u540d, die E-Book-Ausgabe in chinesischer Sprache (traditionelle Schrift) von <a href=\"https:\/\/ca.goodseed.com\/by-this-name-english\/\">\u201eBy This Name\u201c.\u201c<\/a><\/p>\n<p><a href=\"https:\/\/ca.goodseed.com\/by-this-name-chinese-traditional\/\">Die gedruckte Ausgabe dieses Buches ist hier erh\u00e4ltlich.<\/a><\/p>\n<p><a href=\"https:\/\/ca.goodseed.com\/by-this-name-chinese-simplified\/\">Die vereinfachte chinesische Ausgabe ist hier erh\u00e4ltlich.<\/a><\/p>\n<p>Die englische Ausgabe ist wie folgt beschrieben:<\/p>\n<p>Vielleicht hat man Ihnen schon einmal gesagt: \u201eIch freue mich, dass Sie zu Gott gefunden haben, aber jeder findet ihn an einem anderen Ort und in einer anderen Religion.\u201c Wie also teilt man das Evangelium mit jemandem, der glaubt, dass Gott in der gesamten Natur gegenw\u00e4rtig ist? Was sagt man, wenn sich ein Freund \u201eGott\u201c eher als spirituelle Kraft oder Energie denn als Person vorstellt? Wie kann man in einer Welt, in der \u201eSpiritualit\u00e4t\u201c popul\u00e4r geworden ist und das Wissen um Gott fast verschwunden ist, die frohe Botschaft von Jesus Christus verbreiten? Selbst die westliche Welt ist von Kulturen gepr\u00e4gt, die an viele G\u00f6tter glauben.<\/p>\n<p>\u201eBei diesem Namen\u201c erkl\u00e4rt die Kernbotschaft der Bibel Menschen, die die Bibel nicht kennen. Anhand der Struktur des Johannesevangeliums grenzt das Buch den Gott der Bibel klar von allen anderen G\u00f6ttern ab. Es begr\u00fcndet die Autorit\u00e4t der Heiligen Schrift und vergleicht die biblische Weltanschauung behutsam mit \u00f6stlichen Weltanschauungen. Es verkn\u00fcpft zentrale Geschichten aus dem Alten und Neuen Testament, um die Identit\u00e4t Gottes und das Wesen der S\u00fcnde zu offenbaren und so zwei Fragen zu beantworten: \u201eWer ist Jesus?\u201c und \u201eWorum geht es in der Geschichte vom Kreuz und vom Grab?\u201c Es hilft, den Inhalt der Bibel klar zu verstehen.<\/p>\n<p>\u201eBei diesem Namen\u201c folgt einer \u00e4hnlichen chronologischen Struktur wie \u201eDer Fremde auf dem Weg nach Emmaus\u201c, unterscheidet sich inhaltlich aber um 60 Prozent. <\/p>\n<h4><strong>Cechy<\/strong><\/h4>\n<ul>\n<li><strong>F\u00fcr Erwachsene und Jugendliche:<\/strong>\u00a0Ksi\u0105\u017cka jest odpowiednia dla doros\u0142ych i m\u0142odzie\u017cy.<\/li>\n<li><strong>Za\u0142o\u017cenia:<\/strong>\u00a0Setzt voraus, dass die Leser wenig oder gar keine Bibelkenntnisse haben.<\/li>\n<li><strong>Wschodni \u015bwiatopogl\u0105d:<\/strong>\u00a0Vertritt eine postmoderne, postchristliche, s\u00e4kulare Denkweise. Behandelt auch Fragen, die sich aus Polytheismus, Pantheismus, Animismus, Agnostizismus und Atheismus ergeben.<\/li>\n<li><strong>Chronologicznie:<\/strong>\u00a0Beginnt mit der Erschaffung des Universums und schreitet dann sequenziell durch Schl\u00fcsselgeschichten des Alten Testaments fort, um im Neuen Testament die Bedeutung von Kreuz und Grab zu enth\u00fcllen. Die Hauptgeschichte der Bibel ist zu einem universellen, allumfassenden Drama verbunden. Folgt dem gleichen Handlungsstrang wie \u201eDer Fremde auf dem Weg nach Emmaus\u201c, unterscheidet sich aber um 60 Prozent.<\/li>\n<li><strong>Basiert auf dem Johannesevangelium:<\/strong>\u00a0Verwendet das Johannesevangelium als Vorlage; liefert gleichzeitig die notwendigen Hintergrundgeschichten, um den Kontext des Evangeliums zu verdeutlichen. Es wird davon ausgegangen, dass der Leser nur wenig oder gar nichts \u00fcber die Bibel wei\u00df.<\/li>\n<li><strong>K\u0142adzie nacisk na Boga Biblii:<\/strong>\u00a0Beantwortet die Frage: \u201eWas macht dein heiliges Buch besser als meines?\u201c \u201eBei diesem Namen\u201c befasst sich damit, was den Gott der Bibel von allen anderen G\u00f6ttern oder Geistern unterscheidet.<\/li>\n<li><strong>Entkleidet die Bibel von religi\u00f6ser Tradition:<\/strong>\u00a0Die Leser werden ohne religi\u00f6ses Drum und Dran in die Bibel eingef\u00fchrt.<\/li>\n<li><strong>Ziel:<\/strong>\u00a0Die Bibel darf f\u00fcr sich selbst sprechen, wenn sie die Frohe Botschaft von Jesus Christus verk\u00fcndet. Es wird kein Druck ausge\u00fcbt, um zu glauben. Die Botschaft wird objektiv pr\u00e4sentiert; die Entscheidung, ob man sie glaubt oder nicht, bleibt dem Leser \u00fcberlassen.<\/li>\n<li><strong>Wersety biblijne:<\/strong>\u00a01570 Bibelverse sind in den Text eingewoben und erz\u00e4hlen eine Geschichte. Der Leser setzt sich selbst mit dem Bibeltext auseinander.<\/li>\n<li><strong>Illustriert:<\/strong>\u00a0\u00dcber 100 Zeichnungen, Karten und Diagramme erkl\u00e4ren die Geschichte.<\/li>\n<li><strong>Zum Verschenken gedacht:<\/strong>\u00a0Das Buch kann wie ein Traktat weitergegeben werden. Die Leser k\u00f6nnen sich die Botschaft der Bibel dann selbst aneignen.<\/li>\n<\/ul>\n<p id=\"u69076-2\"><strong>Traditionelle chinesische Schrift:\u00a0<\/strong> Wird haupts\u00e4chlich von Chinesen in Hongkong, Taiwan und Macau verwendet.<\/p>\n<p id=\"u69079-2\"><strong>Vereinfachte chinesische Schrift:\u00a0<\/strong> Wird haupts\u00e4chlich von Chinesen auf dem chinesischen Festland, in Singapur und Malaysia verwendet.<\/p>","protected":false},"excerpt":{"rendered":"<p>Ceny hurtowe:<\/p>\n<p>Poni\u017cej znajduj\u0105 si\u0119 dost\u0119pne stawki rabat\u00f3w hurtowych dla ka\u017cdego pojedynczego produktu przy zakupie okre\u015blonej ilo\u015bci<\/p>\n<ul>\n<li>Buy 4 or above and get $2.00 off<\/li>\n<\/ul>","protected":false},"featured_media":336,"comment_status":"closed","ping_status":"closed","template":"","meta":{"_acf_changed":false,"_glsr_average":0,"_glsr_ranking":0,"_glsr_reviews":0},"product_brand":[],"product_cat":[80,24,18,50,17],"product_tag":[55],"giftcard-category":[],"class_list":{"0":"post-335","1":"product","2":"type-product","3":"status-publish","4":"has-post-thumbnail","6":"product_cat-chinesisch","7":"product_cat-ebooks","8":"product_cat-evangelisation_nachfolge","9":"product_cat-fernostliche-weltanschauung","10":"product_cat-new-release","11":"product_tag-chinese","13":"first","14":"instock","15":"taxable","16":"shipping-taxable","17":"purchasable","18":"product-type-simple"},"acf":[],"_links":{"self":[{"href":"https:\/\/eu.goodseed.com\/pl\/wp-json\/wp\/v2\/product\/335","targetHints":{"allow":["GET"]}}],"collection":[{"href":"https:\/\/eu.goodseed.com\/pl\/wp-json\/wp\/v2\/product"}],"about":[{"href":"https:\/\/eu.goodseed.com\/pl\/wp-json\/wp\/v2\/types\/product"}],"replies":[{"embeddable":true,"href":"https:\/\/eu.goodseed.com\/pl\/wp-json\/wp\/v2\/comments?post=335"}],"wp:featuredmedia":[{"embeddable":true,"href":"https:\/\/eu.goodseed.com\/pl\/wp-json\/wp\/v2\/media\/336"}],"wp:attachment":[{"href":"https:\/\/eu.goodseed.com\/pl\/wp-json\/wp\/v2\/media?parent=335"}],"wp:term":[{"taxonomy":"product_brand","embeddable":true,"href":"https:\/\/eu.goodseed.com\/pl\/wp-json\/wp\/v2\/product_brand?post=335"},{"taxonomy":"product_cat","embeddable":true,"href":"https:\/\/eu.goodseed.com\/pl\/wp-json\/wp\/v2\/product_cat?post=335"},{"taxonomy":"product_tag","embeddable":true,"href":"https:\/\/eu.goodseed.com\/pl\/wp-json\/wp\/v2\/product_tag?post=335"},{"taxonomy":"giftcard-category","embeddable":true,"href":"https:\/\/eu.goodseed.com\/pl\/wp-json\/wp\/v2\/giftcard-category?post=335"}],"curies":[{"name":"wp","href":"https:\/\/api.w.org\/{rel}","templated":true}]}}