{"id":331,"date":"2025-04-25T05:30:15","date_gmt":"2025-04-25T05:30:15","guid":{"rendered":"https:\/\/eu.goodseed.com\/?post_type=product&#038;p=331"},"modified":"2025-12-05T01:52:09","modified_gmt":"2025-12-05T01:52:09","slug":"what-are-christmas-and-easter-all-about-lao","status":"publish","type":"product","link":"https:\/\/eu.goodseed.com\/pl\/product\/what-are-christmas-and-easter-all-about-lao\/","title":{"rendered":"O co chodzi w Bo\u017cym Narodzeniu i Wielkanocy? (Lao)"},"content":{"rendered":"<blockquote>\n<ul>\n<li><strong>Kaufen Sie 10\u201349 St\u00fcck und erhalten Sie <strong>15 Zni\u017cka %<\/strong><\/strong><\/li>\n<li><strong>Kaufen Sie 50\u201399 St\u00fcck und erhalten Sie <strong>25 % zni\u017cka<\/strong><\/strong><\/li>\n<li><strong>Kaufen Sie 100 St\u00fcck oder mehr und erhalten Sie <strong>35 % zni\u017cka<\/strong><\/strong><\/li>\n<\/ul>\n<\/blockquote>\n<p>Wie andere GoodSeed-Tools erkl\u00e4rt dieses Buch das Evangelium chronologisch von der Sch\u00f6pfung bis zum Kreuz. Der Preis der 80-seitigen Brosch\u00fcre erm\u00f6glicht es, sie in gro\u00dfen Mengen zu verschenken. Kirchengemeinden k\u00f6nnen die Brosch\u00fcren Besuchern pr\u00e4sentieren oder sie bei Konzerten oder anderen Veranstaltungen verteilen \u2013 insbesondere zu Ostern oder Weihnachten. Einzelpersonen k\u00f6nnen die Brosch\u00fcre auch wie ein Traktat an Familie, Freunde und Nachbarn weitergeben.<\/p>\n<p>Mithilfe von farbigen Illustrationen und sorgf\u00e4ltig ausgew\u00e4hltem Text wird die Kernbotschaft der Bibel in leicht verst\u00e4ndlichem Englisch erkl\u00e4rt, sodass auch jemand, der Englisch als Zweitsprache verwendet, die Botschaft klar verstehen kann.<\/p>\n<h4>Funkcje<\/h4>\n<ul>\n<li><strong>Dla os\u00f3b o ograniczonych umiej\u0119tno\u015bciach j\u0119zykowych:<\/strong> Dank EasyEnglish ist es f\u00fcr Kinder, Jugendliche, Englisch als Zweitsprache und Menschen geeignet, die nicht viel lesen.<\/li>\n<li><strong>Preis f\u00fcr Massengeschenke:<\/strong> Diese Brosch\u00fcre ist sehr erschwinglich. In gr\u00f6\u00dferen Mengen gekauft, kostet sie weniger als eine Tasse Kaffee \u2013 g\u00fcnstiger als eine Weihnachts- oder Osterkarte. Sie eignet sich ideal zum Verschenken in gro\u00dfen Mengen. Eine Kirche kann an jeder T\u00fcr in ihrer Nachbarschaft eins aufh\u00e4ngen, ohne das Budget zu sprengen!<\/li>\n<li><strong>Za\u0142o\u017cenia:<\/strong>\u00a0Zak\u0142ada, \u017ce czytelnik ma niewielk\u0105 lub \u017cadn\u0105 wcze\u015bniejsz\u0105 wiedz\u0119 na temat Biblii.<\/li>\n<li><strong>Chronologicznie:<\/strong>\u00a0Das Buch beginnt mit der Erschaffung des Universums und f\u00fchrt dann sequenziell durch die wichtigsten Geschichten des Alten Testaments zum Neuen Testament, um die Bedeutung von Kreuz und Grab zu enth\u00fcllen. Die Hauptgeschichte der Bibel ist zu einem universellen, allumfassenden Drama verbunden. Der Inhalt ist kurz gehalten, sodass ein Leser das Buch in etwa 45 Minuten durchlesen kann.<\/li>\n<li><strong>W pe\u0142ni ilustrowany:<\/strong>\u00a0Farbgem\u00e4lde des begabten K\u00fcnstlers Ian Mastin erwecken die Geschichte des Evangeliums zum Leben. (Siehe\u00a0<a title=\"iammastin.com\" href=\"http:\/\/ianmastin.com\/\">ianmastin.com<\/a>)<\/li>\n<\/ul>","protected":false},"excerpt":{"rendered":"<p>Preise f\u00fcr Gro\u00dfmengen:<\/p>\n<p>Nachfolgend finden Sie die verf\u00fcgbaren Mengenrabatte f\u00fcr jeden einzelnen Artikel, wenn Sie eine bestimmte Menge kaufen<\/p>\n<ul>\n<li>Kaufen Sie 10 &#8211; 49 und erhalten Sie 15% Rabatt<\/li>\n<li>Kaufen Sie 50 &#8211; 99 und erhalten Sie 25% Rabatt<\/li>\n<li>Kaufen Sie 100 oder mehr und erhalten Sie 35% Rabatt<\/li>\n<\/ul>","protected":false},"featured_media":332,"comment_status":"closed","ping_status":"closed","template":"","meta":{"_acf_changed":false,"_glsr_average":0,"_glsr_ranking":0,"_glsr_reviews":0},"product_brand":[],"product_cat":[19,18,104,17],"product_tag":[63],"giftcard-category":[],"class_list":{"0":"post-331","1":"product","2":"type-product","3":"status-publish","4":"has-post-thumbnail","6":"product_cat-broschuren-zur-evangelisation","7":"product_cat-evangelisation_nachfolge","8":"product_cat-laotisch","9":"product_cat-new-release","10":"product_tag-lao","12":"first","13":"instock","14":"taxable","15":"shipping-taxable","16":"purchasable","17":"product-type-simple"},"acf":[],"_links":{"self":[{"href":"https:\/\/eu.goodseed.com\/pl\/wp-json\/wp\/v2\/product\/331","targetHints":{"allow":["GET"]}}],"collection":[{"href":"https:\/\/eu.goodseed.com\/pl\/wp-json\/wp\/v2\/product"}],"about":[{"href":"https:\/\/eu.goodseed.com\/pl\/wp-json\/wp\/v2\/types\/product"}],"replies":[{"embeddable":true,"href":"https:\/\/eu.goodseed.com\/pl\/wp-json\/wp\/v2\/comments?post=331"}],"wp:featuredmedia":[{"embeddable":true,"href":"https:\/\/eu.goodseed.com\/pl\/wp-json\/wp\/v2\/media\/332"}],"wp:attachment":[{"href":"https:\/\/eu.goodseed.com\/pl\/wp-json\/wp\/v2\/media?parent=331"}],"wp:term":[{"taxonomy":"product_brand","embeddable":true,"href":"https:\/\/eu.goodseed.com\/pl\/wp-json\/wp\/v2\/product_brand?post=331"},{"taxonomy":"product_cat","embeddable":true,"href":"https:\/\/eu.goodseed.com\/pl\/wp-json\/wp\/v2\/product_cat?post=331"},{"taxonomy":"product_tag","embeddable":true,"href":"https:\/\/eu.goodseed.com\/pl\/wp-json\/wp\/v2\/product_tag?post=331"},{"taxonomy":"giftcard-category","embeddable":true,"href":"https:\/\/eu.goodseed.com\/pl\/wp-json\/wp\/v2\/giftcard-category?post=331"}],"curies":[{"name":"wp","href":"https:\/\/api.w.org\/{rel}","templated":true}]}}