{"id":325,"date":"2025-04-25T05:14:25","date_gmt":"2025-04-25T05:14:25","guid":{"rendered":"https:\/\/eu.goodseed.com\/?post_type=product&#038;p=325"},"modified":"2025-12-05T01:52:57","modified_gmt":"2025-12-05T01:52:57","slug":"the-captive-and-the-kings-will-companion-workbook-english","status":"publish","type":"product","link":"https:\/\/eu.goodseed.com\/pl\/product\/the-captive-and-the-kings-will-companion-workbook-english\/","title":{"rendered":"Wi\u0119zie\u0144 i wola kr\u00f3la - zeszyt \u0107wicze\u0144 (angielski)"},"content":{"rendered":"<p>Dies ist das Begleitbuch zu <a href=\"https:\/\/ca.goodseed.com\/the-captive-and-the-kings-will-english\/\">Wi\u0119zie\u0144 i wola kr\u00f3la<\/a>. <strong><br \/>\n<\/strong><\/p>\n<p>Liczba stron: 64<br \/>\nISBN: 9781773040981<\/p>\n<p>Was ist der n\u00e4chste Schritt?<\/p>\n<p>Diese Frage wird oft gestellt, wenn man versteht, wer Jesus ist und was er am Kreuz und durch das Grab vollbracht hat. \u201eDer Gefangene und der Wille des K\u00f6nigs\u201c f\u00fchrt Sie tiefer in die Bibel ein und konzentriert sich auf die Identit\u00e4t des Heiligen Geistes und sein Wirken im Leben eines Bibelgl\u00e4ubigen. Im Mittelpunkt steht das Konzept der Heiligung.<\/p>\n<p>Diese Reise sollten Sie nicht \u00fcberst\u00fcrzen. Dieses Begleitbuch stellt Schl\u00fcsselfragen, die Ihnen helfen, das Gelernte zu reflektieren. Es vertieft Ihr bereits Gelerntes und hilft Ihrem Glauben, eine solide Grundlage f\u00fcr spirituelles Wachstum zu entwickeln. Dieses Arbeitsbuch ist f\u00fcr den pers\u00f6nlichen Gebrauch und die Nutzung in Gruppen konzipiert. Bestellen Sie \u201eDer Gefangene und der Wille des K\u00f6nigs\u201c auf der R\u00fcckseite.<\/p>\n<p>\u00dcber \u201eDer Gefangene und der Wille des K\u00f6nigs\u201c wird Folgendes gesagt:<\/p>\n<p>\u201eWas dieses Buch so gut macht, ist, dass es auf den im letzten Buch vermittelten Grundlagen aufbaut. Es ist die nat\u00fcrliche Weiterentwicklung.\u201c SH<\/p>\n<p>\u201eIch bin \u00fcberzeugt, dass dieses Buch sowohl f\u00fcr neue als auch f\u00fcr \u00e4ltere Gl\u00e4ubige eine Ressource sein wird, die sie nicht nur einmal lesen, sondern immer wieder zur Hand nehmen werden.\u201c CP<\/p>","protected":false},"excerpt":{"rendered":"<p>Dies ist das Begleitbuch zu Der Gefangene und der Wille des K\u00f6nigs. Seitenzahl: 64 ISBN: 9781773040981 Was ist der n\u00e4chste Schritt? Diese Frage wird oft gestellt, wenn man versteht, wer Jesus ist und was er am Kreuz und durch das Grab vollbracht hat. \u201eDer Gefangene und der Wille des K\u00f6nigs\u201c f\u00fchrt Sie tiefer in die [&hellip;]<\/p>\n","protected":false},"featured_media":327,"comment_status":"closed","ping_status":"closed","template":"","meta":{"_acf_changed":false,"_glsr_average":0,"_glsr_ranking":0,"_glsr_reviews":0},"product_brand":[],"product_cat":[23,76,20,17],"product_tag":[53],"giftcard-category":[],"class_list":{"0":"post-325","1":"product","2":"type-product","3":"status-publish","4":"has-post-thumbnail","6":"product_cat-andere-materialien","7":"product_cat-englisch","8":"product_cat-juengerschaft","9":"product_cat-new-release","10":"product_tag-english","12":"first","13":"instock","14":"taxable","15":"shipping-taxable","16":"purchasable","17":"product-type-simple"},"acf":[],"_links":{"self":[{"href":"https:\/\/eu.goodseed.com\/pl\/wp-json\/wp\/v2\/product\/325","targetHints":{"allow":["GET"]}}],"collection":[{"href":"https:\/\/eu.goodseed.com\/pl\/wp-json\/wp\/v2\/product"}],"about":[{"href":"https:\/\/eu.goodseed.com\/pl\/wp-json\/wp\/v2\/types\/product"}],"replies":[{"embeddable":true,"href":"https:\/\/eu.goodseed.com\/pl\/wp-json\/wp\/v2\/comments?post=325"}],"wp:featuredmedia":[{"embeddable":true,"href":"https:\/\/eu.goodseed.com\/pl\/wp-json\/wp\/v2\/media\/327"}],"wp:attachment":[{"href":"https:\/\/eu.goodseed.com\/pl\/wp-json\/wp\/v2\/media?parent=325"}],"wp:term":[{"taxonomy":"product_brand","embeddable":true,"href":"https:\/\/eu.goodseed.com\/pl\/wp-json\/wp\/v2\/product_brand?post=325"},{"taxonomy":"product_cat","embeddable":true,"href":"https:\/\/eu.goodseed.com\/pl\/wp-json\/wp\/v2\/product_cat?post=325"},{"taxonomy":"product_tag","embeddable":true,"href":"https:\/\/eu.goodseed.com\/pl\/wp-json\/wp\/v2\/product_tag?post=325"},{"taxonomy":"giftcard-category","embeddable":true,"href":"https:\/\/eu.goodseed.com\/pl\/wp-json\/wp\/v2\/giftcard-category?post=325"}],"curies":[{"name":"wp","href":"https:\/\/api.w.org\/{rel}","templated":true}]}}