{"id":232,"date":"2025-04-23T09:22:00","date_gmt":"2025-04-23T09:22:00","guid":{"rendered":"https:\/\/eu.goodseed.com\/?post_type=product&#038;p=232"},"modified":"2025-11-28T20:31:02","modified_gmt":"2025-11-28T20:31:02","slug":"the-stranger-on-the-road-to-emmaus-mp3-audiobook-download-spanish","status":"publish","type":"product","link":"https:\/\/eu.goodseed.com\/pl\/product\/the-stranger-on-the-road-to-emmaus-mp3-audiobook-download-spanish\/","title":{"rendered":"Nieznajomy na drodze do Emaus Pobierz audiobook MP3 (hiszpa\u0144ski)"},"content":{"rendered":"<p>Ksi\u0105\u017cka audio w j\u0119zyku hiszpa\u0144skim stanowi integraln\u0105 cz\u0119\u015b\u0107 hiszpa\u0144skiej edycji \u00ab <a href=\"https:\/\/eu.goodseed.com\/pl\/the-stranger-on-the-road-to-emmaus-spanish\/\">L'\u00c9tranger sur le chemin d'Emma\u00fcs<\/a> \u00bb. Czytany bezpo\u015brednio z \u00ab L'\u00c9tranger \u00bb, ten format audio MP3 jest doskona\u0142ym uzupe\u0142nieniem ksi\u0105\u017cki. Jest r\u00f3wnie\u017c przydatny dla tych, kt\u00f3rzy wol\u0105 uczy\u0107 si\u0119 przez s\u0142uchanie i jest odpowiedni dla podr\u00f3\u017cnik\u00f3w, podr\u00f3\u017cnik\u00f3w i os\u00f3b o s\u0142abych umiej\u0119tno\u015bciach czytania.<\/p>\n<p>Ksi\u0105\u017cka audio jest r\u00f3wnie\u017c dost\u0119pna w wersji cyfrowej: <a href=\"https:\/\/eu.goodseed.com\/pl\/the-stranger-on-the-road-to-emmaus-mp3-audiobook-download-spanish\/\">L'\u00e9tranger sur le chemin d'Emma\u00fcs MP3 Audiobook Download (Espagnol)<\/a><\/p>\n<p>&nbsp;<\/p>\n<p>Format: MP3<br \/>\nLiczba dysk\u00f3w: 1<br \/>\nCzas trwania: 10 godzin<br \/>\nISBN: 9781927429570<\/p>","protected":false},"excerpt":{"rendered":"<p>Prix de gros :<\/p>\n<p>Vous trouverez ci-dessous les taux de remise en gros disponibles pour chaque article lorsque vous achetez une certaine quantit\u00e9.<\/p>\n<ul>\n<li>Kup od 4 do 15 i uzyskaj 15 % zni\u017cki<\/li>\n<li>Achetez 16 ou plus et obtenez 25 % de r\u00e9duction<\/li>\n<\/ul>","protected":false},"featured_media":303,"comment_status":"closed","ping_status":"closed","template":"","meta":{"_acf_changed":false,"_glsr_average":0,"_glsr_ranking":0,"_glsr_reviews":0},"product_brand":[],"product_cat":[18,17,97],"product_tag":[56],"giftcard-category":[],"class_list":{"0":"post-232","1":"product","2":"type-product","3":"status-publish","4":"has-post-thumbnail","6":"product_cat-evangelisation_nachfolge","7":"product_cat-new-release","8":"product_cat-spanisch","9":"product_tag-spanish","11":"first","12":"instock","13":"taxable","14":"shipping-taxable","15":"purchasable","16":"product-type-simple"},"acf":[],"_links":{"self":[{"href":"https:\/\/eu.goodseed.com\/pl\/wp-json\/wp\/v2\/product\/232","targetHints":{"allow":["GET"]}}],"collection":[{"href":"https:\/\/eu.goodseed.com\/pl\/wp-json\/wp\/v2\/product"}],"about":[{"href":"https:\/\/eu.goodseed.com\/pl\/wp-json\/wp\/v2\/types\/product"}],"replies":[{"embeddable":true,"href":"https:\/\/eu.goodseed.com\/pl\/wp-json\/wp\/v2\/comments?post=232"}],"wp:featuredmedia":[{"embeddable":true,"href":"https:\/\/eu.goodseed.com\/pl\/wp-json\/wp\/v2\/media\/303"}],"wp:attachment":[{"href":"https:\/\/eu.goodseed.com\/pl\/wp-json\/wp\/v2\/media?parent=232"}],"wp:term":[{"taxonomy":"product_brand","embeddable":true,"href":"https:\/\/eu.goodseed.com\/pl\/wp-json\/wp\/v2\/product_brand?post=232"},{"taxonomy":"product_cat","embeddable":true,"href":"https:\/\/eu.goodseed.com\/pl\/wp-json\/wp\/v2\/product_cat?post=232"},{"taxonomy":"product_tag","embeddable":true,"href":"https:\/\/eu.goodseed.com\/pl\/wp-json\/wp\/v2\/product_tag?post=232"},{"taxonomy":"giftcard-category","embeddable":true,"href":"https:\/\/eu.goodseed.com\/pl\/wp-json\/wp\/v2\/giftcard-category?post=232"}],"curies":[{"name":"wp","href":"https:\/\/api.w.org\/{rel}","templated":true}]}}