{"id":1119,"date":"2025-05-02T06:39:14","date_gmt":"2025-05-02T06:39:14","guid":{"rendered":"https:\/\/eu.goodseed.com\/?post_type=product&#038;p=1119"},"modified":"2025-12-05T01:11:02","modified_gmt":"2025-12-05T01:11:02","slug":"no-ordinary-story-the-core-message","status":"publish","type":"product","link":"https:\/\/eu.goodseed.com\/pl\/product\/no-ordinary-story-the-core-message\/","title":{"rendered":"Nie zwyk\u0142a historia - g\u0142\u00f3wne przes\u0142anie"},"content":{"rendered":"<div class=\"productView-info-bulkPricing\">\n<blockquote>\n<ul>\n<li><strong>Kup 4 - 11<\/strong> i otrzyma\u0107 <strong>Sie 15% Rabatt<\/strong><\/li>\n<li><strong>Kup 12 - 23<\/strong> i otrzyma\u0107 <strong>Sie 25% Rabatt<\/strong><\/li>\n<li><strong>Kaufen Sie 24<\/strong> oder mehr und erhalten <strong>Sie 35% Rabatt<\/strong><\/li>\n<\/ul>\n<\/blockquote>\n<p id=\"u129522-2\">Du wolltest schon immer&#8230;<\/p>\n<ul>\n<li>Etwas, das das Evangelium in mundgerechten St\u00fccken vermittelt<\/li>\n<li>F\u00fcr eine s\u00e4kulare Weltanschauung geschrieben<\/li>\n<li>Gut f\u00fcr die Sonntagsschule, Kleingruppen, Andachten<\/li>\n<li>Verwendbar f\u00fcr Hausunterricht oder christliche Schulen<\/li>\n<li>Ideal f\u00fcr den Online-Unterricht (z.B. Zoom, Meetings, etc.)<\/li>\n<\/ul>\n<p>\u201eNo Ordinary Story\u201c ist eine Reihe von acht Brosch\u00fcren von John R. Cross, die den Leser durch die Bibel von der Sch\u00f6pfung bis zu Christus f\u00fchrt und dabei die s\u00e4kulare Weltanschauung mit der kompromisslosen Botschaft des Evangeliums anspricht. Ob Gen Z, Millennial oder Baby Boomer, die kurzen Kapitel und das kleine Format dieser Reihe machen es all denen leicht, die lieber in kleinen H\u00e4ppchen lernen.<\/p>\n<p><strong>Za\u0142o\u017cenia:<\/strong> Setzt voraus, dass der Leser keine oder nur geringe Vorkenntnisse \u00fcber die Bibel hat.<\/p>\n<p><strong>Chronologicznie:<\/strong> Beginnt mit der Erschaffung des Universums und geht dann der Reihe nach durch die Schl\u00fcsselgeschichten des Alten Testaments zum Neuen Testament \u00fcber, um die Bedeutung des Kreuzes und des Grabes zu enth\u00fcllen. Die Hauptgeschichte der Bibel wird zu einem universellen, allumfassenden Drama zusammengef\u00fcgt.<\/p>\n<p><strong>Cel:<\/strong> Erlaubt der Bibel, f\u00fcr sich selbst zu sprechen, indem sie die gute Nachricht des Herrn Jesus Christus pr\u00e4sentiert. Es gibt keine \u00dcberredung zum Glauben. Die Botschaft wird objektiv dargestellt; die Entscheidung, ob man glaubt oder nicht, wird dem Leser \u00fcberlassen.<\/p>\n<p><strong>In mundgerechter Gr\u00f6\u00dfe:<\/strong> Jedes Buch ist 40 Seiten lang und in 10 Kapitel unterteilt. Durch dieses Format bleibt der Inhalt in Bewegung und die Leser k\u00f6nnen schnell zum n\u00e4chsten Heft \u00fcbergehen.<\/p>\n<p><strong>Reichhaltig illustriert:<\/strong> Auf jeder Doppelseite werden entweder fesselnde und dramatische Strichzeichnungen von Matt Almy oder Grafiken verwendet.<\/p>\n<p><strong>Videos:<\/strong> Enth\u00e4lt 69 Videosegmente, die die Lehre in den Heften erg\u00e4nzen.<\/p>\n<p><strong>Konzipiert f\u00fcr Kleingruppen:<\/strong> Diese Reihe ist in mehrere Hefte aufgeteilt, die sich hervorragend f\u00fcr das Studium in Kleingruppen mit Nichtchristen oder Gl\u00e4ubigen oder f\u00fcr den Unterricht in der Sonntagsschule eignen.<\/p>\n<p id=\"u129550-24\">Geeignet f\u00fcr Teenager und Erwachsene<\/p>\n<p>&nbsp;<\/p>\n<h2 id=\"u129710-2\">Gro\u00dfe Ideen in mundgerechten B\u00fcchern<\/h2>\n<p>Die Kernbotschaft wird in acht Brosch\u00fcren vorgestellt:<\/p>\n<p><strong>Kein gew\u00f6hnlicher Gott<\/strong> &#8211; Wer ist der Gott der Bibel? Wie ist er? (Einf\u00fchrung in Gottes Charakter, wie er sich im Sch\u00f6pfungsbericht offenbart)<\/p>\n<p><strong>Das B\u00f6se ist nichts Gew\u00f6hnliches<\/strong> &#8211; Warum gibt es so viel B\u00f6ses in der Welt? Woher kommt es? (Der S\u00fcndenfall, die S\u00fcnde und ihre Folgen)<\/p>\n<p><strong>Kein gew\u00f6hnlicher Glaube<\/strong> &#8211; Warum ist der Glaube so wichtig? Was hat es mit dem Vertrauen auf sich?<\/p>\n<p><strong>Keine gew\u00f6hnlichen Regeln<\/strong> &#8211; H\u00e4lt Gott sein Wort? Was ist die richtige Art zu leben? (Abraham und Isaak, Mose und Exodus, die Verabschiedung und der Zweck der Zehn Gebote)<\/p>\n<p><strong>Kein gew\u00f6hnliches Haus<\/strong> &#8211; Gibt es einen Ausweg aus diesem Schlamassel? Was hat es mit dem Zelt auf sich? (S\u00fcnde, Werke reichen nicht aus, das Opfersystem, die Stiftsh\u00fctte, die Propheten)<\/p>\n<p><strong>Keine gew\u00f6hnliche Geburt<\/strong> &#8211; Wer war Jesus \u00fcberhaupt? Wie k\u00f6nnen wir sicher sein? (Geburt Jesu, Beginn seines Dienstes)<\/p>\n<p><strong>Kein gew\u00f6hnlicher Tod<\/strong> &#8211; Warum ein Kreuz? Kann ein toter Mensch wieder leben? (Tod, Begr\u00e4bnis und Auferstehung von Jesus)<\/p>\n<p><strong>Kein gew\u00f6hnlicher Plan<\/strong> &#8211; Warum das Lamm? Ist es wirklich so einfach? (Wie alles zusammenpasst)<\/p>\n<p><strong><a href=\"https:\/\/ca.goodseed.com\/no-ordinary-story-complete-set\/\">Auch als komplettes Set mit drei zus\u00e4tzlichen Brosch\u00fcren erh\u00e4ltlich<\/a><\/strong><\/p>\n<p>Optionales Hintergrundheft:<\/p>\n<p><strong>Kein gew\u00f6hnliches Buch &#8211;<\/strong> Was ist so toll an der Bibel? Eine Brosch\u00fcre zur Vorbereitung auf die Evangelisation, die f\u00fcr die Bibel pl\u00e4diert.<\/p>\n<p>Optionale Brosch\u00fcren zum Thema \u201eTiefer gehen\u201c:<\/p>\n<p><strong>Kein gew\u00f6hnliches Urteil<\/strong> &#8211; Bin ich noch schuldig? Was ist mit der Scham?<\/p>\n<p><strong>Keine gew\u00f6hnliche R\u00fcckkehr<\/strong> &#8211; Wo ist Jesus jetzt? Kommt er wieder auf die Erde zur\u00fcck?<\/p>\n<p>&nbsp;<\/p>\n<h2 id=\"u131048-2\">S\u00e4kulare Weltanschauung?<\/h2>\n<p id=\"u131048-21\"><span id=\"u131048-4\">Die wichtigsten evangelistischen Ressourcen, die \u00fcber GoodSeed erh\u00e4ltlich sind, wurden speziell f\u00fcr verschiedene Weltanschauungen geschrieben, also f\u00fcr den Rahmen, in dem eine Person die gro\u00dfen Fragen des Lebens beantwortet. Dazu geh\u00f6ren die <strong>christliche Weltanschauung <\/strong><\/span>(<em><a class=\"nonblock\" href=\"http:\/\/www.goodseed.com\/the-stranger-on-the-road-to-emmaus.html\" data-href=\"page:U4365\"><span id=\"u131048-6\">Nieznajomy na drodze do Emaus<\/span><\/a><\/em>), die <strong>islamische Weltanschauung<\/strong><span id=\"u131048-9\">\u00a0<\/span>(<em><a class=\"nonblock\" href=\"http:\/\/www.goodseed.com\/all-that-the-prophets-have-spoken.html\" data-href=\"page:U34930\"><span id=\"u131048-11\">Wszystko, o czym m\u00f3wili prorocy<\/span><\/a><\/em>), und die <strong>\u00f6stliche Weltanschauung<\/strong><span id=\"u131048-14\">\u00a0<\/span>(<em><a class=\"nonblock\" href=\"http:\/\/www.goodseed.com\/by-this-name.html\" data-href=\"page:U35228\"><span id=\"u131048-16\">Pod t\u0105 nazw\u0105<\/span><\/a><\/em>). Eine klassische Definition der <strong>s\u00e4kularen Weltanschauung<\/strong> umfasst eine Person, die verschiedene Meinungen abw\u00e4gt und zu einer Weltanschauung kommt, die einen Gott ausschlie\u00dft (d. h. ein Atheist). Heutzutage wird eine s\u00e4kulare Weltanschauung jedoch eher auf jemanden angewandt, der sich einfach keine Gedanken \u00fcber spirituelle Fragen macht und die s\u00e4kulare Weltanschauung standardm\u00e4\u00dfig annimmt, ohne \u00fcber ihre Implikationen nachzudenken. Diese Menschen sind mit dem Leben besch\u00e4ftigt, ohne R\u00fccksicht auf die spirituelle Welt.<\/p>\n<p id=\"u131048-26\">Wenn Sie mit den oben genannten B\u00fcchern vertraut sind, ist diese neue Reihe, <em>No Ordinary Story<\/em>, eine Zusammenfassung aller drei B\u00fccher mit Material und Anpassungen speziell f\u00fcr die s\u00e4kulare Weltanschauung.<\/p>\n<\/div>","protected":false},"excerpt":{"rendered":"<blockquote>\n<div class=\"productView-info-bulkPricing\">\n<p>Ceny hurtowe: Poni\u017cej znajduj\u0105 si\u0119 dost\u0119pne stawki rabat\u00f3w hurtowych dla ka\u017cdego pojedynczego produktu przy zakupie okre\u015blonej ilo\u015bci<\/p>\n<ul>\n<li>Buy 4 &#8211; 11 and get 15% off<\/li>\n<li>Buy 12 &#8211; 24 and get 25% off<\/li>\n<li>Buy 25 or above and get 35% off<\/li>\n<\/ul>\n<\/div>\n<\/blockquote>","protected":false},"featured_media":1121,"comment_status":"closed","ping_status":"closed","template":"","meta":{"_acf_changed":false,"_glsr_average":0,"_glsr_ranking":0,"_glsr_reviews":0},"product_brand":[112],"product_cat":[18,17,51],"product_tag":[],"giftcard-category":[],"class_list":{"0":"post-1119","1":"product","2":"type-product","3":"status-publish","4":"has-post-thumbnail","6":"product_brand-keine-gewoehnliche-geschichte","7":"product_cat-evangelisation_nachfolge","8":"product_cat-new-release","9":"product_cat-sekulare-weltanschauung","11":"first","12":"instock","13":"taxable","14":"shipping-taxable","15":"purchasable","16":"product-type-simple"},"acf":[],"_links":{"self":[{"href":"https:\/\/eu.goodseed.com\/pl\/wp-json\/wp\/v2\/product\/1119","targetHints":{"allow":["GET"]}}],"collection":[{"href":"https:\/\/eu.goodseed.com\/pl\/wp-json\/wp\/v2\/product"}],"about":[{"href":"https:\/\/eu.goodseed.com\/pl\/wp-json\/wp\/v2\/types\/product"}],"replies":[{"embeddable":true,"href":"https:\/\/eu.goodseed.com\/pl\/wp-json\/wp\/v2\/comments?post=1119"}],"wp:featuredmedia":[{"embeddable":true,"href":"https:\/\/eu.goodseed.com\/pl\/wp-json\/wp\/v2\/media\/1121"}],"wp:attachment":[{"href":"https:\/\/eu.goodseed.com\/pl\/wp-json\/wp\/v2\/media?parent=1119"}],"wp:term":[{"taxonomy":"product_brand","embeddable":true,"href":"https:\/\/eu.goodseed.com\/pl\/wp-json\/wp\/v2\/product_brand?post=1119"},{"taxonomy":"product_cat","embeddable":true,"href":"https:\/\/eu.goodseed.com\/pl\/wp-json\/wp\/v2\/product_cat?post=1119"},{"taxonomy":"product_tag","embeddable":true,"href":"https:\/\/eu.goodseed.com\/pl\/wp-json\/wp\/v2\/product_tag?post=1119"},{"taxonomy":"giftcard-category","embeddable":true,"href":"https:\/\/eu.goodseed.com\/pl\/wp-json\/wp\/v2\/giftcard-category?post=1119"}],"curies":[{"name":"wp","href":"https:\/\/api.w.org\/{rel}","templated":true}]}}