{"id":1058,"date":"2025-05-02T05:12:33","date_gmt":"2025-05-02T05:12:33","guid":{"rendered":"https:\/\/eu.goodseed.com\/?post_type=product&#038;p=1058"},"modified":"2025-12-05T01:11:16","modified_gmt":"2025-12-05T01:11:16","slug":"the-stranger-on-the-road-to-emmaus-large-print-english-2","status":"publish","type":"product","link":"https:\/\/eu.goodseed.com\/pl\/product\/the-stranger-on-the-road-to-emmaus-large-print-english-2\/","title":{"rendered":"Nieznajomy na drodze do Emaus - du\u017cy druk (angielski)"},"content":{"rendered":"<blockquote>\n<ul>\n<li><strong>Kup 4 - 11\u00a0\u00a0<\/strong>i otrzyma\u0107\u00a0<strong>20% wy\u0142\u0105czony<\/strong><\/li>\n<li><strong>Kup 12 - 23\u00a0\u00a0<\/strong>i otrzyma\u0107\u00a0<strong>30% wy\u0142\u0105czony<\/strong><\/li>\n<li><strong>Kup 24 lub wi\u0119cej\u00a0\u00a0<\/strong>i otrzyma\u0107\u00a0<strong>40% wy\u0142\u0105czony<\/strong><\/li>\n<\/ul>\n<\/blockquote>\n<p><strong>To jest du\u017ce wydanie \u201eNieznajomego na drodze do Emaus\u201c.\u201c<\/strong><\/p>\n<p>\u201cNieznajomy na drodze do Emaus\u201d daje solidny przegl\u0105d g\u0142\u00f3wnego przes\u0142ania Biblii. \u0141\u0105czy kluczowe historie Starego i Nowego Testamentu, aby ujawni\u0107 to\u017csamo\u015b\u0107 Boga i natur\u0119 grzechu, ca\u0142y czas odpowiadaj\u0105c na dwa pytania: \u201cKim jest Jezus?\u201d i \u201cO co chodzi w historii krzy\u017ca i grobu?\u201d. Pomaga jasno zrozumie\u0107, jakie jest g\u0142\u00f3wne przes\u0142anie Biblii.<\/p>\n<p><em>\u201cBiblia ma teraz tyle sensu!\u201d.\u201d<\/em><\/p>\n<p>Ksi\u0105\u017cka ta jest idealna dla os\u00f3b wywodz\u0105cych si\u0119 ze \u015brodowisk chrze\u015bcija\u0144skich, zar\u00f3wno katolickich, protestanckich, jak i prawos\u0142awnych. Zak\u0142ada ona, \u017ce czytelnicy maj\u0105 koncepcj\u0119 tylko jednego Boga, kt\u00f3ry jest osob\u0105, a nie si\u0142\u0105.<\/p>\n<p><strong>Cechy<\/strong><\/p>\n<ul>\n<li><strong>Napisany dla doros\u0142ych i nastolatk\u00f3w:<\/strong>\u00a0Zrozumia\u0142y dla dzieci w wieku 10 lat, ale napisany z my\u015bl\u0105 o doros\u0142ych i nastolatkach.<\/li>\n<li><strong>Za\u0142o\u017cenia:<\/strong>\u00a0Zak\u0142ada, \u017ce kiedy czytelnicy my\u015bl\u0105 o Bogu, my\u015bl\u0105 tylko o jednym Bogu i \u017ce B\u00f3g jest osob\u0105, a nie si\u0142\u0105. Nie zak\u0142ada si\u0119 \u017cadnej innej wiedzy biblijnej.<\/li>\n<li><strong>Chrze\u015bcija\u0144ski \u015bwiatopogl\u0105d:<\/strong>\u00a0Idealny dla czytelnik\u00f3w wywodz\u0105cych si\u0119 ze \u015brodowisk chrze\u015bcija\u0144skich, zar\u00f3wno katolickich, protestanckich, jak i prawos\u0142awnych.<\/li>\n<li><strong>Na podstawie ewangelii Jana:<\/strong>\u00a0Wykorzystuje ewangeli\u0119 Jana jako szablon; jednocze\u015bnie zapewnia niezb\u0119dne historie t\u0142a, aby nada\u0107 kontekst ewangelii. Zak\u0142ada, \u017ce czytelnik wie bardzo niewiele, je\u015bli w og\u00f3le, o Biblii.<\/li>\n<li><strong>Chronologicznie:<\/strong>\u00a0Rozpoczyna si\u0119 od stworzenia wszech\u015bwiata, a nast\u0119pnie przechodzi kolejno przez kluczowe historie Starego Testamentu, przechodzi do Nowego Testamentu, aby ujawni\u0107 znaczenie krzy\u017ca i grobu. G\u0142\u00f3wna historia Biblii jest powi\u0105zana w jeden uniwersalny, wszechogarniaj\u0105cy dramat.<\/li>\n<li><strong>Odrywa tradycj\u0119 religijn\u0105 od Biblii:<\/strong>\u00a0Czytelnicy zapoznaj\u0105 si\u0119 z Bibli\u0105 bez religijnej otoczki.<\/li>\n<li><strong>Cel:<\/strong>\u00a0Biblia mo\u017ce m\u00f3wi\u0107 sama za siebie, przedstawiaj\u0105c dobr\u0105 nowin\u0119 o Panu Jezusie Chrystusie. Nie ma \u017cadnego nak\u0142aniania do wiary. Przes\u0142anie jest przedstawione obiektywnie, a decyzja o tym, czy wierzy\u0107, czy nie, nale\u017cy do czytelnika.<\/li>\n<li><strong>Wersety biblijne:<\/strong>\u00a0Opowiedziana jako historia, 1177 werset\u00f3w biblijnych jest wplecionych w ca\u0142y tekst. Czytelnik sam anga\u017cuje si\u0119 w tekst Biblii.<\/li>\n<li><strong>Ilustrowane:<\/strong>\u00a0Ponad 100 rysunk\u00f3w, map i diagram\u00f3w pomaga wyja\u015bni\u0107 histori\u0119.<\/li>\n<li><strong>Zaprojektowany do rozdawania:<\/strong>\u00a0Ksi\u0105\u017cka mo\u017ce by\u0107 przekazywana jak traktat ewangeliczny. Czytelnicy mog\u0105 samodzielnie zapozna\u0107 si\u0119 z przes\u0142aniem Biblii.<\/li>\n<li><strong>Zaprojektowany do wykorzystania w kursie:<\/strong>\u00a0Ten zas\u00f3b mo\u017ce by\u0107 u\u017cywany jako ksi\u0105\u017cka ucznia w studium Biblii. (Dowiedz si\u0119 wi\u0119cej o \u201c<a title=\"Przemy\u015blenie \u015bwiatopogl\u0105du\" href=\"https:\/\/ca.goodseed.com\/worldview-rethink-the-course-family\/\">Kurs ponownego przemy\u015blenia \u015bwiatopogl\u0105du<\/a>.\u201d)<\/li>\n<\/ul>\n<p>Liczba stron: 575<br \/>\nISBN: 9781890082710<\/p>","protected":false},"excerpt":{"rendered":"<p>Ceny hurtowe:<\/p>\n<p>Poni\u017cej znajduj\u0105 si\u0119 dost\u0119pne stawki rabat\u00f3w hurtowych dla ka\u017cdego pojedynczego produktu przy zakupie okre\u015blonej ilo\u015bci<\/p>\n<ul>\n<li>Kup 4 - 11 i otrzymaj 20% zni\u017cki<\/li>\n<li>Kup 12-23 i otrzymaj 30% zni\u017cki<\/li>\n<li>Kup 24 lub wi\u0119cej i otrzymaj 40% zni\u017cki<\/li>\n<\/ul>","protected":false},"featured_media":1057,"comment_status":"closed","ping_status":"closed","template":"","meta":{"_acf_changed":false,"_glsr_average":0,"_glsr_ranking":0,"_glsr_reviews":0},"product_brand":[108],"product_cat":[76,18],"product_tag":[53],"giftcard-category":[],"class_list":{"0":"post-1058","1":"product","2":"type-product","3":"status-publish","4":"has-post-thumbnail","6":"product_brand-der-fremde-auf-dem-weg-nach-emmaus","7":"product_cat-englisch","8":"product_cat-evangelisation_nachfolge","9":"product_tag-english","11":"first","12":"instock","13":"taxable","14":"shipping-taxable","15":"purchasable","16":"product-type-simple"},"acf":[],"_links":{"self":[{"href":"https:\/\/eu.goodseed.com\/pl\/wp-json\/wp\/v2\/product\/1058","targetHints":{"allow":["GET"]}}],"collection":[{"href":"https:\/\/eu.goodseed.com\/pl\/wp-json\/wp\/v2\/product"}],"about":[{"href":"https:\/\/eu.goodseed.com\/pl\/wp-json\/wp\/v2\/types\/product"}],"replies":[{"embeddable":true,"href":"https:\/\/eu.goodseed.com\/pl\/wp-json\/wp\/v2\/comments?post=1058"}],"wp:featuredmedia":[{"embeddable":true,"href":"https:\/\/eu.goodseed.com\/pl\/wp-json\/wp\/v2\/media\/1057"}],"wp:attachment":[{"href":"https:\/\/eu.goodseed.com\/pl\/wp-json\/wp\/v2\/media?parent=1058"}],"wp:term":[{"taxonomy":"product_brand","embeddable":true,"href":"https:\/\/eu.goodseed.com\/pl\/wp-json\/wp\/v2\/product_brand?post=1058"},{"taxonomy":"product_cat","embeddable":true,"href":"https:\/\/eu.goodseed.com\/pl\/wp-json\/wp\/v2\/product_cat?post=1058"},{"taxonomy":"product_tag","embeddable":true,"href":"https:\/\/eu.goodseed.com\/pl\/wp-json\/wp\/v2\/product_tag?post=1058"},{"taxonomy":"giftcard-category","embeddable":true,"href":"https:\/\/eu.goodseed.com\/pl\/wp-json\/wp\/v2\/giftcard-category?post=1058"}],"curies":[{"name":"wp","href":"https:\/\/api.w.org\/{rel}","templated":true}]}}