{"id":1000,"date":"2025-05-02T03:13:48","date_gmt":"2025-05-02T03:13:48","guid":{"rendered":"https:\/\/eu.goodseed.com\/?post_type=product&#038;p=1000"},"modified":"2025-12-05T01:11:31","modified_gmt":"2025-12-05T01:11:31","slug":"fieldnotes-stories-of-the-gospel-transforming-lives-volume-1","status":"publish","type":"product","link":"https:\/\/eu.goodseed.com\/pl\/product\/fieldnotes-stories-of-the-gospel-transforming-lives-volume-1\/","title":{"rendered":"Notatki terenowe: ewangeliczne historie, kt\u00f3re zmieniaj\u0105 \u017cycie (tom 1)"},"content":{"rendered":"<p>Jede Woche schreiben uns Menschen E-Mails und Briefe, rufen an oder kommen in ein GoodSeed-B\u00fcro. Sie kommen aus demselben Grund \u2013 sie haben Geschichten zu erz\u00e4hlen. Manche handeln von Lebensk\u00e4mpfen, andere von spirituellen Reisen. Alle erz\u00e4hlen, wie das Evangelium Leben ver\u00e4ndert hat \u2013 wie Menschen die gute Nachricht verstanden und ihr Vertrauen auf Jesus Christus gesetzt haben, um Erl\u00f6sung zu finden. Diese Zeugnisse haben eines gemeinsam: Im Laufe ihrer Reise hat ein einfacher Gl\u00e4ubiger eine GoodSeed-Ressource verschenkt, oder ein Freund hat ein GoodSeed-Werkzeug mitgenommen und damit das Evangelium erkl\u00e4rt.<\/p>\n<p>Fieldnotes ist eine Sammlung ber\u00fchrender Geschichten aus aller Welt. Sie erz\u00e4hlen von Gottes Gnade, die Menschen erreicht, und davon, wie einfache Gl\u00e4ubige treue Botschafter f\u00fcr Christus waren. Lesen Sie diese Geschichten und loben Sie Gott f\u00fcr sein Wirken.<\/p>\n<p>Siehe auch <a href=\"https:\/\/ca.goodseed.com\/fieldnotes-stories-of-the-gospel-transforming-lives-volume-2\/\" target=\"_blank\" rel=\"noopener\">Fieldnotes Volume 2<\/a>.<\/p>\n<p>&nbsp;<\/p>","protected":false},"excerpt":{"rendered":"<p>Jede Woche schreiben uns Menschen E-Mails und Briefe, rufen an oder kommen in ein GoodSeed-B\u00fcro. Sie kommen aus demselben Grund \u2013 sie haben Geschichten zu erz\u00e4hlen. Manche handeln von Lebensk\u00e4mpfen, andere von spirituellen Reisen. Alle erz\u00e4hlen, wie das Evangelium Leben ver\u00e4ndert hat \u2013 wie Menschen die gute Nachricht verstanden und ihr Vertrauen auf Jesus Christus [&hellip;]<\/p>\n","protected":false},"featured_media":1001,"comment_status":"closed","ping_status":"closed","template":"","meta":{"_acf_changed":false,"_glsr_average":0,"_glsr_ranking":0,"_glsr_reviews":0},"product_brand":[],"product_cat":[23],"product_tag":[],"giftcard-category":[],"class_list":{"0":"post-1000","1":"product","2":"type-product","3":"status-publish","4":"has-post-thumbnail","6":"product_cat-andere-materialien","8":"first","9":"instock","10":"taxable","11":"shipping-taxable","12":"purchasable","13":"product-type-simple"},"acf":[],"_links":{"self":[{"href":"https:\/\/eu.goodseed.com\/pl\/wp-json\/wp\/v2\/product\/1000","targetHints":{"allow":["GET"]}}],"collection":[{"href":"https:\/\/eu.goodseed.com\/pl\/wp-json\/wp\/v2\/product"}],"about":[{"href":"https:\/\/eu.goodseed.com\/pl\/wp-json\/wp\/v2\/types\/product"}],"replies":[{"embeddable":true,"href":"https:\/\/eu.goodseed.com\/pl\/wp-json\/wp\/v2\/comments?post=1000"}],"wp:featuredmedia":[{"embeddable":true,"href":"https:\/\/eu.goodseed.com\/pl\/wp-json\/wp\/v2\/media\/1001"}],"wp:attachment":[{"href":"https:\/\/eu.goodseed.com\/pl\/wp-json\/wp\/v2\/media?parent=1000"}],"wp:term":[{"taxonomy":"product_brand","embeddable":true,"href":"https:\/\/eu.goodseed.com\/pl\/wp-json\/wp\/v2\/product_brand?post=1000"},{"taxonomy":"product_cat","embeddable":true,"href":"https:\/\/eu.goodseed.com\/pl\/wp-json\/wp\/v2\/product_cat?post=1000"},{"taxonomy":"product_tag","embeddable":true,"href":"https:\/\/eu.goodseed.com\/pl\/wp-json\/wp\/v2\/product_tag?post=1000"},{"taxonomy":"giftcard-category","embeddable":true,"href":"https:\/\/eu.goodseed.com\/pl\/wp-json\/wp\/v2\/giftcard-category?post=1000"}],"curies":[{"name":"wp","href":"https:\/\/api.w.org\/{rel}","templated":true}]}}