{"id":30,"date":"2025-04-16T05:32:14","date_gmt":"2025-04-16T05:32:14","guid":{"rendered":"https:\/\/eu.goodseed.com\/my-account\/"},"modified":"2025-08-20T09:30:43","modified_gmt":"2025-08-20T09:30:43","slug":"my-account","status":"publish","type":"page","link":"https:\/\/eu.goodseed.com\/pl\/my-account\/","title":{"rendered":"Moje konto"},"content":{"rendered":"<div data-elementor-type=\"wp-page\" data-elementor-id=\"30\" class=\"elementor elementor-30\" data-elementor-post-type=\"page\">\n\t\t\t\t<div class=\"elementor-element elementor-element-7cc45462 e-flex e-con-boxed e-con e-parent\" data-id=\"7cc45462\" data-element_type=\"container\" data-e-type=\"container\" data-settings=\"{&quot;background_background&quot;:&quot;classic&quot;}\">\n\t\t\t\t\t<div class=\"e-con-inner\">\n\t\t\t\t<div class=\"elementor-element elementor-element-4a075bd e-my-account-tabs-horizontal elementor-widget elementor-widget-woocommerce-my-account\" data-id=\"4a075bd\" data-element_type=\"widget\" data-e-type=\"widget\" data-widget_type=\"woocommerce-my-account.default\">\n\t\t\t\t\t<div class=\"e-my-account-tab e-my-account-tab__\">\t\t\t<div class=\"woocommerce\"><\/div>\t\t<\/div>\n\t\t\t\t\t\t<\/div>\n\t\t\t\t\t<\/div>\n\t\t\t\t<\/div>\n\t\t\t\t<\/div>","protected":false},"excerpt":{"rendered":"<p>Pulpit nawigacyjny Zam\u00f3wienia Karty podarunkowe Pliki do pobrania Adresy Dane konta Wyloguj si\u0119 Pulpit nawigacyjny Zam\u00f3wienia Karty podarunkowe Pliki do pobrania Adresy Dane konta Wyloguj si\u0119 Witaj Toki I (nie Toki I? Wyloguj si\u0119) Na pulpicie nawigacyjnym konta mo\u017cesz przegl\u0105da\u0107 ostatnie zam\u00f3wienia, zarz\u0105dza\u0107 adresami wysy\u0142ki i adresami rozliczeniowymi oraz edytowa\u0107 has\u0142o i dane konta.<\/p>","protected":false},"author":1,"featured_media":0,"parent":0,"menu_order":0,"comment_status":"closed","ping_status":"closed","template":"","meta":{"_acf_changed":false,"_glsr_average":0,"_glsr_ranking":0,"_glsr_reviews":0,"footnotes":""},"class_list":["post-30","page","type-page","status-publish","hentry"],"acf":[],"_links":{"self":[{"href":"https:\/\/eu.goodseed.com\/pl\/wp-json\/wp\/v2\/pages\/30","targetHints":{"allow":["GET"]}}],"collection":[{"href":"https:\/\/eu.goodseed.com\/pl\/wp-json\/wp\/v2\/pages"}],"about":[{"href":"https:\/\/eu.goodseed.com\/pl\/wp-json\/wp\/v2\/types\/page"}],"author":[{"embeddable":true,"href":"https:\/\/eu.goodseed.com\/pl\/wp-json\/wp\/v2\/users\/1"}],"replies":[{"embeddable":true,"href":"https:\/\/eu.goodseed.com\/pl\/wp-json\/wp\/v2\/comments?post=30"}],"version-history":[{"count":18,"href":"https:\/\/eu.goodseed.com\/pl\/wp-json\/wp\/v2\/pages\/30\/revisions"}],"predecessor-version":[{"id":2096,"href":"https:\/\/eu.goodseed.com\/pl\/wp-json\/wp\/v2\/pages\/30\/revisions\/2096"}],"wp:attachment":[{"href":"https:\/\/eu.goodseed.com\/pl\/wp-json\/wp\/v2\/media?parent=30"}],"curies":[{"name":"wp","href":"https:\/\/api.w.org\/{rel}","templated":true}]}}