{"id":1928,"date":"2025-07-18T15:26:56","date_gmt":"2025-07-18T15:26:56","guid":{"rendered":"https:\/\/eu.goodseed.com\/?page_id=1928"},"modified":"2025-07-18T15:26:56","modified_gmt":"2025-07-18T15:26:56","slug":"widerrufsbelehrung","status":"publish","type":"page","link":"https:\/\/eu.goodseed.com\/pl\/widerrufsbelehrung\/","title":{"rendered":"Polityka anulowania"},"content":{"rendered":"<div class=\"entry-content\">\n<p>Konsumentom przys\u0142uguje prawo do odst\u0105pienia od umowy zgodnie z poni\u017cszymi przepisami, przy czym konsumentem jest ka\u017cda osoba fizyczna dokonuj\u0105ca czynno\u015bci prawnej w celu, kt\u00f3ry nie mo\u017ce by\u0107 przypisany jej dzia\u0142alno\u015bci gospodarczej lub zawodowej:<\/p>\n<p><strong>Prawo do anulowania<\/strong><\/p>\n<p>U\u017cytkownik mo\u017ce odst\u0105pi\u0107 od umowy w ci\u0105gu 14 dni bez podania przyczyny w formie pisemnej (np. listownie, faksem, poczt\u0105 elektroniczn\u0105) lub - je\u015bli towary zosta\u0142y dostarczone przed up\u0142ywem tego terminu - poprzez zwrot towar\u00f3w. Bieg terminu rozpoczyna si\u0119 po otrzymaniu niniejszego pouczenia w formie tekstowej, ale nie przed otrzymaniem towaru przez odbiorc\u0119 (w przypadku powtarzaj\u0105cych si\u0119 dostaw podobnych towar\u00f3w nie przed otrzymaniem pierwszej dostawy cz\u0119\u015bciowej), a tak\u017ce nie przed wype\u0142nieniem naszych obowi\u0105zk\u00f3w informacyjnych zgodnie z art. 246 \u00a7 2 w zwi\u0105zku z \u00a7 1 ust. 1 i 2 EGBGB oraz naszych obowi\u0105zk\u00f3w zgodnie z \u00a7 312g ust. 1 zdanie 1 BGB w zwi\u0105zku z art. 246 \u00a7 3 EGBGB. Terminowe wys\u0142anie odst\u0105pienia lub towaru jest wystarczaj\u0105ce do zachowania terminu odst\u0105pienia. Rezygnacj\u0119 nale\u017cy przes\u0142a\u0107 na adres:<\/p>\n<p>Georg Hagedorn<br \/>\nIm Huferfeld 10<br \/>\n40468 D\u00fcsseldorf<br \/>\nNiemcy<br \/>\nTelefon: +49 (0) 5261-971 57 48<br \/>\nFaks: +49 (0) 211-429 98 53<br \/>\nE-mail: bestellung@cmv-duesseldorf.de<\/p>\n<p><strong>Konsekwencje anulowania<\/strong><\/p>\n<p>W przypadku skutecznego odst\u0105pienia od umowy us\u0142ugi otrzymane przez obie strony musz\u0105 zosta\u0107 zwr\u00f3cone, a wszelkie uzyskane korzy\u015bci (np. odsetki) zwr\u00f3cone. Je\u015bli u\u017cytkownik nie jest w stanie zwr\u00f3ci\u0107 lub odda\u0107 nam otrzymanych towar\u00f3w lub us\u0142ug, a tak\u017ce korzy\u015bci (np. korzy\u015bci z u\u017cytkowania), lub je\u015bli nie jest w stanie zwr\u00f3ci\u0107 lub odda\u0107 ich cz\u0119\u015bciowo lub tylko w pogorszonym stanie, musi zrekompensowa\u0107 nam ich warto\u015b\u0107. U\u017cytkownik musi zap\u0142aci\u0107 odszkodowanie za pogorszenie stanu przedmiotu i za u\u017cywanie przedmiotu tylko wtedy, gdy u\u017cywanie lub pogorszenie stanu wynika z obchodzenia si\u0119 z przedmiotem, kt\u00f3re wykracza poza sprawdzenie w\u0142a\u015bciwo\u015bci i funkcjonalno\u015bci. Testowanie w\u0142a\u015bciwo\u015bci i funkcjonalno\u015bci\" oznacza testowanie i wypr\u00f3bowywanie odpowiednich towar\u00f3w, tak jak jest to mo\u017cliwe i zwyczajowo przyj\u0119te na przyk\u0142ad w sklepie detalicznym. Towary, kt\u00f3re mog\u0105 zosta\u0107 wys\u0142ane paczk\u0105 pocztow\u0105, s\u0105 zwracane na nasze ryzyko. U\u017cytkownik musi ponie\u015b\u0107 regularne koszty zwrotu towar\u00f3w, je\u015bli dostarczone towary odpowiadaj\u0105 zam\u00f3wionym towarom i je\u015bli cena towar\u00f3w, kt\u00f3re maj\u0105 zosta\u0107 zwr\u00f3cone, nie przekracza 40 euro lub, je\u015bli cena towar\u00f3w jest wy\u017csza, je\u015bli u\u017cytkownik nie zap\u0142aci\u0142 jeszcze wynagrodzenia lub uzgodnionej w umowie raty w momencie odst\u0105pienia od umowy. W przeciwnym razie przesy\u0142ka zwrotna jest bezp\u0142atna. Towary, kt\u00f3rych nie mo\u017cna wys\u0142a\u0107 paczk\u0105 pocztow\u0105, zostan\u0105 odebrane od u\u017cytkownika. Zobowi\u0105zania do zwrotu p\u0142atno\u015bci musz\u0105 zosta\u0107 spe\u0142nione w ci\u0105gu 30 dni. Okres ten rozpoczyna si\u0119 dla u\u017cytkownika wraz z wys\u0142aniem odst\u0105pienia od umowy lub towar\u00f3w, a dla nas wraz z ich otrzymaniem.<\/p>\n<p><strong>Koniec polityki anulowania<\/strong><\/p>\n<p>Prawo do odst\u0105pienia od umowy nie ma zastosowania do um\u00f3w sprzeda\u017cy zawieranych na odleg\u0142o\u015b\u0107<\/p>\n<ul class=\"wp-block-list\">\n<li>w przypadku dostawy towar\u00f3w, kt\u00f3re s\u0105 produkowane zgodnie ze specyfikacjami klienta lub kt\u00f3re s\u0105 wyra\u017anie dostosowane do osobistych wymaga\u0144 lub kt\u00f3re nie nadaj\u0105 si\u0119 do zwrotu ze wzgl\u0119du na ich charakter lub kt\u00f3re mog\u0105 si\u0119 szybko zepsu\u0107 lub kt\u00f3rych data wa\u017cno\u015bci zosta\u0142aby przekroczona,<\/li>\n<li>w przypadku dostarczania nagra\u0144 audio lub wideo lub oprogramowania, pod warunkiem \u017ce plomba na dostarczonych no\u015bnikach danych zosta\u0142a zerwana przez konsumenta,<\/li>\n<li>w przypadku dostarczania gazet, czasopism i periodyk\u00f3w, chyba \u017ce o\u015bwiadczenie o zawarciu umowy zosta\u0142o z\u0142o\u017cone telefonicznie.<\/li>\n<\/ul>\n<\/div>","protected":false},"excerpt":{"rendered":"<p>Verbrauchern steht ein Widerrufsrecht nach folgender Ma\u00dfgabe zu, wobei Verbraucher jede nat\u00fcrliche Person ist, die ein Rechtsgesch\u00e4ft zu einem Zwecke abschlie\u00dft, der weder ihrer gewerblichen noch ihrer selbst\u00e4ndigen beruflichen T\u00e4tigkeit zugerechnet werden kann: Widerrufsrecht Sie k\u00f6nnen Ihre Vertragserkl\u00e4rung innerhalb von 14 Tagen ohne Angabe von Gr\u00fcnden in Textform (z. B. Brief, Fax, E-Mail) oder \u2013 [&hellip;]<\/p>\n","protected":false},"author":3,"featured_media":0,"parent":0,"menu_order":0,"comment_status":"closed","ping_status":"closed","template":"","meta":{"_acf_changed":false,"_glsr_average":0,"_glsr_ranking":0,"_glsr_reviews":0,"footnotes":""},"class_list":["post-1928","page","type-page","status-publish","hentry"],"acf":[],"_links":{"self":[{"href":"https:\/\/eu.goodseed.com\/pl\/wp-json\/wp\/v2\/pages\/1928","targetHints":{"allow":["GET"]}}],"collection":[{"href":"https:\/\/eu.goodseed.com\/pl\/wp-json\/wp\/v2\/pages"}],"about":[{"href":"https:\/\/eu.goodseed.com\/pl\/wp-json\/wp\/v2\/types\/page"}],"author":[{"embeddable":true,"href":"https:\/\/eu.goodseed.com\/pl\/wp-json\/wp\/v2\/users\/3"}],"replies":[{"embeddable":true,"href":"https:\/\/eu.goodseed.com\/pl\/wp-json\/wp\/v2\/comments?post=1928"}],"version-history":[{"count":1,"href":"https:\/\/eu.goodseed.com\/pl\/wp-json\/wp\/v2\/pages\/1928\/revisions"}],"predecessor-version":[{"id":1929,"href":"https:\/\/eu.goodseed.com\/pl\/wp-json\/wp\/v2\/pages\/1928\/revisions\/1929"}],"wp:attachment":[{"href":"https:\/\/eu.goodseed.com\/pl\/wp-json\/wp\/v2\/media?parent=1928"}],"curies":[{"name":"wp","href":"https:\/\/api.w.org\/{rel}","templated":true}]}}