{"id":1679,"date":"2025-06-11T20:38:57","date_gmt":"2025-06-11T20:38:57","guid":{"rendered":"https:\/\/eu.goodseed.com\/?page_id=1679"},"modified":"2025-08-07T20:56:24","modified_gmt":"2025-08-07T20:56:24","slug":"impressum","status":"publish","type":"page","link":"https:\/\/eu.goodseed.com\/pl\/impressum\/","title":{"rendered":"Nadruk"},"content":{"rendered":"<div class=\"entry-content\">\n<p><b>CMV Hagedorn<\/b><br \/>\nreprezentowany przez Georga Hagedorna<br \/>\nIm Huferfeld 10<br \/>\n40468 D\u00fcsseldorf<br \/>\nTelefon: +49 (0) 211-429 98 56<\/p>\n<p><strong>e-mail:<\/strong> info@cmv-duesseldorf.de<\/p>\n<p><strong>Dyrektor zarz\u0105dzaj\u0105cy:<\/strong> Georg Hagedorn<\/p>\n<p>Numer identyfikacyjny podatku od warto\u015bci dodanej: DE335506353<\/p>\n<p><strong>Dane banku:<\/strong><\/p>\n<p>Georg Hagedorn<br \/>\nIBAN: DE60 3005 0110 0038 0161 50<br \/>\nBIC: DUSSDEDDXXX<\/p>\n<h3>Obs\u0142uga klienta<\/h3>\n<p>Napisz do nas na adres: info@cmv-duesseldorf.de<br \/>\nTelefon: +49 (0) 211-429 98 56 (dni robocze od poniedzia\u0142ku do pi\u0105tku: 9:00 - 17:00)<\/p>\n<h3>Zam\u00f3w us\u0142ug\u0119<\/h3>\n<p>Pisemne zam\u00f3wienie: bestellung@cmv-duesseldorf.de<br \/>\nTelefon: +49 (0) 211-429 98 56<\/p>\n<div class=\"woocommerce woocommerce-gzd woocommerce-gzd-complaints-shortcode\">\n<h3>Alternatywne rozstrzyganie spor\u00f3w zgodnie z art. 14 ust. 1 ODR-VO i \u00a7 36 VSBG:<\/h3>\n<p>Komisja Europejska zapewnia platform\u0119 internetowego rozstrzygania spor\u00f3w (OS), do kt\u00f3rej mo\u017cna uzyska\u0107 dost\u0119p pod adresem <a href=\"https:\/\/ec.europa.eu\/consumers\/odr\" target=\"_blank\" rel=\"noopener\">https:\/\/ec.europa.eu\/consumers\/odr<\/a> znale\u017a\u0107. Nie jeste\u015bmy zobowi\u0105zani ani ch\u0119tni do udzia\u0142u w post\u0119powaniu rozstrzygaj\u0105cym spory przed komisj\u0105 arbitra\u017cow\u0105 konsument\u00f3w.<\/p>\n<\/div>\n<h3>R\u00f3\u017cne<\/h3>\n<p><b>Nota prawna dotyczy r\u00f3wnie\u017c nast\u0119puj\u0105cych profili w mediach spo\u0142eczno\u015bciowych<\/b><\/p>\n<ul>\n<li>Facebook<\/li>\n<li>Instagram<\/li>\n<li>YouTube<\/li>\n<\/ul>\n<p><b>Prawa autorskie:<\/b> GoodSeed International. Wszelkie prawa zastrze\u017cone.<br \/>\nPrzedruki, w\u0142\u0105czanie do serwis\u00f3w online i Internetu oraz reprodukcja na no\u015bnikach danych s\u0105 dozwolone wy\u0142\u0105cznie za uprzedni\u0105 pisemn\u0105 zgod\u0105 wydawcy. GoodSeed nie ponosi odpowiedzialno\u015bci za niezam\u00f3wione r\u0119kopisy i zdj\u0119cia.<\/p>\n<p>&nbsp;<\/p>\n<\/div>","protected":false},"excerpt":{"rendered":"<p>CMV Hagedorn vertreten durch Georg Hagedorn Im Huferfeld 10 40468 D\u00fcsseldorf Telefon: +49 (0) 211-429 98 56 E-Mail: info@cmv-duesseldorf.de Gesch\u00e4ftsf\u00fchrer: Georg Hagedorn Umsatzsteuer ID-Nummer: DE335506353 Bankverbindung: Georg Hagedorn IBAN: DE60 3005 0110 0038 0161 50 BIC: DUSSDEDDXXX Kundenservice Schreiben Sie uns: info@cmv-duesseldorf.de Telefon: +49 (0) 211-429 98 56 (Werktags Mo-Fr: 9:00 \u2013 17:00 Uhr) Bestellservice [&hellip;]<\/p>\n","protected":false},"author":3,"featured_media":0,"parent":0,"menu_order":0,"comment_status":"closed","ping_status":"closed","template":"","meta":{"_acf_changed":false,"_glsr_average":0,"_glsr_ranking":0,"_glsr_reviews":0,"footnotes":""},"class_list":["post-1679","page","type-page","status-publish","hentry"],"acf":[],"_links":{"self":[{"href":"https:\/\/eu.goodseed.com\/pl\/wp-json\/wp\/v2\/pages\/1679","targetHints":{"allow":["GET"]}}],"collection":[{"href":"https:\/\/eu.goodseed.com\/pl\/wp-json\/wp\/v2\/pages"}],"about":[{"href":"https:\/\/eu.goodseed.com\/pl\/wp-json\/wp\/v2\/types\/page"}],"author":[{"embeddable":true,"href":"https:\/\/eu.goodseed.com\/pl\/wp-json\/wp\/v2\/users\/3"}],"replies":[{"embeddable":true,"href":"https:\/\/eu.goodseed.com\/pl\/wp-json\/wp\/v2\/comments?post=1679"}],"version-history":[{"count":3,"href":"https:\/\/eu.goodseed.com\/pl\/wp-json\/wp\/v2\/pages\/1679\/revisions"}],"predecessor-version":[{"id":2067,"href":"https:\/\/eu.goodseed.com\/pl\/wp-json\/wp\/v2\/pages\/1679\/revisions\/2067"}],"wp:attachment":[{"href":"https:\/\/eu.goodseed.com\/pl\/wp-json\/wp\/v2\/media?parent=1679"}],"curies":[{"name":"wp","href":"https:\/\/api.w.org\/{rel}","templated":true}]}}