{"id":1646,"date":"2025-06-10T20:59:03","date_gmt":"2025-06-10T20:59:03","guid":{"rendered":"https:\/\/eu.goodseed.com\/?page_id=1646"},"modified":"2025-08-07T20:52:40","modified_gmt":"2025-08-07T20:52:40","slug":"uber-goodseed","status":"publish","type":"page","link":"https:\/\/eu.goodseed.com\/pl\/uber-goodseed\/","title":{"rendered":"O Goodseed"},"content":{"rendered":"<p><strong>Pomaganie ludziom w zrozumieniu ewangelii. Pomaganie ludziom w przekazywaniu ewangelii.<\/strong><\/p>\n<p>S\u0142u\u017cba GoodSeed polega na wyposa\u017caniu innych w pomocne media, kt\u00f3re wyja\u015bniaj\u0105 ewangeli\u0119. Zapewniamy r\u00f3wnie\u017c szkolenia na temat tego, jak rozwija\u0107 styl \u017cycia przez ca\u0142e \u017cycie jako ambasador Jezusa Chrystusa.<\/p>\n<p>GoodSeed zapewnia narz\u0119dzia do ewangelizacji od Stworzenia do Chrystusa, kt\u00f3re pomagaj\u0105 ludziom zrozumie\u0107 jasne przes\u0142anie ewangelii i daj\u0105 im \u015brodki do dzielenia si\u0119 t\u0105 dobr\u0105 nowin\u0105 z innymi. Zasoby te s\u0105 r\u00f3wnie\u017c przeznaczone dla r\u00f3\u017cnych grup wiekowych i \u015bwiatopogl\u0105dowych, dzi\u0119ki czemu mo\u017cna zrozumie\u0107 g\u0142\u00f3wne przes\u0142anie Biblii niezale\u017cnie od pochodzenia.<\/p>\n<p>Nasz\u0105 wizj\u0105 w GoodSeed jest to, aby ka\u017cda osoba, niezale\u017cnie od \u015bwiatopogl\u0105du czy wieku, rozumia\u0142a jasne przes\u0142anie ewangelii i by\u0142a w stanie dzieli\u0107 si\u0119 tym przes\u0142aniem z innymi.<\/p>\n<p><a href=\"http:\/\/www.goodseed.com\">GoodSeed International<\/a> nadal koncentruje si\u0119 na tworzeniu nowych zasob\u00f3w, nowych t\u0142umacze\u0144 i szkoleniu innych, jak z nich korzysta\u0107. W Europie zasoby GoodSeed s\u0105 dystrybuowane przez CMV Hagedorn. Aby dowiedzie\u0107 si\u0119 wi\u0119cej o CMV, odwied\u017a stron\u0119: <a href=\"https:\/\/cmv-duesseldorf.de\/\">cmv-duesseldorf.de<\/a><\/p>\n<p><strong>Jak to si\u0119 wszystko zacz\u0119\u0142o<\/strong><\/p>\n<p>Dwadzie\u015bcia pi\u0119\u0107 lat sp\u0119dzonych w\u015br\u00f3d odleg\u0142ych lud\u00f3w plemiennych nauczy\u0142o Johna Crossa i jego wsp\u00f3\u0142pracownik\u00f3w, \u017ce kiedy wyja\u015bnia si\u0119 ludziom Bibli\u0119 sekwencyjnie, zaczynaj\u0105c od stworzenia, a ko\u0144cz\u0105c na Chrystusie, ucz\u0105 si\u0119 oni podstaw niezb\u0119dnych do zrozumienia, kim jest B\u00f3g Stw\u00f3rca i dlaczego Jezus Chrystus musia\u0142 umrze\u0107 i zmartwychwsta\u0107. Kiedy ewangelia jest wyja\u015bniana w ten spos\u00f3b, ma g\u0142\u0119boki sens. Wielu j\u0105 zrozumia\u0142o i uwierzy\u0142o.<\/p>\n<p>Podr\u00f3\u017cuj\u0105c po ca\u0142ym \u015bwiecie, John w ko\u0144cu zda\u0142 sobie spraw\u0119, \u017ce wielu ludzi, kt\u00f3rych spotka\u0142, mia\u0142o jedn\u0105 wsp\u00f3ln\u0105 cech\u0119 z ludami plemiennymi. Oni r\u00f3wnie\u017c nie wiedzieli nic o Bogu i nie mieli podstaw do zrozumienia, kim jest Jezus Chrystus.<\/p>\n<p id=\"u2270-9\">Z tego powodu napisa\u0142 ksi\u0105\u017ck\u0119 wykorzystuj\u0105c\u0105 to samo biblijne podej\u015bcie, kt\u00f3re okaza\u0142o si\u0119 tak skuteczne w\u015br\u00f3d lud\u00f3w plemiennych. Ksi\u0105\u017ck\u0119, kt\u00f3r\u0105 mo\u017cna by\u0142o po prostu podarowa\u0107 jako prezent lub wykorzysta\u0107 do wyja\u015bnienia ludziom ewangelii za pomoc\u0105 kursu.<\/p>\n<p id=\"u2270-10\">Po opublikowaniu ksi\u0105\u017cki \"Nieznajomy na drodze do Emaus\" w 1997 roku (w j\u0119zyku angielskim), z ca\u0142ego \u015bwiata nap\u0142yn\u0119\u0142y zapytania: \"Czy ksi\u0105\u017cka ta jest r\u00f3wnie\u017c dost\u0119pna w j\u0119zyku niemieckim? Albo po francusku? Czy istnieje wersja audiobook?\" GoodSeed zosta\u0142 za\u0142o\u017cony w Kanadzie, aby spe\u0142ni\u0107 te pro\u015bby.<\/p>\n<hr \/>\n<p>Wierzymy, \u017ce ka\u017cda osoba na ca\u0142ym \u015bwiecie powinna mie\u0107 nieskr\u0119powany dost\u0119p do g\u0142\u00f3wnego przes\u0142ania Biblii - ewangelii \u0142aski Bo\u017cej - i \u017ce ka\u017cda osoba powinna mie\u0107 tak\u0105 sam\u0105 swobod\u0119 odrzucenia lub przyj\u0119cia tego przes\u0142ania. Przez \"wolny\" rozumiemy, \u017ce cz\u0142owiek mo\u017ce zbada\u0107 twierdzenia Biblii i zdecydowa\u0107 si\u0119 zaufa\u0107 lub odrzuci\u0107 jej przes\u0142anie bez poczucia przymusu lub obawy o \u017cycie lub zdrowie.<\/p>","protected":false},"excerpt":{"rendered":"<p>Den Menschen helfen, das Evangelium zu verstehen. Den Menschen helfen, das Evangelium weiterzugeben. Der Dienst von GoodSeed besteht darin andere mit hilfreichen Medien zuzur\u00fcsten, welche das Evangelium erk\u00e4ren. Wir bieten ebenfalls Schulungen dar\u00fcber an, wie man sich einen lebenslangen Lebensstiel als Botschafter Jesu Christi aneignen kann. GoodSeed stellt Werkzeuge f\u00fcr die Evangelisation von der Sch\u00f6pfung [&hellip;]<\/p>\n","protected":false},"author":3,"featured_media":0,"parent":0,"menu_order":0,"comment_status":"closed","ping_status":"closed","template":"","meta":{"_acf_changed":false,"_glsr_average":0,"_glsr_ranking":0,"_glsr_reviews":0,"footnotes":""},"class_list":["post-1646","page","type-page","status-publish","hentry"],"acf":[],"_links":{"self":[{"href":"https:\/\/eu.goodseed.com\/pl\/wp-json\/wp\/v2\/pages\/1646","targetHints":{"allow":["GET"]}}],"collection":[{"href":"https:\/\/eu.goodseed.com\/pl\/wp-json\/wp\/v2\/pages"}],"about":[{"href":"https:\/\/eu.goodseed.com\/pl\/wp-json\/wp\/v2\/types\/page"}],"author":[{"embeddable":true,"href":"https:\/\/eu.goodseed.com\/pl\/wp-json\/wp\/v2\/users\/3"}],"replies":[{"embeddable":true,"href":"https:\/\/eu.goodseed.com\/pl\/wp-json\/wp\/v2\/comments?post=1646"}],"version-history":[{"count":8,"href":"https:\/\/eu.goodseed.com\/pl\/wp-json\/wp\/v2\/pages\/1646\/revisions"}],"predecessor-version":[{"id":2065,"href":"https:\/\/eu.goodseed.com\/pl\/wp-json\/wp\/v2\/pages\/1646\/revisions\/2065"}],"wp:attachment":[{"href":"https:\/\/eu.goodseed.com\/pl\/wp-json\/wp\/v2\/media?parent=1646"}],"curies":[{"name":"wp","href":"https:\/\/api.w.org\/{rel}","templated":true}]}}