{"id":969,"date":"2025-05-02T02:55:16","date_gmt":"2025-05-02T02:55:16","guid":{"rendered":"https:\/\/eu.goodseed.com\/?post_type=product&#038;p=969"},"modified":"2025-12-05T01:17:50","modified_gmt":"2025-12-05T01:17:50","slug":"and-beginning-with-moses-english","status":"publish","type":"product","link":"https:\/\/eu.goodseed.com\/fr\/product\/and-beginning-with-moses-english\/","title":{"rendered":"Et en commen\u00e7ant par Mo\u00efse (English)"},"content":{"rendered":"<p>Bemerken Sie einen Wandel in unserer Kultur und wissen nicht, wie Sie das Evangelium mit dieser neuen Generation teilen k\u00f6nnen? Sie m\u00f6chten die Bibel lehren, aber wo sollen Sie anfangen, wenn die Menschen nicht einmal verstehen, wer Gott ist?<\/p>\n<p>Vielleicht haben Sie einen Wandel in der christlichen Kirche beobachtet, da die Postmoderne unser Denken zu beeinflussen beginnt. Fr\u00fchere Methoden der Evangelisation scheinen zu versagen, und die Menschen werden immer ungebildeter, was die Bibel betrifft. Sie wissen, dass es ein Problem gibt, k\u00f6nnen es aber nicht genau benennen oder wie man es l\u00f6sen kann.<\/p>\n<p>W\u00fcnschst du dir nicht, es w\u00e4re schon l\u00e4ngst etwas unternommen worden, um das Problem zu identifizieren? Noch besser, wenn es bereits eine L\u00f6sung g\u00e4be? Stell dir vor, wie viel effektiver du das Evangelium verk\u00fcnden k\u00f6nntest, wenn du w\u00fcsstest, welche Hilfsmittel dir helfen k\u00f6nnten, das Problem zu l\u00f6sen, und noch besser, wenn du lernen w\u00fcrdest, wie man diese Hilfsmittel benutzt!<\/p>\n<p>Dieses kurze, 114-seitige Buch beleuchtet die Probleme, mit denen wir bei der Vermittlung des Evangeliums in der heutigen Kultur konfrontiert sind. Es identifiziert nicht nur das Problem, sondern bietet auch eine biblische L\u00f6sung und erkl\u00e4rt, warum diese Methode funktioniert. Um diesem Problem gerecht zu werden, wurden verschiedene Werkzeuge entwickelt, die sich jeweils an ein anderes Publikum richten. Die zweite H\u00e4lfte des Buches erl\u00e4utert diese Werkzeuge und erkl\u00e4rt ihre Anwendung. Au\u00dferdem gibt es einen Abschnitt \u00fcber h\u00e4ufige Fehler bei der Verwendung dieser Werkzeuge und Tipps f\u00fcr deren effektive Anwendung.<\/p>\n<p>Dieses Buch ist enthalten in <a title=\"The Ambassador Series Bundle\" href=\"https:\/\/ca.goodseed.com\/the-ambassador-series-bundle\/\">The Ambassador Series Bundle<\/a>.<\/p>","protected":false},"excerpt":{"rendered":"<p>Bemerken Sie einen Wandel in unserer Kultur und wissen nicht, wie Sie das Evangelium mit dieser neuen Generation teilen k\u00f6nnen? Sie m\u00f6chten die Bibel lehren, aber wo sollen Sie anfangen, wenn die Menschen nicht einmal verstehen, wer Gott ist? Vielleicht haben Sie einen Wandel in der christlichen Kirche beobachtet, da die Postmoderne unser Denken zu [&hellip;]<\/p>\n","protected":false},"featured_media":970,"comment_status":"closed","ping_status":"closed","template":"","meta":{"_acf_changed":false,"_glsr_average":0,"_glsr_ranking":0,"_glsr_reviews":0},"product_brand":[],"product_cat":[23,76],"product_tag":[53],"giftcard-category":[],"class_list":{"0":"post-969","1":"product","2":"type-product","3":"status-publish","4":"has-post-thumbnail","6":"product_cat-andere-materialien","7":"product_cat-englisch","8":"product_tag-english","10":"first","11":"instock","12":"taxable","13":"shipping-taxable","14":"purchasable","15":"product-type-simple"},"acf":[],"_links":{"self":[{"href":"https:\/\/eu.goodseed.com\/fr\/wp-json\/wp\/v2\/product\/969","targetHints":{"allow":["GET"]}}],"collection":[{"href":"https:\/\/eu.goodseed.com\/fr\/wp-json\/wp\/v2\/product"}],"about":[{"href":"https:\/\/eu.goodseed.com\/fr\/wp-json\/wp\/v2\/types\/product"}],"replies":[{"embeddable":true,"href":"https:\/\/eu.goodseed.com\/fr\/wp-json\/wp\/v2\/comments?post=969"}],"wp:featuredmedia":[{"embeddable":true,"href":"https:\/\/eu.goodseed.com\/fr\/wp-json\/wp\/v2\/media\/970"}],"wp:attachment":[{"href":"https:\/\/eu.goodseed.com\/fr\/wp-json\/wp\/v2\/media?parent=969"}],"wp:term":[{"taxonomy":"product_brand","embeddable":true,"href":"https:\/\/eu.goodseed.com\/fr\/wp-json\/wp\/v2\/product_brand?post=969"},{"taxonomy":"product_cat","embeddable":true,"href":"https:\/\/eu.goodseed.com\/fr\/wp-json\/wp\/v2\/product_cat?post=969"},{"taxonomy":"product_tag","embeddable":true,"href":"https:\/\/eu.goodseed.com\/fr\/wp-json\/wp\/v2\/product_tag?post=969"},{"taxonomy":"giftcard-category","embeddable":true,"href":"https:\/\/eu.goodseed.com\/fr\/wp-json\/wp\/v2\/giftcard-category?post=969"}],"curies":[{"name":"wp","href":"https:\/\/api.w.org\/{rel}","templated":true}]}}