{"id":924,"date":"2025-05-02T01:50:29","date_gmt":"2025-05-02T01:50:29","guid":{"rendered":"https:\/\/eu.goodseed.com\/?post_type=product&#038;p=924"},"modified":"2025-12-05T01:19:10","modified_gmt":"2025-12-05T01:19:10","slug":"the-stranger-on-the-road-to-emmaus-companion-workbook-traditional-chinese-2","status":"publish","type":"product","link":"https:\/\/eu.goodseed.com\/fr\/product\/the-stranger-on-the-road-to-emmaus-companion-workbook-traditional-chinese-2\/","title":{"rendered":"L'\u00e9tranger sur le chemin d'Emma\u00fcs - Cahier d'exercices d'accompagnement (chinois traditionnel)"},"content":{"rendered":"<p>Dieses Arbeitsbuch f\u00fcr traditionelles Chinesisch ist ein unverzichtbares Begleitbuch zur traditionellen chinesischen Ausgabe von &#8222;<a title=\"Der Fremde auf dem Weg nach Emmaus (traditionelles Chinesisch)\" href=\"https:\/\/ca.goodseed.com\/the-stranger-on-the-road-to-emmaus-traditional-chinese\/\">L'\u00e9tranger sur le chemin d'Emma\u00fcs<\/a>.&#8220; Es bietet eine einfache M\u00f6glichkeit, den Lernstoff zu wiederholen, der gerade studiert wird. Wenn Ihren Sch\u00fclern etwas nicht klar ist, werden Sie es mit Hilfe des Arbeitsbuchs herausfinden. Jedes Kapitel korrespondiert mit den Kapiteln in &#8222;Der Fremde&#8220; und stellt Fragen, die darauf abzielen, die wichtigsten Punkte zu festigen, und bietet zus\u00e4tzliche Aufgaben, um die Sch\u00fcler in die Bibel selbst zu bringen.<\/p>\n<p>Zu den Frageformaten geh\u00f6ren Multiple-Choice-Fragen, L\u00fcckentexte und Kreuzwortr\u00e4tsel, deren Antworten auf der R\u00fcckseite des Arbeitsbuchs zu finden sind.<\/p>\n<p>Dies ist ein ideales Hilfsmittel f\u00fcr Bibelstudien in der Gemeinde oder zu Hause, f\u00fcr die Sonntagsschule oder f\u00fcr Bibelfreizeiten.<\/p>\n<p>&nbsp;<\/p>\n<p>Anzahl der Seiten:109<br \/>\nISBN: 9780986949647<\/p>","protected":false},"excerpt":{"rendered":"<p>Dieses Arbeitsbuch f\u00fcr traditionelles Chinesisch ist ein unverzichtbares Begleitbuch zur traditionellen chinesischen Ausgabe von &#8222;Der Fremde auf dem Weg nach Emmaus.&#8220; Es bietet eine einfache M\u00f6glichkeit, den Lernstoff zu wiederholen, der gerade studiert wird. Wenn Ihren Sch\u00fclern etwas nicht klar ist, werden Sie es mit Hilfe des Arbeitsbuchs herausfinden. Jedes Kapitel korrespondiert mit den Kapiteln [&hellip;]<\/p>\n","protected":false},"featured_media":925,"comment_status":"closed","ping_status":"closed","template":"","meta":{"_acf_changed":false,"_glsr_average":0,"_glsr_ranking":0,"_glsr_reviews":0},"product_brand":[108],"product_cat":[80,18],"product_tag":[55],"giftcard-category":[],"class_list":{"0":"post-924","1":"product","2":"type-product","3":"status-publish","4":"has-post-thumbnail","6":"product_brand-der-fremde-auf-dem-weg-nach-emmaus","7":"product_cat-chinesisch","8":"product_cat-evangelisation_nachfolge","9":"product_tag-chinese","11":"first","12":"instock","13":"taxable","14":"shipping-taxable","15":"purchasable","16":"product-type-simple"},"acf":[],"_links":{"self":[{"href":"https:\/\/eu.goodseed.com\/fr\/wp-json\/wp\/v2\/product\/924","targetHints":{"allow":["GET"]}}],"collection":[{"href":"https:\/\/eu.goodseed.com\/fr\/wp-json\/wp\/v2\/product"}],"about":[{"href":"https:\/\/eu.goodseed.com\/fr\/wp-json\/wp\/v2\/types\/product"}],"replies":[{"embeddable":true,"href":"https:\/\/eu.goodseed.com\/fr\/wp-json\/wp\/v2\/comments?post=924"}],"wp:featuredmedia":[{"embeddable":true,"href":"https:\/\/eu.goodseed.com\/fr\/wp-json\/wp\/v2\/media\/925"}],"wp:attachment":[{"href":"https:\/\/eu.goodseed.com\/fr\/wp-json\/wp\/v2\/media?parent=924"}],"wp:term":[{"taxonomy":"product_brand","embeddable":true,"href":"https:\/\/eu.goodseed.com\/fr\/wp-json\/wp\/v2\/product_brand?post=924"},{"taxonomy":"product_cat","embeddable":true,"href":"https:\/\/eu.goodseed.com\/fr\/wp-json\/wp\/v2\/product_cat?post=924"},{"taxonomy":"product_tag","embeddable":true,"href":"https:\/\/eu.goodseed.com\/fr\/wp-json\/wp\/v2\/product_tag?post=924"},{"taxonomy":"giftcard-category","embeddable":true,"href":"https:\/\/eu.goodseed.com\/fr\/wp-json\/wp\/v2\/giftcard-category?post=924"}],"curies":[{"name":"wp","href":"https:\/\/api.w.org\/{rel}","templated":true}]}}