{"id":858,"date":"2025-04-29T07:38:05","date_gmt":"2025-04-29T07:38:05","guid":{"rendered":"https:\/\/eu.goodseed.com\/?post_type=product&#038;p=858"},"modified":"2025-12-05T01:19:23","modified_gmt":"2025-12-05T01:19:23","slug":"all-that-the-prophets-have-spoken-english","status":"publish","type":"product","link":"https:\/\/eu.goodseed.com\/fr\/product\/all-that-the-prophets-have-spoken-english\/","title":{"rendered":"Tout ce que les proph\u00e8tes ont dit (anglais)"},"content":{"rendered":"<blockquote>\n<ul>\n<li><strong>Acheter 4 - 11 <\/strong>et obtenez <strong>20% R\u00e9duction<\/strong><\/li>\n<li><strong>Acheter 12 - 23 <\/strong>et obtenez <strong>30% R\u00e9duction<\/strong><\/li>\n<li><strong>Acheter 24 ou plus <\/strong>et obtenez <strong>40% R\u00e9duction<\/strong><\/li>\n<\/ul>\n<\/blockquote>\n<p>Mit der zunehmenden Verbreitung des Islams treffen Sie mehr Muslime. Aber wie k\u00f6nnen Sie ihnen die zentrale Botschaft der Heiligen Schrift vermitteln? Wo soll man anfangen? Wie kann man \u00fcberhaupt anfangen?<\/p>\n<p>In ihrem heiligen Buch, dem Koran, wird den Muslimen gesagt, dass sie an die Thora des Mose, die Psalmen Davids und das Evangelium von Jesus glauben sollen. Und wenn Sie jemals mit ihnen \u00fcber die Heilige Schrift gesprochen haben, haben sie Ihnen vielleicht gesagt, dass sie &#8222;allen Propheten glauben&#8220;.<\/p>\n<p>Bien que de nombreuses histoires de l'Ancien Testament soient \u00e9galement mentionn\u00e9es dans le Coran, et que tous deux parlent des m\u00eames proph\u00e8tes, il existe des diff\u00e9rences consid\u00e9rables dans leur interpr\u00e9tation et leur compr\u00e9hension. Mais comment combler ces diff\u00e9rences pour transmettre le message de la Bible d'une mani\u00e8re qu'ils puissent comprendre ?<\/p>\n<p><em>All that the Prophets have Spoken<\/em> takes a look at the Word of God from the perspective of a Muslim reader, all without referral to Islam or the Quran. With an awareness of what Muslims believe about key prophets, this book examines what the Scripture has to say about these men and connects them with the core message of the Bible. Keeping in mind the Islamic perspective, the book builds on this understanding and addresses questions Muslims might have, so that by the end, they will have a clear understanding of the God of the Bible.<\/p>\n<p><a title=\"Sample chapters of the book\" href=\"http:\/\/www.goodseed.com\/pdfs\/samples\/sample-atp-eng-039001.pdf\" target=\"_blank\" rel=\"noopener\"><strong>Read sample chapters<\/strong><\/a><\/p>\n<p>This edition includes 98 online video clips. You can watch these video clips on your mobile device or web browser. Use the QR codes and URLs to access them. (<a href=\"http:\/\/goodseed.com\/atp\" target=\"_blank\" rel=\"noopener\">See the videos online<\/a>.) An optional DVD with these clips is also available for separate purchase. To purchase, go to <a href=\"https:\/\/ca.goodseed.com\/add-on-dvd-for-all-that-the-prophets-have-spoken\/\" target=\"_blank\" rel=\"noopener\">Add-On DVD for All that the Prophets Have Spoken<\/a>.<\/p>\n<p>&nbsp;<\/p>\n<p><strong>Caract\u00e9ristiques<\/strong><\/p>\n<ul>\n<li><strong>\u00c9crit pour les adultes et les jeunes :<\/strong> Compris par les enfants \u00e0 partir de dix ans, mais \u00e9crit pour les jeunes et les adultes.<\/li>\n<li><strong>Hypoth\u00e8ses :<\/strong> Part du principe que lorsque les lecteurs pensent \u00e0 Dieu, ils ne pensent qu'\u00e0 un seul Dieu, et que Dieu est une personne, pas une force. Aucune autre connaissance biblique n'est requise.<\/li>\n<li><strong>Vision musulmane du monde :<\/strong> Explique le message de la Bible d'une mani\u00e8re que les personnes issues d'un contexte culturel islamique (mais pas n\u00e9cessairement les musulmans par conviction) peuvent comprendre, sans m\u00e9langer les visions du monde islamique et biblique.<\/li>\n<li><strong>Chronologiquement :<\/strong> Commence par la cr\u00e9ation de l'univers, puis passe successivement aux histoires cl\u00e9s de l'Ancien Testament et au Nouveau Testament pour montrer l'importance de la croix et du tombeau. L'histoire principale de la Bible est rassembl\u00e9e en un drame universel et englobant. Il suit la m\u00eame trame que \u201eL'\u00e9tranger sur le chemin d'Emma\u00fcs\u201c, mais en diff\u00e8re de 25 %. La diff\u00e9rence est significative.<\/li>\n<li><strong>Bas\u00e9 sur l'\u00e9vangile de Jean :<\/strong> Utilise l'\u00e9vangile de Jean comme mod\u00e8le ; en m\u00eame temps, il fournit les histoires d'arri\u00e8re-plan n\u00e9cessaires pour donner un contexte \u00e0 l'\u00e9vangile. On part du principe que le lecteur ne sait que tr\u00e8s peu de choses, voire rien du tout, sur la Parole de Dieu.<\/li>\n<li><strong>Objectif :<\/strong> Die Heilige Schrift darf f\u00fcr sich selbst sprechen, wenn sie die gute Nachricht von Jesus Christus pr\u00e4sentiert. Es gibt kein Zureden zum Glauben. Die Botschaft wird objektiv dargelegt; die Entscheidung, ob man glaubt oder nicht, bleibt dem Leser \u00fcberlassen.<\/li>\n<li><strong>Affranchir l'\u00e9criture des traditions religieuses :<\/strong> Der Leser wird in das Wort Gottes eingef\u00fchrt, ohne dass er mit religi\u00f6sen Fallen konfrontiert wird.<\/li>\n<li><strong>Versets bibliques :<\/strong> Racont\u00e9s sous forme d'histoire, 1244 versets bibliques sont entrelac\u00e9s dans le texte. Le lecteur se confronte lui-m\u00eame au texte de la Bible.<\/li>\n<li><strong>Illustr\u00e9 :<\/strong> Plus de 100 dessins, cartes et diagrammes aident \u00e0 expliquer l'histoire.<\/li>\n<li><strong>Con\u00e7u pour \u00eatre offert :<\/strong> Le livre peut \u00eatre transmis comme un trait\u00e9 d'\u00e9vangile. Les lecteurs peuvent ainsi faire l'exp\u00e9rience du message de la Bible par eux-m\u00eames.<\/li>\n<\/ul>\n<p>Seitenzahl: 288<br \/>\nISBN: 9781890082536<\/p>\n<p>\u00c9galement disponible : <a href=\"https:\/\/ca.goodseed.com\/all-that-the-prophets-have-spoken-english-ebook\/\">\u00c9dition eBook<\/a><\/p>","protected":false},"excerpt":{"rendered":"<div class=\"productView-info-bulkPricing\">\n<p>Bulk Pricing: Below are the available bulk discount rates for each individual item when you purchase a certain amount<\/p>\n<ul>\n<li>Buy 3 &#8211; 11 and get 20% off<\/li>\n<li>Buy 12 &#8211; 23 and get 30% off<\/li>\n<li>Achetez 24 ou plus et obtenez 40% off<\/li>\n<\/ul>\n<\/div>\n<div class=\"productView-specs\">\n<div><\/div>\n<\/div>","protected":false},"featured_media":859,"comment_status":"closed","ping_status":"closed","template":"","meta":{"_acf_changed":false,"_glsr_average":0,"_glsr_ranking":0,"_glsr_reviews":0},"product_brand":[111],"product_cat":[76,18,49,17],"product_tag":[53],"giftcard-category":[],"class_list":{"0":"post-858","1":"product","2":"type-product","3":"status-publish","4":"has-post-thumbnail","6":"product_brand-alles-was-die-propheten-verheissen-haben","7":"product_cat-englisch","8":"product_cat-evangelisation_nachfolge","9":"product_cat-islamische-weltanschauung","10":"product_cat-new-release","11":"product_tag-english","13":"first","14":"instock","15":"taxable","16":"shipping-taxable","17":"purchasable","18":"product-type-simple"},"acf":[],"_links":{"self":[{"href":"https:\/\/eu.goodseed.com\/fr\/wp-json\/wp\/v2\/product\/858","targetHints":{"allow":["GET"]}}],"collection":[{"href":"https:\/\/eu.goodseed.com\/fr\/wp-json\/wp\/v2\/product"}],"about":[{"href":"https:\/\/eu.goodseed.com\/fr\/wp-json\/wp\/v2\/types\/product"}],"replies":[{"embeddable":true,"href":"https:\/\/eu.goodseed.com\/fr\/wp-json\/wp\/v2\/comments?post=858"}],"wp:featuredmedia":[{"embeddable":true,"href":"https:\/\/eu.goodseed.com\/fr\/wp-json\/wp\/v2\/media\/859"}],"wp:attachment":[{"href":"https:\/\/eu.goodseed.com\/fr\/wp-json\/wp\/v2\/media?parent=858"}],"wp:term":[{"taxonomy":"product_brand","embeddable":true,"href":"https:\/\/eu.goodseed.com\/fr\/wp-json\/wp\/v2\/product_brand?post=858"},{"taxonomy":"product_cat","embeddable":true,"href":"https:\/\/eu.goodseed.com\/fr\/wp-json\/wp\/v2\/product_cat?post=858"},{"taxonomy":"product_tag","embeddable":true,"href":"https:\/\/eu.goodseed.com\/fr\/wp-json\/wp\/v2\/product_tag?post=858"},{"taxonomy":"giftcard-category","embeddable":true,"href":"https:\/\/eu.goodseed.com\/fr\/wp-json\/wp\/v2\/giftcard-category?post=858"}],"curies":[{"name":"wp","href":"https:\/\/api.w.org\/{rel}","templated":true}]}}