{"id":856,"date":"2025-04-29T07:32:29","date_gmt":"2025-04-29T07:32:29","guid":{"rendered":"https:\/\/eu.goodseed.com\/?post_type=product&#038;p=856"},"modified":"2025-12-05T01:19:32","modified_gmt":"2025-12-05T01:19:32","slug":"by-this-name-companion-workbook-english","status":"publish","type":"product","link":"https:\/\/eu.goodseed.com\/fr\/product\/by-this-name-companion-workbook-english\/","title":{"rendered":"By This Name - Companion Workbook (anglais)"},"content":{"rendered":"<p>Dieses Arbeitsbuch ist eine unverzichtbare Erg\u00e4nzung zu &#8222;<a title=\"Par ce nom\" href=\"https:\/\/ca.goodseed.com\/by-this-name-english\/\">By This Name.<\/a>&#8222;. Es bietet eine einfache M\u00f6glichkeit, den Lernstoff zu wiederholen, der gerade behandelt wird. Wenn Ihrem Sch\u00fcler etwas nicht klar ist, werden Sie es mit Hilfe des Arbeitsbuchs herausfinden. Jedes Kapitel korrespondiert mit den Kapiteln in &#8222;By This Name&#8220; und stellt Fragen, die darauf abzielen, die wichtigsten Punkte zu festigen, sowie zus\u00e4tzliche Aufgaben, die den Sch\u00fcler in die Bibel selbst einf\u00fchren.<\/p>\n<p>Einige der Fragen sind Multiple-Choice-Fragen, L\u00fcckentexte und Kreuzwortr\u00e4tsel, deren Antworten auf der R\u00fcckseite des Arbeitsbuchs zu finden sind.<\/p>\n<p>C'est un outil id\u00e9al pour une \u00e9tude biblique \u00e0 la maison, pour l'\u00e9cole du dimanche ou un camp biblique.<\/p>\n<p>Seitenzahl: 80<br \/>\nISBN: 9781890082123<\/p>","protected":false},"excerpt":{"rendered":"<p>Dieses Arbeitsbuch ist eine unverzichtbare Erg\u00e4nzung zu &#8222;By This Name.&#8222;. Es bietet eine einfache M\u00f6glichkeit, den Lernstoff zu wiederholen, der gerade behandelt wird. Wenn Ihrem Sch\u00fcler etwas nicht klar ist, werden Sie es mit Hilfe des Arbeitsbuchs herausfinden. Jedes Kapitel korrespondiert mit den Kapiteln in &#8222;By This Name&#8220; und stellt Fragen, die darauf abzielen, die [&hellip;]<\/p>\n","protected":false},"featured_media":857,"comment_status":"closed","ping_status":"closed","template":"","meta":{"_acf_changed":false,"_glsr_average":0,"_glsr_ranking":0,"_glsr_reviews":0},"product_brand":[111],"product_cat":[76,18,50,17],"product_tag":[53],"giftcard-category":[],"class_list":{"0":"post-856","1":"product","2":"type-product","3":"status-publish","4":"has-post-thumbnail","6":"product_brand-alles-was-die-propheten-verheissen-haben","7":"product_cat-englisch","8":"product_cat-evangelisation_nachfolge","9":"product_cat-fernostliche-weltanschauung","10":"product_cat-new-release","11":"product_tag-english","13":"first","14":"instock","15":"taxable","16":"shipping-taxable","17":"purchasable","18":"product-type-simple"},"acf":[],"_links":{"self":[{"href":"https:\/\/eu.goodseed.com\/fr\/wp-json\/wp\/v2\/product\/856","targetHints":{"allow":["GET"]}}],"collection":[{"href":"https:\/\/eu.goodseed.com\/fr\/wp-json\/wp\/v2\/product"}],"about":[{"href":"https:\/\/eu.goodseed.com\/fr\/wp-json\/wp\/v2\/types\/product"}],"replies":[{"embeddable":true,"href":"https:\/\/eu.goodseed.com\/fr\/wp-json\/wp\/v2\/comments?post=856"}],"wp:featuredmedia":[{"embeddable":true,"href":"https:\/\/eu.goodseed.com\/fr\/wp-json\/wp\/v2\/media\/857"}],"wp:attachment":[{"href":"https:\/\/eu.goodseed.com\/fr\/wp-json\/wp\/v2\/media?parent=856"}],"wp:term":[{"taxonomy":"product_brand","embeddable":true,"href":"https:\/\/eu.goodseed.com\/fr\/wp-json\/wp\/v2\/product_brand?post=856"},{"taxonomy":"product_cat","embeddable":true,"href":"https:\/\/eu.goodseed.com\/fr\/wp-json\/wp\/v2\/product_cat?post=856"},{"taxonomy":"product_tag","embeddable":true,"href":"https:\/\/eu.goodseed.com\/fr\/wp-json\/wp\/v2\/product_tag?post=856"},{"taxonomy":"giftcard-category","embeddable":true,"href":"https:\/\/eu.goodseed.com\/fr\/wp-json\/wp\/v2\/giftcard-category?post=856"}],"curies":[{"name":"wp","href":"https:\/\/api.w.org\/{rel}","templated":true}]}}