{"id":854,"date":"2025-04-29T07:25:45","date_gmt":"2025-04-29T07:25:45","guid":{"rendered":"https:\/\/eu.goodseed.com\/?post_type=product&#038;p=854"},"modified":"2025-12-05T01:19:41","modified_gmt":"2025-12-05T01:19:41","slug":"by-this-name-leaders-guide-english","status":"publish","type":"product","link":"https:\/\/eu.goodseed.com\/fr\/product\/by-this-name-leaders-guide-english\/","title":{"rendered":"By This Name Guide for Leaders (en anglais)"},"content":{"rendered":"<p>W\u00e4hrend die <a href=\"https:\/\/ca.goodseed.com\/worldview-rethink-curriculum-box-english\/\">Leader&#8217;s Curriculum Box<\/a> (die einen Leitfaden f\u00fcr Kursleiter, Kursb\u00fccher und Arbeitsb\u00fccher sowie DVDs und eine Ressourcen-CD enth\u00e4lt) das beste Angebot f\u00fcr den Einstieg in Ihren eigenen Worldview Rethink-Kurs ist, m\u00f6chten einige vielleicht ein zus\u00e4tzliches Exemplar des Leitfadens kaufen, wenn sie im Team unterrichten.<\/p>\n<p>In der heutigen Welt machen sich viele ihre eigene Art von Spiritualit\u00e4t zu eigen und machen Gott zu dem, was sie wollen. Andere halten Gott f\u00fcr eine unpers\u00f6nliche Kraft. <em>Par ce nom <\/em>verwendet eine selten verwendete, aber solide biblische Methode, um den Gott der Bibel von anderen Formen der Spiritualit\u00e4t abzugrenzen und dabei zwei Fragen zu beantworten: \u201eWer ist Jesus?\u201c und \u201eWas hat es mit dem Kreuz und dem Grab auf sich?\u201c Sie begr\u00fcndet die Autorit\u00e4t der Heiligen Schrift und vergleicht die biblische Weltanschauung behutsam mit anderen Weltanschauungen in einer objektiven, nicht aufdringlichen Weise.<\/p>\n<p><em>Le manuel du responsable <\/em>ist ideal f\u00fcr jeden Gl\u00e4ubigen, der jemanden durch einen sch\u00f6pfungsgem\u00e4\u00dfen Zugang zum Evangelium lehren m\u00f6chte. Er gibt einen soliden \u00dcberblick \u00fcber die Hauptbotschaft der Bibel. Es verkn\u00fcpft Schl\u00fcsselgeschichten aus dem Alten und Neuen Testament, um die Identit\u00e4t Gottes und das Wesen der S\u00fcnde zu offenbaren und dabei zwei Fragen zu beantworten: \u201eWer ist Jesus?\u201c und \u201eWas hat es mit der Geschichte vom Kreuz und dem Grab auf sich?\u201c Sie hilft dem Menschen, die Hauptbotschaft der Bibel klar zu verstehen.<\/p>\n<p>&nbsp;<\/p>\n<p><strong>Caract\u00e9ristiques :<\/strong><\/p>\n<ul>\n<li>Enth\u00e4lt den vollst\u00e4ndigen Text des Kursbuchs, Einzelheiten dar\u00fcber, wie man allein oder mit einem Co-Leiter unterrichtet, wie man die Videos und visuellen Hilfsmittel einsetzt, und einen Abschnitt mit Anmerkungen f\u00fcr den Leiter, der tiefer gehende Informationen enth\u00e4lt.<\/li>\n<li><strong>Zum Lieferumfang geh\u00f6rt die interaktive DVD<\/strong> mit 66 Videoclips von insgesamt 2 Stunden und 40 Minuten. Diese Clips k\u00f6nnen w\u00e4hrend der Kurssitzungen gezeigt werden.<\/li>\n<li><strong>Optional:<\/strong> Sie k\u00f6nnen das Handbuch f\u00fcr Leiter auch mit den zus\u00e4tzlichen vier Schulungs- und Ressourcen-Discs erwerben.<\/li>\n<\/ul>\n<p>Dieses Handbuch f\u00fcr Leiter ist Bestandteil der <a href=\"https:\/\/ca.goodseed.com\/worldview-rethink-curriculum-box-english\/\">Worldview Rethink Curriculum Box<\/a>. Es kann allein oder zusammen mit einem der Worldview Rethink-Ressourcen verwendet werden.<\/p>\n<p>&nbsp;<\/p>\n<p><strong>Optional Training DVDs:<\/strong><\/p>\n<ol>\n<li>&#8222;Was&#8220;: Was ist Worldview Rethink?<\/li>\n<li>&#8222;Warum&#8220;: Die Einzigartigkeit von Worldview Rethink und was es zum Leib Christi beitragen kann<\/li>\n<li>&#8222;How&#8220;: Ein &#8222;How-to&#8220;-Video zur Leitung des Kurses.<\/li>\n<li>Resourcen-CD: Zus\u00e4tzliche ausdruckbare visuelle Hilfen und Druckvorlagen f\u00fcr den Unterricht des Kurses \u201eWeltanschauung \u00fcberdenken\u201c sowie Banner, Flyer, Poster &#8211; alles, was Sie brauchen, um den Kurs bekannt zu machen.<\/li>\n<\/ol>\n<p><a href=\"http:\/\/goodseed.com\/pdfs\/btn-leaders-guide-sample.pdf\" target=\"_blank\" rel=\"noopener\">Laden Sie Musterseiten des Leitfadens herunter.<\/a><\/p>\n<p>&nbsp;<\/p>\n<p><strong> <\/strong><\/p>\n<p><strong>Zus\u00e4tzliche Ressourcen:<\/strong><\/p>\n<p><a href=\"https:\/\/ca.goodseed.com\/the-stranger-on-the-road-to-emmaus-leaders-guide-english\/\"><em>L'\u00e9tranger sur le chemin d'Emma\u00fcs <\/em>Leitfaden f\u00fcr F\u00fchrungskr\u00e4fte.<\/a>\u00a0Es ist ideal f\u00fcr jeden Gl\u00e4ubigen, der jemanden mit einem christlichen Hintergrund unterrichten m\u00f6chte, egal ob katholisch, protestantisch oder orthodox. Es setzt voraus, dass die Leser ein Konzept von einem einzigen Gott haben, der eine Person und keine Kraft ist.<\/p>\n<p><a href=\"https:\/\/ca.goodseed.com\/all-that-the-prophets-have-spoken-leaders-guide-english\/\"><em>Tout ce que les proph\u00e8tes ont dit<\/em> Leitfaden f\u00fcr Leiter<\/a> Dies ist ideal f\u00fcr jeden Gl\u00e4ubigen, der jemanden mit einer islamischen Weltanschauung durch einen sch\u00f6pfungsgem\u00e4\u00dfen Zugang zum Evangelium lehren m\u00f6chte. Es betrachtet das Wort Gottes aus der Perspektive eines muslimischen Lesers, ohne sich auf den Islam oder den Koran zu beziehen.<\/p>","protected":false},"excerpt":{"rendered":"<div class=\"productView-product\">\n<div class=\"productView-specs\">\n<div><\/div>\n<\/div>\n<\/div>\n<div class=\"productView-options\">\n<form class=\"form\" action=\"https:\/\/ca.goodseed.com\/cart.php\" enctype=\"multipart\/form-data\" method=\"post\" data-cart-item-add=\"\">\n<div class=\"productView-options-wrap\" data-product-option-change=\"\">\n<div class=\"productView-options-inner\">\n<div class=\"form-field\" role=\"radiogroup\" data-product-attribute=\"set-rectangle\" aria-labelledby=\"rectangle-group-label\">\n<p><label id=\"rectangle-group-label\" class=\"form-label form-label--alternate form-label--inlineSmall\">Leader&#8217;s Guide and Training DVDs:\u00a0<small class=\"is-required\">(Required)\u00a0<\/small><\/label><\/p>\n<div class=\"form-option-wrapper\"><input id=\"attribute_rectangle__293_212\" class=\"form-radio\" name=\"attribute[293]\" required=\"\" type=\"radio\" value=\"212\" data-state=\"false\" \/><label class=\"form-option\" for=\"attribute_rectangle__293_212\" data-product-attribute-value=\"212\"><span class=\"form-option-variant\">Leader&#8217;s Guide Only<\/span><\/label><\/div>\n<div class=\"form-option-wrapper\"><input id=\"attribute_rectangle__293_213\" class=\"form-radio\" name=\"attribute[293]\" required=\"\" type=\"radio\" value=\"213\" data-state=\"false\" \/><label class=\"form-option\" for=\"attribute_rectangle__293_213\" data-product-attribute-value=\"213\"><span class=\"form-option-variant\">Leader&#8217;s Guide with training DVDs<\/span><\/label><\/div>\n<\/div>\n<\/div>\n<\/div>\n<\/form>\n<\/div>\n","protected":false},"featured_media":855,"comment_status":"closed","ping_status":"closed","template":"","meta":{"_acf_changed":false,"_glsr_average":0,"_glsr_ranking":0,"_glsr_reviews":0},"product_brand":[109],"product_cat":[76,18,50,17],"product_tag":[53],"giftcard-category":[],"class_list":{"0":"post-854","1":"product","2":"type-product","3":"status-publish","4":"has-post-thumbnail","6":"product_brand-der-versprochene-unter-diesem-namen","7":"product_cat-englisch","8":"product_cat-evangelisation_nachfolge","9":"product_cat-fernostliche-weltanschauung","10":"product_cat-new-release","11":"product_tag-english","13":"first","14":"outofstock","15":"taxable","16":"shipping-taxable","17":"purchasable","18":"product-type-variable"},"acf":[],"_links":{"self":[{"href":"https:\/\/eu.goodseed.com\/fr\/wp-json\/wp\/v2\/product\/854","targetHints":{"allow":["GET"]}}],"collection":[{"href":"https:\/\/eu.goodseed.com\/fr\/wp-json\/wp\/v2\/product"}],"about":[{"href":"https:\/\/eu.goodseed.com\/fr\/wp-json\/wp\/v2\/types\/product"}],"replies":[{"embeddable":true,"href":"https:\/\/eu.goodseed.com\/fr\/wp-json\/wp\/v2\/comments?post=854"}],"wp:featuredmedia":[{"embeddable":true,"href":"https:\/\/eu.goodseed.com\/fr\/wp-json\/wp\/v2\/media\/855"}],"wp:attachment":[{"href":"https:\/\/eu.goodseed.com\/fr\/wp-json\/wp\/v2\/media?parent=854"}],"wp:term":[{"taxonomy":"product_brand","embeddable":true,"href":"https:\/\/eu.goodseed.com\/fr\/wp-json\/wp\/v2\/product_brand?post=854"},{"taxonomy":"product_cat","embeddable":true,"href":"https:\/\/eu.goodseed.com\/fr\/wp-json\/wp\/v2\/product_cat?post=854"},{"taxonomy":"product_tag","embeddable":true,"href":"https:\/\/eu.goodseed.com\/fr\/wp-json\/wp\/v2\/product_tag?post=854"},{"taxonomy":"giftcard-category","embeddable":true,"href":"https:\/\/eu.goodseed.com\/fr\/wp-json\/wp\/v2\/giftcard-category?post=854"}],"curies":[{"name":"wp","href":"https:\/\/api.w.org\/{rel}","templated":true}]}}