{"id":843,"date":"2025-04-29T07:08:29","date_gmt":"2025-04-29T07:08:29","guid":{"rendered":"https:\/\/eu.goodseed.com\/?post_type=product&#038;p=843"},"modified":"2025-12-05T01:22:35","modified_gmt":"2025-12-05T01:22:35","slug":"no-ordinary-story-leaders-guide-english","status":"publish","type":"product","link":"https:\/\/eu.goodseed.com\/fr\/product\/no-ordinary-story-leaders-guide-english\/","title":{"rendered":"No Ordinary Story - Guide du responsable (anglais)"},"content":{"rendered":"<p><strong>Dieser Leitfaden ist f\u00fcr die<a href=\"https:\/\/ca.goodseed.com\/no-ordinary-story-the-series-family\/\"><em> No Ordinary Story <\/em><\/a>Reihe<\/em><\/strong>.<\/em><\/strong><\/p>\n<p id=\"u129522-13\">&#8222;No Ordinary Story&#8220; ist eine achtteilige Buchreihe von John R. Cross, die den Leser durch die Bibel von der Sch\u00f6pfung bis zu Christus f\u00fchrt und die s\u00e4kulare Weltsicht mit der kompromisslosen Botschaft des Evangeliums anspricht. Ob Gen Z, Millennial oder Baby Boomer, die kurzen Kapitel und das kleine Format dieser Reihe machen es denen leicht, die lieber in kleinen H\u00e4ppchen lernen.<\/p>\n<p id=\"u129550-3\"><strong><span id=\"u129550\">Hypoth\u00e8ses : <\/span><\/strong>Setzt voraus, dass der Leser wenig oder keine Vorkenntnisse \u00fcber die Bibel hat.<\/p>\n<p id=\"u129550-6\"><strong><span id=\"u129550-4\">Chronologiquement : <\/span><\/strong>Beginnt mit der Erschaffung des Universums und geht dann der Reihe nach durch die Schl\u00fcsselgeschichten des Alten Testaments ins Neue Testament \u00fcber, um die Bedeutung des Kreuzes und des Grabes zu enth\u00fcllen. Die Hauptgeschichte der Bibel wird zu einem universellen, allumfassenden Drama verkn\u00fcpft.<\/p>\n<p id=\"u129550-9\"><strong><span id=\"u129550-7\">Objectif : <\/span><\/strong>Erlaubt der Bibel, f\u00fcr sich selbst zu sprechen, indem sie die gute Nachricht des Herrn Jesus Christus pr\u00e4sentiert. Es wird nicht zum Glauben gedr\u00e4ngt. Die Botschaft wird objektiv pr\u00e4sentiert; die Entscheidung zu glauben oder nicht zu glauben wird dem Leser \u00fcberlassen.<\/p>\n<p id=\"u129550-12\"><strong><span id=\"u129550-10\">Mundgerecht: <\/span><\/strong>Jedes Buch ist 40 Seiten lang und in 10 Kapitel unterteilt. Durch dieses Format bleibt der Inhalt in Bewegung und die Leser k\u00f6nnen schnell zum n\u00e4chsten Heft \u00fcbergehen.<\/p>\n<p id=\"u129550-15\"><strong><span id=\"u129550-13\">Reich illustriert: <\/span><\/strong>Verwendet entweder \u00fcberzeugende und dramatische Strichzeichnungen von Matt Almy oder Grafiken auf jeder Doppelseite.<\/p>\n<p id=\"u129550-18\"><strong><span id=\"u129550-16\">Videos: <\/span><\/strong>Enth\u00e4lt 69 Videosegmente, die die Lehren in den Heften erg\u00e4nzen.<\/p>\n<p id=\"u129550-22\"><span id=\"u129550-19\"><strong>Gestaltet f\u00fcr Kleingruppen:<\/strong> <\/span><span id=\"u129550-21\">Diese Reihe ist in mehrere Hefte aufgeteilt, die sich hervorragend f\u00fcr das Studium in Kleingruppen mit Nichtchristen oder Gl\u00e4ubigen oder f\u00fcr die Sonntagsschule eignen. <\/span><\/p>\n<p id=\"u129550-24\"><strong><span id=\"u129550-23\">Geeignet f\u00fcr Teenager und Erwachsene<\/span><\/strong><\/p>\n<p>&nbsp;<\/p>\n<p><strong>Caract\u00e9ristiques :<\/strong><\/p>\n<ul>\n<li>Enth\u00e4lt den vollst\u00e4ndigen Text des Kursbuchs, Einzelheiten dazu, wie man allein oder mit einem Co-Leiter unterrichtet, wie man die Videos und visuellen Hilfsmittel verwendet, und einen Abschnitt mit Anmerkungen f\u00fcr den Leiter, der tiefer gehende Informationen enth\u00e4lt. <\/li>\n<li><strong>Optional:<\/strong> Sie k\u00f6nnen das Leiterhandbuch auch mit den zus\u00e4tzlichen vier Schulungs- und Ressourcen-Discs erwerben.<\/li>\n<\/ul>\n<p>Dieses Leiterhandbuch ist Bestandteil der <a href=\"https:\/\/ca.goodseed.com\/worldview-rethink-curriculum-box-english\/\">Worldview Rethink Lehrplanbox<\/a>. Es kann allein oder zusammen mit einem der Worldview Rethink-Ressourcen verwendet werden.<\/p>\n<p>Anzahl der Seiten:<br \/>\nISBN:<\/p>\n<p>&nbsp;<\/p>\n<p><strong>Optional Training DVDs:<\/strong><\/p>\n<ol>\n<li>&#8222;Was&#8220;: Was ist Worldview Rethink?<\/li>\n<li>&#8222;Warum&#8220;: Die Einzigartigkeit von Worldview Rethink und was es zum Leib Christi beitragen kann<\/li>\n<li>&#8222;How&#8220;: Ein &#8222;How-to&#8220;-Video zur Leitung des Kurses.<\/li>\n<li>Resourcen-CD: Zus\u00e4tzliche ausdruckbare visuelle Hilfen und Druckvorlagen f\u00fcr den Unterricht des Kurses \u201eWeltanschauung \u00fcberdenken\u201c sowie Banner, Flyer, Poster &#8211; alles, was Sie brauchen, um den Kurs bekannt zu machen.<\/li>\n<\/ol>\n<p>&nbsp;<\/p>\n<p><strong>Verwandte Ressourcen:<\/strong><\/p>\n<p><strong><a href=\"https:\/\/ca.goodseed.com\/the-stranger-on-the-road-to-emmaus-leaders-guide-english\/\"><em>L'\u00e9tranger sur le chemin d'Emma\u00fcs <\/em>Leitfaden f\u00fcr Leiter.<\/a>\u00a0<\/strong>Es ist ideal f\u00fcr jeden Gl\u00e4ubigen, der jemanden mit einem christlichen Hintergrund unterrichten m\u00f6chte, egal ob katholisch, protestantisch oder orthodox. Es setzt voraus, dass die Leser ein Konzept von einem einzigen Gott haben, der eine Person und keine Kraft ist.<\/p>\n<p><strong><a href=\"https:\/\/ca.goodseed.com\/by-this-name-leaders-guide-english\/\"><em>Par ce nom<\/em> Leader&#8217;s Guide.<\/a> <\/strong>This is the premier leader&#8217;s guide. Es erkl\u00e4rt klar die biblische Weltanschauung und verwendet eine solide biblische Methode, um den Gott der Bibel von anderen Formen der Spiritualit\u00e4t zu unterscheiden.<\/p>\n<p><strong><a href=\"https:\/\/ca.goodseed.com\/all-that-the-prophets-have-spoken-leaders-guide-english\/\"><em>Alles, was die Propheten geredet haben<\/em> Guide pour les cadres<\/a><\/strong>. Es ist ideal f\u00fcr jeden Gl\u00e4ubigen, der jemanden mit einer islamischen Weltanschauung durch einen sch\u00f6pfungsgem\u00e4\u00dfen Zugang zum Evangelium unterrichten m\u00f6chte. Es betrachtet das Wort Gottes aus der Perspektive eines muslimischen Lesers, ohne Bezug auf den Islam oder den Koran.<\/p>","protected":false},"excerpt":{"rendered":"<p>Dieser Leitfaden ist f\u00fcr die No Ordinary Story Reihe. &#8222;No Ordinary Story&#8220; ist eine achtteilige Buchreihe von John R. Cross, die den Leser durch die Bibel von der Sch\u00f6pfung bis zu Christus f\u00fchrt und die s\u00e4kulare Weltsicht mit der kompromisslosen Botschaft des Evangeliums anspricht. Ob Gen Z, Millennial oder Baby Boomer, die kurzen Kapitel und [&hellip;]<\/p>\n","protected":false},"featured_media":845,"comment_status":"closed","ping_status":"closed","template":"","meta":{"_acf_changed":false,"_glsr_average":0,"_glsr_ranking":0,"_glsr_reviews":0},"product_brand":[112],"product_cat":[76,18,17,51],"product_tag":[53],"giftcard-category":[],"class_list":{"0":"post-843","1":"product","2":"type-product","3":"status-publish","4":"has-post-thumbnail","6":"product_brand-keine-gewoehnliche-geschichte","7":"product_cat-englisch","8":"product_cat-evangelisation_nachfolge","9":"product_cat-new-release","10":"product_cat-sekulare-weltanschauung","11":"product_tag-english","13":"first","14":"instock","15":"taxable","16":"shipping-taxable","17":"purchasable","18":"product-type-simple"},"acf":[],"_links":{"self":[{"href":"https:\/\/eu.goodseed.com\/fr\/wp-json\/wp\/v2\/product\/843","targetHints":{"allow":["GET"]}}],"collection":[{"href":"https:\/\/eu.goodseed.com\/fr\/wp-json\/wp\/v2\/product"}],"about":[{"href":"https:\/\/eu.goodseed.com\/fr\/wp-json\/wp\/v2\/types\/product"}],"replies":[{"embeddable":true,"href":"https:\/\/eu.goodseed.com\/fr\/wp-json\/wp\/v2\/comments?post=843"}],"wp:featuredmedia":[{"embeddable":true,"href":"https:\/\/eu.goodseed.com\/fr\/wp-json\/wp\/v2\/media\/845"}],"wp:attachment":[{"href":"https:\/\/eu.goodseed.com\/fr\/wp-json\/wp\/v2\/media?parent=843"}],"wp:term":[{"taxonomy":"product_brand","embeddable":true,"href":"https:\/\/eu.goodseed.com\/fr\/wp-json\/wp\/v2\/product_brand?post=843"},{"taxonomy":"product_cat","embeddable":true,"href":"https:\/\/eu.goodseed.com\/fr\/wp-json\/wp\/v2\/product_cat?post=843"},{"taxonomy":"product_tag","embeddable":true,"href":"https:\/\/eu.goodseed.com\/fr\/wp-json\/wp\/v2\/product_tag?post=843"},{"taxonomy":"giftcard-category","embeddable":true,"href":"https:\/\/eu.goodseed.com\/fr\/wp-json\/wp\/v2\/giftcard-category?post=843"}],"curies":[{"name":"wp","href":"https:\/\/api.w.org\/{rel}","templated":true}]}}