{"id":840,"date":"2025-04-29T06:58:04","date_gmt":"2025-04-29T06:58:04","guid":{"rendered":"https:\/\/eu.goodseed.com\/?post_type=product&#038;p=840"},"modified":"2025-07-30T22:29:09","modified_gmt":"2025-07-30T22:29:09","slug":"add-on-dvd-for-by-this-name","status":"publish","type":"product","link":"https:\/\/eu.goodseed.com\/fr\/product\/add-on-dvd-for-by-this-name\/","title":{"rendered":"DVD suppl\u00e9mentaire pour By This Name"},"content":{"rendered":"<p><strong>Dies ist kein eigenst\u00e4ndiges Produkt.<\/strong><\/p>\n<p>Diese DVD enth\u00e4lt 66 Videoclips (insgesamt 2 Stunden 40 Minuten) als Erg\u00e4nzung zum Text von <a href=\"https:\/\/ca.goodseed.com\/by-this-name-english\"><em>Par ce nom<\/em><\/a>.<\/p>\n<p>By This Name stellt QR-Codes und Webadressen bereit, die dem Leser den freien Zugriff auf die <a href=\"http:\/\/goodseed.com\/btn\/\" target=\"_blank\" rel=\"noopener\">online videos<\/a>. Wenn Sie jedoch lieber eine DVD haben m\u00f6chten, ist dies die Begleit-DVD zum Buch.<\/p>","protected":false},"excerpt":{"rendered":"<p>Dies ist kein eigenst\u00e4ndiges Produkt. Diese DVD enth\u00e4lt 66 Videoclips (insgesamt 2 Stunden 40 Minuten) als Erg\u00e4nzung zum Text von By This Name. By This Name stellt QR-Codes und Webadressen bereit, die dem Leser den freien Zugriff auf die online videos. Wenn Sie jedoch lieber eine DVD haben m\u00f6chten, ist dies die Begleit-DVD zum Buch.<\/p>","protected":false},"featured_media":841,"comment_status":"closed","ping_status":"closed","template":"","meta":{"_acf_changed":false,"_glsr_average":0,"_glsr_ranking":0,"_glsr_reviews":0},"product_brand":[109],"product_cat":[18,50,17],"product_tag":[],"giftcard-category":[],"class_list":{"0":"post-840","1":"product","2":"type-product","3":"status-publish","4":"has-post-thumbnail","6":"product_brand-der-versprochene-unter-diesem-namen","7":"product_cat-evangelisation_nachfolge","8":"product_cat-fernostliche-weltanschauung","9":"product_cat-new-release","11":"first","12":"instock","13":"taxable","14":"shipping-taxable","15":"purchasable","16":"product-type-simple"},"acf":[],"_links":{"self":[{"href":"https:\/\/eu.goodseed.com\/fr\/wp-json\/wp\/v2\/product\/840","targetHints":{"allow":["GET"]}}],"collection":[{"href":"https:\/\/eu.goodseed.com\/fr\/wp-json\/wp\/v2\/product"}],"about":[{"href":"https:\/\/eu.goodseed.com\/fr\/wp-json\/wp\/v2\/types\/product"}],"replies":[{"embeddable":true,"href":"https:\/\/eu.goodseed.com\/fr\/wp-json\/wp\/v2\/comments?post=840"}],"wp:featuredmedia":[{"embeddable":true,"href":"https:\/\/eu.goodseed.com\/fr\/wp-json\/wp\/v2\/media\/841"}],"wp:attachment":[{"href":"https:\/\/eu.goodseed.com\/fr\/wp-json\/wp\/v2\/media?parent=840"}],"wp:term":[{"taxonomy":"product_brand","embeddable":true,"href":"https:\/\/eu.goodseed.com\/fr\/wp-json\/wp\/v2\/product_brand?post=840"},{"taxonomy":"product_cat","embeddable":true,"href":"https:\/\/eu.goodseed.com\/fr\/wp-json\/wp\/v2\/product_cat?post=840"},{"taxonomy":"product_tag","embeddable":true,"href":"https:\/\/eu.goodseed.com\/fr\/wp-json\/wp\/v2\/product_tag?post=840"},{"taxonomy":"giftcard-category","embeddable":true,"href":"https:\/\/eu.goodseed.com\/fr\/wp-json\/wp\/v2\/giftcard-category?post=840"}],"curies":[{"name":"wp","href":"https:\/\/api.w.org\/{rel}","templated":true}]}}