{"id":836,"date":"2025-04-29T06:43:31","date_gmt":"2025-04-29T06:43:31","guid":{"rendered":"https:\/\/eu.goodseed.com\/?post_type=product&#038;p=836"},"modified":"2025-12-05T01:22:50","modified_gmt":"2025-12-05T01:22:50","slug":"all-that-the-prophets-have-spoken-companion-workbook-english","status":"publish","type":"product","link":"https:\/\/eu.goodseed.com\/fr\/product\/all-that-the-prophets-have-spoken-companion-workbook-english\/","title":{"rendered":"Tout ce que les proph\u00e8tes ont dit Companion Workbook (anglais)"},"content":{"rendered":"<p>Ce cahier d'exercices est un compl\u00e9ment indispensable \u00e0 \"<a title=\"Tout ce que les proph\u00e8tes ont dit\" href=\"https:\/\/ca.goodseed.com\/all-that-the-prophets-have-spoken-english\/\">Tout ce que les proph\u00e8tes ont dit<\/a>\". Il offre un moyen simple de r\u00e9viser la mati\u00e8re en cours d'\u00e9tude. Si quelque chose n'est pas clair pour vos \u00e9l\u00e8ves, vous le d\u00e9couvrirez \u00e0 l'aide du cahier d'exercices. Chaque chapitre correspond aux chapitres de \"Tous les proph\u00e8tes\" et pose des questions visant \u00e0 consolider les points essentiels, ainsi que des exercices suppl\u00e9mentaires qui introduisent l'\u00e9l\u00e8ve dans la Bible elle-m\u00eame.<\/p>\n<p>Certaines questions sont des questions \u00e0 choix multiples, des textes \u00e0 trous et des mots crois\u00e9s, dont les r\u00e9ponses se trouvent au dos du cahier d'exercices.<\/p>\n<p>C'est un outil id\u00e9al pour une \u00e9tude biblique \u00e0 la maison, pour l'\u00e9cole du dimanche ou pour un camp biblique.<\/p>\n<p>Nombre de pages : 64<br \/>\nISBN : 9781890082819<\/p>","protected":false},"excerpt":{"rendered":"<p>Dieses Arbeitsbuch ist eine unverzichtbare Erg\u00e4nzung zu \u201eAlles, was die Propheten gesagt haben\u201c. Es bietet eine einfache M\u00f6glichkeit, den Lernstoff zu wiederholen, der gerade studiert wird. Wenn Ihren Sch\u00fclern etwas nicht klar ist, werden Sie es mit Hilfe des Arbeitsbuchs herausfinden. Jedes Kapitel korrespondiert mit den Kapiteln in \u201eAlle Propheten\u201c und stellt Fragen, die darauf [&hellip;]<\/p>\n","protected":false},"featured_media":837,"comment_status":"closed","ping_status":"closed","template":"","meta":{"_acf_changed":false,"_glsr_average":0,"_glsr_ranking":0,"_glsr_reviews":0},"product_brand":[111],"product_cat":[76,18,49],"product_tag":[53],"giftcard-category":[],"class_list":{"0":"post-836","1":"product","2":"type-product","3":"status-publish","4":"has-post-thumbnail","6":"product_brand-alles-was-die-propheten-verheissen-haben","7":"product_cat-englisch","8":"product_cat-evangelisation_nachfolge","9":"product_cat-islamische-weltanschauung","10":"product_tag-english","12":"first","13":"instock","14":"taxable","15":"shipping-taxable","16":"purchasable","17":"product-type-simple"},"acf":[],"_links":{"self":[{"href":"https:\/\/eu.goodseed.com\/fr\/wp-json\/wp\/v2\/product\/836","targetHints":{"allow":["GET"]}}],"collection":[{"href":"https:\/\/eu.goodseed.com\/fr\/wp-json\/wp\/v2\/product"}],"about":[{"href":"https:\/\/eu.goodseed.com\/fr\/wp-json\/wp\/v2\/types\/product"}],"replies":[{"embeddable":true,"href":"https:\/\/eu.goodseed.com\/fr\/wp-json\/wp\/v2\/comments?post=836"}],"wp:featuredmedia":[{"embeddable":true,"href":"https:\/\/eu.goodseed.com\/fr\/wp-json\/wp\/v2\/media\/837"}],"wp:attachment":[{"href":"https:\/\/eu.goodseed.com\/fr\/wp-json\/wp\/v2\/media?parent=836"}],"wp:term":[{"taxonomy":"product_brand","embeddable":true,"href":"https:\/\/eu.goodseed.com\/fr\/wp-json\/wp\/v2\/product_brand?post=836"},{"taxonomy":"product_cat","embeddable":true,"href":"https:\/\/eu.goodseed.com\/fr\/wp-json\/wp\/v2\/product_cat?post=836"},{"taxonomy":"product_tag","embeddable":true,"href":"https:\/\/eu.goodseed.com\/fr\/wp-json\/wp\/v2\/product_tag?post=836"},{"taxonomy":"giftcard-category","embeddable":true,"href":"https:\/\/eu.goodseed.com\/fr\/wp-json\/wp\/v2\/giftcard-category?post=836"}],"curies":[{"name":"wp","href":"https:\/\/api.w.org\/{rel}","templated":true}]}}