{"id":801,"date":"2025-04-29T05:23:04","date_gmt":"2025-04-29T05:23:04","guid":{"rendered":"https:\/\/eu.goodseed.com\/?post_type=product&#038;p=801"},"modified":"2025-12-05T01:29:16","modified_gmt":"2025-12-05T01:29:16","slug":"by-this-name-thai","status":"publish","type":"product","link":"https:\/\/eu.goodseed.com\/fr\/product\/by-this-name-thai\/","title":{"rendered":"Unter diesem Namen (Thai)"},"content":{"rendered":"<div>\n<ul>\n<li><strong>Kaufen Sie 12 oder mehr <\/strong>et obtenez <strong>10% R\u00e9duction<\/strong><\/li>\n<\/ul>\n<\/div>\n<p>Dies ist die thail\u00e4ndische Ausgabe von &#8222;<a title=\"Par ce nom\" href=\"https:\/\/ca.goodseed.com\/by-this-name-english\/\">Par ce nom<\/a>.&#8220; Es handelt sich um spiralgebundene B\u00fccher, die nicht genau wie abgebildet sind.<\/p>\n<p>Ce qui suit est la description de l'\u00e9dition anglaise :<\/p>\n<p>On vous a peut-\u00eatre dit : \u201eJe suis heureux que vous ayez trouv\u00e9 votre chemin vers Dieu, mais chacun le trouve dans d'autres endroits et dans d'autres religions\u201c. Alors, comment partagez-vous l'\u00c9vangile avec quelqu'un qui croit que Dieu est pr\u00e9sent dans toute la nature ? Que dire si votre ami se repr\u00e9sente \u201eDieu\u201c comme une force ou une \u00e9nergie spirituelle plut\u00f4t que comme une personne ? Comment pouvez-vous partager la bonne nouvelle de J\u00e9sus-Christ dans un monde o\u00f9 la \u201espiritualit\u00e9\u201c est devenue populaire et o\u00f9 la connaissance de Dieu a quasiment disparu ? M\u00eame le monde occidental a \u00e9t\u00e9 influenc\u00e9 par des cultures qui croient en de nombreux dieux.<\/p>\n<p>\"By This Name\" explique le message central de la Bible aux personnes qui n'ont aucune id\u00e9e de ce qu'est la Bible. En se basant sur la structure de l'\u00c9vangile de Jean, le livre distingue clairement le Dieu de la Bible de tous les autres dieux. Il \u00e9tablit l'autorit\u00e9 des \u00c9critures et compare prudemment la vision biblique du monde avec les visions orientales. Il relie des histoires cl\u00e9s de l'Ancien et du Nouveau Testament pour r\u00e9v\u00e9ler l'identit\u00e9 de Dieu et la nature du p\u00e9ch\u00e9, dans le but de r\u00e9pondre \u00e0 deux questions : \"Qui est J\u00e9sus ?\" et \"Quel est le rapport avec l'histoire de la croix et du tombeau ?\". Ce livre aide les gens \u00e0 comprendre de quoi il est question dans la Bible en g\u00e9n\u00e9ral.<\/p>\n<p>\"By This Name\" suit une structure chronologique similaire \u00e0 celle de \"The Stranger on the Road to Emmaus\", mais se distingue \u00e0 60% par son contenu.<\/p>\n<h4><strong>Caract\u00e9ristiques<\/strong><\/h4>\n<ul>\n<li><strong>\u00c9crit pour les adultes et les jeunes :<\/strong> Le livre s'adresse aux adultes et aux jeunes.<\/li>\n<li><strong>Hypoth\u00e8ses :<\/strong> Pr\u00e9suppose que les lecteurs ont peu ou pas de connaissances de la Bible.<\/li>\n<li><strong>Vision orientale du monde :<\/strong> Se penche sur une pens\u00e9e postmoderne, postchr\u00e9tienne et s\u00e9culi\u00e8re. Aborde \u00e9galement les questions soulev\u00e9es par le polyth\u00e9isme, le panth\u00e9isme, l'animisme, l'agnosticisme et l'ath\u00e9isme.<\/li>\n<li><strong>Chronologiquement :<\/strong> Commence par la cr\u00e9ation de l'univers, puis passe successivement aux histoires cl\u00e9s de l'Ancien Testament pour arriver au Nouveau Testament et d\u00e9voiler la signification de la croix et du tombeau. L'histoire principale de la Bible est rassembl\u00e9e en un drame universel et inclusif. Suit la m\u00eame trame que \"L'\u00e9tranger sur le chemin d'Emma\u00fcs\", mais en diff\u00e8re \u00e0 60%.<\/li>\n<li><strong>Bas\u00e9 sur l'\u00e9vangile de Jean :<\/strong> Utilise l'\u00e9vangile de Jean comme mod\u00e8le, mais fournit en m\u00eame temps les histoires de fond n\u00e9cessaires pour donner un contexte \u00e0 l'\u00e9vangile. Il part du principe que le lecteur conna\u00eet peu ou pas du tout la Bible.<\/li>\n<li><strong>Met en avant le Dieu de la Bible :<\/strong> R\u00e9ponds \u00e0 la question : \"Qu'est-ce qui rend votre livre sacr\u00e9 meilleur que le mien ?\" \"Par ce nom\" \u00e9voque ce qui distingue le Dieu de la Bible de tous les autres dieux ou esprits.<\/li>\n<li><strong>Lib\u00e9ration de la Bible des traditions religieuses :<\/strong> Le lecteur apprend \u00e0 conna\u00eetre la Bible sans le contexte religieux.<\/li>\n<li><strong>Objectif :<\/strong> La Bible peut parler d'elle-m\u00eame en pr\u00e9sentant la bonne nouvelle du Seigneur J\u00e9sus-Christ. Il n'y a pas d'incitation \u00e0 la foi. Le message est pr\u00e9sent\u00e9 de mani\u00e8re objective ; la d\u00e9cision de croire ou non est laiss\u00e9e au lecteur.<\/li>\n<li><strong>Versets bibliques :<\/strong> Racont\u00e9 comme une histoire, 1570 versets bibliques sont tiss\u00e9s dans le texte. Le lecteur se confronte lui-m\u00eame au texte de la Bible.<\/li>\n<li><strong>Illustr\u00e9 :<\/strong> Plus de 100 dessins, cartes et diagrammes aident \u00e0 expliquer l'histoire.<\/li>\n<li><strong>Con\u00e7u pour \u00eatre offert :<\/strong> Le livre peut \u00eatre transmis comme un trait\u00e9 d'\u00e9vangile. Les lecteurs peuvent ainsi faire l'exp\u00e9rience du message de la Bible par eux-m\u00eames.<\/li>\n<\/ul>\n<p>Seitenzahl: 443<br \/>\nISBN: 9781927429068<\/p>","protected":false},"excerpt":{"rendered":"<p>Tarification en vrac :<\/p>\n<p>Ci-dessous, les taux de remise en vrac disponibles pour chaque article individuel lorsque vous achetez un certain montant.<\/p>\n<ul>\n<li>Achetez 12 ou plus et obtenez 10% de r\u00e9duction<\/li>\n<\/ul>","protected":false},"featured_media":802,"comment_status":"closed","ping_status":"closed","template":"","meta":{"_acf_changed":false,"_glsr_average":0,"_glsr_ranking":0,"_glsr_reviews":0},"product_brand":[109],"product_cat":[18,50,95],"product_tag":[],"giftcard-category":[],"class_list":{"0":"post-801","1":"product","2":"type-product","3":"status-publish","4":"has-post-thumbnail","6":"product_brand-der-versprochene-unter-diesem-namen","7":"product_cat-evangelisation_nachfolge","8":"product_cat-fernostliche-weltanschauung","9":"product_cat-thailaendisch","11":"first","12":"instock","13":"taxable","14":"shipping-taxable","15":"purchasable","16":"product-type-simple"},"acf":[],"_links":{"self":[{"href":"https:\/\/eu.goodseed.com\/fr\/wp-json\/wp\/v2\/product\/801","targetHints":{"allow":["GET"]}}],"collection":[{"href":"https:\/\/eu.goodseed.com\/fr\/wp-json\/wp\/v2\/product"}],"about":[{"href":"https:\/\/eu.goodseed.com\/fr\/wp-json\/wp\/v2\/types\/product"}],"replies":[{"embeddable":true,"href":"https:\/\/eu.goodseed.com\/fr\/wp-json\/wp\/v2\/comments?post=801"}],"wp:featuredmedia":[{"embeddable":true,"href":"https:\/\/eu.goodseed.com\/fr\/wp-json\/wp\/v2\/media\/802"}],"wp:attachment":[{"href":"https:\/\/eu.goodseed.com\/fr\/wp-json\/wp\/v2\/media?parent=801"}],"wp:term":[{"taxonomy":"product_brand","embeddable":true,"href":"https:\/\/eu.goodseed.com\/fr\/wp-json\/wp\/v2\/product_brand?post=801"},{"taxonomy":"product_cat","embeddable":true,"href":"https:\/\/eu.goodseed.com\/fr\/wp-json\/wp\/v2\/product_cat?post=801"},{"taxonomy":"product_tag","embeddable":true,"href":"https:\/\/eu.goodseed.com\/fr\/wp-json\/wp\/v2\/product_tag?post=801"},{"taxonomy":"giftcard-category","embeddable":true,"href":"https:\/\/eu.goodseed.com\/fr\/wp-json\/wp\/v2\/giftcard-category?post=801"}],"curies":[{"name":"wp","href":"https:\/\/api.w.org\/{rel}","templated":true}]}}